{"id":42876,"date":"2023-07-05T05:16:29","date_gmt":"2023-07-05T05:16:29","guid":{"rendered":"https:\/\/ofm4x4.com\/shop\/bez-kategorii\/wciagarka-grizzly-electric-12-000-lbs-7251-z-lina-syntetyczna-i-hamulcem-pneumatycznym\/"},"modified":"2025-09-24T09:57:14","modified_gmt":"2025-09-24T09:57:14","slug":"wciagarka-grizzly-electric-12-000-lbs-7251-z-lina-syntetyczna-i-hamulcem-pneumatycznym","status":"publish","type":"product","link":"https:\/\/ofm4x4.com\/pl\/shop\/wciagarki-elektryczne\/wciagarka-grizzly-electric-12-000-lbs-7251-z-lina-syntetyczna-i-hamulcem-pneumatycznym\/","title":{"rendered":"Wci\u0105garka Grizzly Electric 12.000 lbs 72,5:1 z lin\u0105 syntetyczn\u0105 i hamulcem pneumatycznym"},"content":{"rendered":"<p data-start=\"0\" data-end=\"110\"><strong data-start=\"0\" data-end=\"108\">Wci\u0105garka elektryczna 12 000 funt\u00f3w 72,5:1 Wci\u0105garka Grizzly z syntetyczn\u0105 lin\u0105 i hamulcem pneumatycznym<\/strong><\/p>\n<ul data-start=\"112\" data-end=\"596\" data-is-only-node=\"\" data-is-last-node=\"\">\n<li data-start=\"112\" data-end=\"158\"><strong data-start=\"114\" data-end=\"134\">Zdolno\u015b\u0107 holowania:<\/strong> 12 000 funt\u00f3w (5 454 kg)<\/li>\n<li data-start=\"159\" data-end=\"196\"><strong data-start=\"161\" data-end=\"171\">Silnik:<\/strong> 7,2 KM, 5,4 kW, 12 V DC<\/li>\n<li data-start=\"197\" data-end=\"223\"><strong data-start=\"199\" data-end=\"214\">Prze\u0142o\u017cenie:<\/strong> 72,5:1<\/li>\n<li data-start=\"224\" data-end=\"268\"><strong data-start=\"226\" data-end=\"243\">Skrzynia bieg\u00f3w:<\/strong> 2-stopniowa przek\u0142adnia planetarna<\/li>\n<li data-start=\"269\" data-end=\"308\"><strong data-start=\"271\" data-end=\"282\">Sprz\u0119g\u0142o:<\/strong> r\u0119czne w\u0142\u0105czanie\/wy\u0142\u0105czanie<\/li>\n<li data-start=\"309\" data-end=\"333\"><strong data-start=\"311\" data-end=\"321\">Hamulec:<\/strong> Hamulec pneumatyczny<\/li>\n<li data-start=\"334\" data-end=\"374\"><strong data-start=\"336\" data-end=\"349\">P\u0142oza:<\/strong> Aluminium Hawse (czarny)<\/li>\n<li data-start=\"375\" data-end=\"418\"><strong data-start=\"377\" data-end=\"396\">Lina syntetyczna:<\/strong> 9,5 mm x 24 m (czerwona)<\/li>\n<li data-start=\"419\" data-end=\"452\"><strong data-start=\"421\" data-end=\"435\">Rozmiar b\u0119bna:<\/strong> 64 mm x 224 mm<\/li>\n<li data-start=\"453\" data-end=\"497\"><strong data-start=\"455\" data-end=\"470\">Wymiary:<\/strong> 623 mm x 174 mm x 222 mm<\/li>\n<li data-start=\"498\" data-end=\"546\"><strong data-start=\"500\" data-end=\"526\">Rozstaw \u015brub monta\u017cowych:<\/strong> 254 mm x 114,3 mm<\/li>\n<li data-start=\"547\" data-end=\"568\"><strong data-start=\"549\" data-end=\"560\">Waga:<\/strong> 38 kg<\/li>\n<li data-start=\"569\" data-end=\"596\" data-is-last-node=\"\"><strong data-start=\"571\" data-end=\"584\">Gwarancja:<\/strong> 24 miesi\u0105ce<\/li>\n<\/ul>\n<p>&nbsp;<\/p>\n","protected":false},"excerpt":{"rendered":"<p><strong data-start=\"0\" data-end=\"108\">Wci\u0105garka elektryczna 12 000 funt\u00f3w 72,5:1 Wci\u0105garka Grizzly z lin\u0105 syntetyczn\u0105 i hamulcem pneumatycznym<\/strong><\/p>\n","protected":false},"featured_media":34044,"comment_status":"open","ping_status":"closed","template":"","meta":[],"product_brand":[1308],"product_cat":[4710],"product_tag":[4839,4840,4599,4600,4946,4711],"class_list":{"0":"post-42876","1":"product","2":"type-product","3":"status-publish","4":"has-post-thumbnail","6":"product_brand-grizzly-winch","7":"product_cat-wciagarki-elektryczne","8":"product_tag-12-000-funtow","9":"product_tag-72-51","10":"product_tag-electric-winch","11":"product_tag-grizzly-winch","12":"product_tag-hamulec-pneumatyczny","13":"product_tag-lina-syntetyczna","14":"product_shipping_class-alte-produse","16":"first","17":"instock","18":"taxable","19":"shipping-taxable","20":"purchasable","21":"product-type-simple"},"_links":{"self":[{"href":"https:\/\/ofm4x4.com\/pl\/wp-json\/wp\/v2\/product\/42876","targetHints":{"allow":["GET"]}}],"collection":[{"href":"https:\/\/ofm4x4.com\/pl\/wp-json\/wp\/v2\/product"}],"about":[{"href":"https:\/\/ofm4x4.com\/pl\/wp-json\/wp\/v2\/types\/product"}],"replies":[{"embeddable":true,"href":"https:\/\/ofm4x4.com\/pl\/wp-json\/wp\/v2\/comments?post=42876"}],"version-history":[{"count":1,"href":"https:\/\/ofm4x4.com\/pl\/wp-json\/wp\/v2\/product\/42876\/revisions"}],"predecessor-version":[{"id":42901,"href":"https:\/\/ofm4x4.com\/pl\/wp-json\/wp\/v2\/product\/42876\/revisions\/42901"}],"wp:featuredmedia":[{"embeddable":true,"href":"https:\/\/ofm4x4.com\/pl\/wp-json\/wp\/v2\/media\/34044"}],"wp:attachment":[{"href":"https:\/\/ofm4x4.com\/pl\/wp-json\/wp\/v2\/media?parent=42876"}],"wp:term":[{"taxonomy":"product_brand","embeddable":true,"href":"https:\/\/ofm4x4.com\/pl\/wp-json\/wp\/v2\/product_brand?post=42876"},{"taxonomy":"product_cat","embeddable":true,"href":"https:\/\/ofm4x4.com\/pl\/wp-json\/wp\/v2\/product_cat?post=42876"},{"taxonomy":"product_tag","embeddable":true,"href":"https:\/\/ofm4x4.com\/pl\/wp-json\/wp\/v2\/product_tag?post=42876"}],"curies":[{"name":"wp","href":"https:\/\/api.w.org\/{rel}","templated":true}]}}