{"id":42957,"date":"2022-08-24T11:13:22","date_gmt":"2022-08-24T11:13:22","guid":{"rendered":"https:\/\/ofm4x4.com\/shop\/bez-kategorii\/blokada-mechanizmu-roznicowego-tre-4x4-tylnej-osi-tr102-jeep\/"},"modified":"2025-09-24T09:57:25","modified_gmt":"2025-09-24T09:57:25","slug":"blokada-mechanizmu-roznicowego-tre-4x4-tylnej-osi-tr102-jeep","status":"publish","type":"product","link":"https:\/\/ofm4x4.com\/pl\/shop\/mechanizm-roznicowy-z-blokada\/blokada-mechanizmu-roznicowego-tre-4x4-tylnej-osi-tr102-jeep\/","title":{"rendered":"Blokada mechanizmu r\u00f3\u017cnicowego TRE 4&#215;4 tylnej osi TR102 Jeep"},"content":{"rendered":"<h3 data-start=\"0\" data-end=\"27\"><strong data-start=\"4\" data-end=\"25\">12-miesi\u0119czna gwarancja<\/strong><\/h3>\n<p data-start=\"29\" data-end=\"144\">Mo\u017cesz sprawdzi\u0107 katalog z blokowanymi mechanizmami r\u00f3\u017cnicowymi pod k\u0105tem kompatybilno\u015bci: <strong data-start=\"101\" data-end=\"142\">Katalog mechanizm\u00f3w r\u00f3\u017cnicowych z blokad\u0105 TRE 4&#215;4<\/strong><\/p>\n<p data-start=\"146\" data-end=\"170\"><strong data-start=\"146\" data-end=\"168\">Kompatybilne modele:<\/strong><\/p>\n<ul data-start=\"171\" data-end=\"331\">\n<li data-start=\"171\" data-end=\"198\">1965 &#8211; 1986 Wrangler CJ<\/li>\n<li data-start=\"199\" data-end=\"235\">1993 &#8211; 1998 Grand Cherokee ZJ-ZG<\/li>\n<li data-start=\"236\" data-end=\"272\">1999 &#8211; 2004 Grand Cherokee WJ-WG<\/li>\n<li data-start=\"273\" data-end=\"300\">1984 &#8211; 2001 Cherokee XJ<\/li>\n<li data-start=\"301\" data-end=\"331\">1997 &#8211; 2006 Wrangler TJ-LJ<\/li>\n<\/ul>\n<p data-start=\"333\" data-end=\"421\">Do obs\u0142ugi blokady mechanizmu r\u00f3\u017cnicowego potrzebna jest r\u00f3wnie\u017c <strong data-start=\"388\" data-end=\"418\">spr\u0119\u017carka powietrza TRE 4&#215;4 12V<\/strong>.<\/p>\n<ul>\n<li data-start=\"423\" data-end=\"481\">Spliny: 27<\/li>\n<li data-start=\"423\" data-end=\"481\">Osie: Dana 35, 27<\/li>\n<li data-start=\"423\" data-end=\"481\">Wsp\u00f3\u0142czynniki: 3,54 i wy\u017csze<\/li>\n<\/ul>\n<p data-start=\"483\" data-end=\"596\">Zaleca si\u0119 monta\u017c cz\u0119\u015bci w wyspecjalizowanym serwisie 4&#215;4; w przeciwnym razie istnieje ryzyko uszkodzenia produkt\u00f3w.<\/p>\n<ul>\n<li data-start=\"598\" data-end=\"1168\">Zapewnia 100% przyczepno\u015bci na \u017c\u0105danie<\/li>\n<li data-start=\"598\" data-end=\"1168\">Za\u0142\u0105czanie odbywa si\u0119 za pomoc\u0105 <strong data-start=\"659\" data-end=\"681\">kompresora TRE 4&#215;4<\/strong><\/li>\n<li data-start=\"598\" data-end=\"1168\">Zwi\u0119kszona pr\u0119dko\u015b\u0107 trakcji<\/li>\n<li data-start=\"598\" data-end=\"1168\">Prosta i wygodna obs\u0142uga pozwala u\u017cytkownikowi skupi\u0107 si\u0119 na terenie bez opuszczania wygodnego i bezpiecznego fotela kierowcy.<\/li>\n<li data-start=\"598\" data-end=\"1168\">Niezwyk\u0142a trwa\u0142o\u015b\u0107 i wytrzyma\u0142o\u015b\u0107 &#8211; do produkcji u\u017cyto wy\u0142\u0105cznie materia\u0142\u00f3w najwy\u017cszej jako\u015bci<\/li>\n<li data-start=\"598\" data-end=\"1168\">Niezwykle prosta i wydajna konstrukcja, zapewniaj\u0105ca maksymaln\u0105 niezawodno\u015b\u0107<\/li>\n<li data-start=\"598\" data-end=\"1168\">Konstrukcja sprawdzona i niezawodna w ponad 80 krajach na ca\u0142ym \u015bwiecie<\/li>\n<li data-start=\"598\" data-end=\"1168\">Blokowane mechanizmy r\u00f3\u017cnicowe dost\u0119pne z <strong data-start=\"1118\" data-end=\"1136\">przodu i z ty\u0142u<\/strong> dla wi\u0119kszo\u015bci modeli <strong data-start=\"1146\" data-end=\"1161\">4WD i 2WD<\/strong>.<\/li>\n<\/ul>\n","protected":false},"excerpt":{"rendered":"<p><strong>TR102<\/strong> Jeep<\/p>\n<p>Blokada mechanizmu r\u00f3\u017cnicowego TRE 4&#215;4 tylna o\u015b<\/p>\n","protected":false},"featured_media":33924,"comment_status":"open","ping_status":"closed","template":"","meta":[],"product_brand":[1233],"product_cat":[4573],"product_tag":[4874,4590,4585,4949,4577],"class_list":{"0":"post-42957","1":"product","2":"type-product","3":"status-publish","4":"has-post-thumbnail","6":"product_brand-tre-4x4","7":"product_cat-mechanizm-roznicowy-z-blokada","8":"product_tag-blokada-mechanizmu-roznicowego","9":"product_tag-jeep","10":"product_tag-rear-axle","11":"product_tag-tr102","12":"product_tag-tre-4x4","13":"product_shipping_class-alte-produse","15":"first","16":"outofstock","17":"taxable","18":"shipping-taxable","19":"purchasable","20":"product-type-simple"},"_links":{"self":[{"href":"https:\/\/ofm4x4.com\/pl\/wp-json\/wp\/v2\/product\/42957","targetHints":{"allow":["GET"]}}],"collection":[{"href":"https:\/\/ofm4x4.com\/pl\/wp-json\/wp\/v2\/product"}],"about":[{"href":"https:\/\/ofm4x4.com\/pl\/wp-json\/wp\/v2\/types\/product"}],"replies":[{"embeddable":true,"href":"https:\/\/ofm4x4.com\/pl\/wp-json\/wp\/v2\/comments?post=42957"}],"version-history":[{"count":1,"href":"https:\/\/ofm4x4.com\/pl\/wp-json\/wp\/v2\/product\/42957\/revisions"}],"predecessor-version":[{"id":42961,"href":"https:\/\/ofm4x4.com\/pl\/wp-json\/wp\/v2\/product\/42957\/revisions\/42961"}],"wp:featuredmedia":[{"embeddable":true,"href":"https:\/\/ofm4x4.com\/pl\/wp-json\/wp\/v2\/media\/33924"}],"wp:attachment":[{"href":"https:\/\/ofm4x4.com\/pl\/wp-json\/wp\/v2\/media?parent=42957"}],"wp:term":[{"taxonomy":"product_brand","embeddable":true,"href":"https:\/\/ofm4x4.com\/pl\/wp-json\/wp\/v2\/product_brand?post=42957"},{"taxonomy":"product_cat","embeddable":true,"href":"https:\/\/ofm4x4.com\/pl\/wp-json\/wp\/v2\/product_cat?post=42957"},{"taxonomy":"product_tag","embeddable":true,"href":"https:\/\/ofm4x4.com\/pl\/wp-json\/wp\/v2\/product_tag?post=42957"}],"curies":[{"name":"wp","href":"https:\/\/api.w.org\/{rel}","templated":true}]}}