{"id":42971,"date":"2022-08-24T11:02:36","date_gmt":"2022-08-24T11:02:36","guid":{"rendered":"https:\/\/ofm4x4.com\/shop\/bez-kategorii\/blokada-mechanizmu-roznicowego-tre-4x4-tylna-os-tr101-jeep\/"},"modified":"2025-09-24T09:57:28","modified_gmt":"2025-09-24T09:57:28","slug":"blokada-mechanizmu-roznicowego-tre-4x4-tylna-os-tr101-jeep","status":"publish","type":"product","link":"https:\/\/ofm4x4.com\/pl\/shop\/mechanizm-roznicowy-z-blokada\/blokada-mechanizmu-roznicowego-tre-4x4-tylna-os-tr101-jeep\/","title":{"rendered":"Blokada mechanizmu r\u00f3\u017cnicowego TRE 4&#215;4 tylna o\u015b TR101 Jeep"},"content":{"rendered":"<h3 data-start=\"0\" data-end=\"27\"><strong data-start=\"4\" data-end=\"25\">12-miesi\u0119czna gwarancja<\/strong><\/h3>\n<p data-start=\"29\" data-end=\"144\">Mo\u017cesz sprawdzi\u0107 katalog z blokowanymi mechanizmami r\u00f3\u017cnicowymi pod k\u0105tem kompatybilno\u015bci: <strong data-start=\"101\" data-end=\"142\">Katalog mechanizm\u00f3w r\u00f3\u017cnicowych z blokad\u0105 TRE 4&#215;4<\/strong><\/p>\n<p data-start=\"146\" data-end=\"170\"><strong data-start=\"146\" data-end=\"168\">Kompatybilne modele:<\/strong><\/p>\n<ul data-start=\"171\" data-end=\"314\">\n<li data-start=\"171\" data-end=\"203\">1984 &#8211; 2001 Jeep Cherokee XJ<\/li>\n<li data-start=\"204\" data-end=\"239\">1997 &#8211; 2006 Jeep Wrangler TJ-LJ<\/li>\n<li data-start=\"240\" data-end=\"281\">1993 &#8211; 1998 Jeep Grand Cherokee ZJ-ZG<\/li>\n<li data-start=\"282\" data-end=\"314\">1965 &#8211; 1986 Jeep Wrangler CJ<\/li>\n<\/ul>\n<p data-start=\"316\" data-end=\"404\">Do obs\u0142ugi blokady mechanizmu r\u00f3\u017cnicowego potrzebna jest r\u00f3wnie\u017c <strong data-start=\"371\" data-end=\"401\">spr\u0119\u017carka powietrza TRE 4&#215;4 12V<\/strong>.<\/p>\n<ul>\n<li data-start=\"406\" data-end=\"464\">Spliny: 27<\/li>\n<li data-start=\"406\" data-end=\"464\">Osie: Dana 35, 27<\/li>\n<li data-start=\"406\" data-end=\"464\">Wsp\u00f3\u0142czynniki: 3,54 i wy\u017csze<\/li>\n<\/ul>\n<p data-start=\"466\" data-end=\"579\">Zaleca si\u0119 monta\u017c cz\u0119\u015bci w wyspecjalizowanym serwisie 4&#215;4; w przeciwnym razie istnieje ryzyko uszkodzenia produkt\u00f3w.<\/p>\n<ul>\n<li data-start=\"581\" data-end=\"1151\">Zapewnia 100% przyczepno\u015bci na \u017c\u0105danie<\/li>\n<li data-start=\"581\" data-end=\"1151\">Za\u0142\u0105czanie odbywa si\u0119 za pomoc\u0105 <strong data-start=\"642\" data-end=\"664\">kompresora TRE 4&#215;4<\/strong><\/li>\n<li data-start=\"581\" data-end=\"1151\">Zwi\u0119kszona pr\u0119dko\u015b\u0107 trakcji<\/li>\n<li data-start=\"581\" data-end=\"1151\">Prosta i wygodna obs\u0142uga pozwala u\u017cytkownikowi skupi\u0107 si\u0119 na terenie bez opuszczania wygodnego i bezpiecznego fotela kierowcy.<\/li>\n<li data-start=\"581\" data-end=\"1151\">Niezwyk\u0142a trwa\u0142o\u015b\u0107 i wytrzyma\u0142o\u015b\u0107 &#8211; do produkcji u\u017cyto wy\u0142\u0105cznie materia\u0142\u00f3w najwy\u017cszej jako\u015bci<\/li>\n<li data-start=\"581\" data-end=\"1151\">Niezwykle prosta i wydajna konstrukcja, zapewniaj\u0105ca maksymaln\u0105 niezawodno\u015b\u0107<\/li>\n<li data-start=\"581\" data-end=\"1151\">Konstrukcja sprawdzona i niezawodna w ponad 80 krajach na ca\u0142ym \u015bwiecie<\/li>\n<li data-start=\"581\" data-end=\"1151\">Blokowane mechanizmy r\u00f3\u017cnicowe dost\u0119pne z <strong data-start=\"1101\" data-end=\"1119\">przodu i z ty\u0142u<\/strong> dla wi\u0119kszo\u015bci modeli <strong data-start=\"1129\" data-end=\"1144\">4WD i 2WD<\/strong>.<\/li>\n<\/ul>\n","protected":false},"excerpt":{"rendered":"<p><strong>TR101<\/strong> Jeep<\/p>\n<p>Blokada mechanizmu r\u00f3\u017cnicowego TRE 4&#215;4 tylna o\u015b<\/p>\n","protected":false},"featured_media":33927,"comment_status":"open","ping_status":"closed","template":"","meta":[],"product_brand":[1233],"product_cat":[4573],"product_tag":[4874,4590,4585,4951,4577],"class_list":{"0":"post-42971","1":"product","2":"type-product","3":"status-publish","4":"has-post-thumbnail","6":"product_brand-tre-4x4","7":"product_cat-mechanizm-roznicowy-z-blokada","8":"product_tag-blokada-mechanizmu-roznicowego","9":"product_tag-jeep","10":"product_tag-rear-axle","11":"product_tag-tr101","12":"product_tag-tre-4x4","13":"product_shipping_class-alte-produse","15":"first","16":"instock","17":"taxable","18":"shipping-taxable","19":"purchasable","20":"product-type-simple"},"_links":{"self":[{"href":"https:\/\/ofm4x4.com\/pl\/wp-json\/wp\/v2\/product\/42971","targetHints":{"allow":["GET"]}}],"collection":[{"href":"https:\/\/ofm4x4.com\/pl\/wp-json\/wp\/v2\/product"}],"about":[{"href":"https:\/\/ofm4x4.com\/pl\/wp-json\/wp\/v2\/types\/product"}],"replies":[{"embeddable":true,"href":"https:\/\/ofm4x4.com\/pl\/wp-json\/wp\/v2\/comments?post=42971"}],"version-history":[{"count":1,"href":"https:\/\/ofm4x4.com\/pl\/wp-json\/wp\/v2\/product\/42971\/revisions"}],"predecessor-version":[{"id":42975,"href":"https:\/\/ofm4x4.com\/pl\/wp-json\/wp\/v2\/product\/42971\/revisions\/42975"}],"wp:featuredmedia":[{"embeddable":true,"href":"https:\/\/ofm4x4.com\/pl\/wp-json\/wp\/v2\/media\/33927"}],"wp:attachment":[{"href":"https:\/\/ofm4x4.com\/pl\/wp-json\/wp\/v2\/media?parent=42971"}],"wp:term":[{"taxonomy":"product_brand","embeddable":true,"href":"https:\/\/ofm4x4.com\/pl\/wp-json\/wp\/v2\/product_brand?post=42971"},{"taxonomy":"product_cat","embeddable":true,"href":"https:\/\/ofm4x4.com\/pl\/wp-json\/wp\/v2\/product_cat?post=42971"},{"taxonomy":"product_tag","embeddable":true,"href":"https:\/\/ofm4x4.com\/pl\/wp-json\/wp\/v2\/product_tag?post=42971"}],"curies":[{"name":"wp","href":"https:\/\/api.w.org\/{rel}","templated":true}]}}