{"id":42992,"date":"2020-04-23T05:42:23","date_gmt":"2020-04-23T05:42:23","guid":{"rendered":"https:\/\/ofm4x4.com\/shop\/bez-kategorii\/felga-stalowa-15x7j-5x139-7-et-25-off-road-do-suzuki-lada-niva-kia\/"},"modified":"2025-09-24T09:57:50","modified_gmt":"2025-09-24T09:57:50","slug":"felga-stalowa-15x7j-5x139-7-et-25-off-road-do-suzuki-lada-niva-kia","status":"publish","type":"product","link":"https:\/\/ofm4x4.com\/pl\/shop\/stalowe-felgi\/felga-stalowa-15x7j-5x139-7-et-25-off-road-do-suzuki-lada-niva-kia\/","title":{"rendered":"Felga stalowa 15x7J 5&#215;139.7 ET -25 Off-road do Suzuki, Lada Niva, Kia"},"content":{"rendered":"<div id=\"\\\" ali-anchor-alimagic-6rxnu8=\"\" class=\"\\\" magic-0=\"\" data-section=\"\\\"AliMagic-6rxnu8\\\"\" data-section-title=\"\\\"Product\" data-spm-anchor-id=\"\\\"a2700.details.pronpeci14.i0.7ae070497Niwca\\\"\">\n<p data-start=\"0\" data-end=\"21\"><strong data-start=\"0\" data-end=\"19\">Specyfikacje:<\/strong><\/p>\n<ul data-start=\"23\" data-end=\"198\">\n<li data-start=\"23\" data-end=\"44\"><strong data-start=\"25\" data-end=\"38\">\u015arednica:<\/strong> R15<\/li>\n<li data-start=\"45\" data-end=\"62\"><strong data-start=\"47\" data-end=\"57\">Szeroko\u015b\u0107:<\/strong> 7J<\/li>\n<li data-start=\"63\" data-end=\"87\"><strong data-start=\"65\" data-end=\"81\">ET (Offset):<\/strong> -25<\/li>\n<li data-start=\"88\" data-end=\"125\"><strong data-start=\"90\" data-end=\"113\">PCD (Bolt Pattern):<\/strong> 5 x 139.7<\/li>\n<li data-start=\"126\" data-end=\"146\"><strong data-start=\"128\" data-end=\"138\">Kolor:<\/strong> czarny<\/li>\n<li data-start=\"147\" data-end=\"176\"><strong data-start=\"149\" data-end=\"170\">CB (Center Bore):<\/strong> 110<\/li>\n<li data-start=\"177\" data-end=\"198\"><strong data-start=\"179\" data-end=\"189\">Model:<\/strong> OFM001<\/li>\n<\/ul>\n<p data-start=\"200\" data-end=\"297\">\u26a0\ufe0f <strong data-start=\"203\" data-end=\"295\">Ko\u0142a te nie s\u0105 zatwierdzone do u\u017cytku na drogach publicznych i nie posiadaj\u0105 certyfikatu RAR.<\/strong><\/p>\n<p data-start=\"299\" data-end=\"352\">S\u0105 one przeznaczone wy\u0142\u0105cznie do <strong data-start=\"333\" data-end=\"349\">u\u017cytku w terenie<\/strong>.<\/p>\n<ul data-start=\"354\" data-end=\"775\">\n<li data-start=\"354\" data-end=\"486\"><strong data-start=\"356\" data-end=\"396\">Stalowe obr\u0119cze k\u00f3\u0142 z tr\u00f3jk\u0105tnymi wyci\u0119ciami<\/strong>, o <strong data-start=\"410\" data-end=\"430\">\u015brednicy 15 cali<\/strong> i <strong data-start=\"435\" data-end=\"451\">szeroko\u015bci 7 cali<\/strong>, przeznaczone do pojazd\u00f3w terenowych.<\/li>\n<li data-start=\"487\" data-end=\"573\">Produkt jest <strong data-start=\"504\" data-end=\"530\">malowany proszkowo na kolor czarny<\/strong>, co zwi\u0119ksza jego odporno\u015b\u0107 na zarysowania.<\/li>\n<li data-start=\"574\" data-end=\"775\">Obr\u0119cz ma <strong data-start=\"595\" data-end=\"616\">ujemny rant<\/strong>, dzi\u0119ki czemu ko\u0142o jest bardziej wysuni\u0119te na zewn\u0105trz wzgl\u0119dem piasty, co zwi\u0119ksza <strong data-start=\"700\" data-end=\"713\">stabilno\u015b\u0107<\/strong> pojazdu i zapewnia <strong data-start=\"727\" data-end=\"774\">wi\u0119kszy prze\u015bwit dla ponadwymiarowych opon terenowych<\/strong>.<\/li>\n<\/ul>\n<p data-start=\"777\" data-end=\"799\"><strong data-start=\"777\" data-end=\"797\">Kompatybilny z:<\/strong><\/p>\n<ul data-start=\"801\" data-end=\"1028\">\n<li data-start=\"801\" data-end=\"855\"><strong data-start=\"803\" data-end=\"814\">Suzuki:<\/strong> Samurai, Jimny, Vitara, Grand Vitara I<\/li>\n<li data-start=\"856\" data-end=\"910\"><strong data-start=\"858\" data-end=\"871\">Lada Niva<\/strong> (CB: 98,5 &#8211; wymaga pier\u015bcienia centruj\u0105cego)<\/li>\n<li data-start=\"911\" data-end=\"969\"><strong data-start=\"913\" data-end=\"930\">Kia Sorento I<\/strong> (CB: 95,3 &#8211; wymaga pier\u015bcienia centruj\u0105cego)<\/li>\n<li data-start=\"970\" data-end=\"1028\"><strong data-start=\"972\" data-end=\"990\">Kia Sportage I<\/strong> (CB: 100 &#8211; wymaga pier\u015bcienia centruj\u0105cego)<\/li>\n<\/ul>\n<p data-start=\"1030\" data-end=\"1208\" data-is-last-node=\"\" data-is-only-node=\"\"><strong data-start=\"1030\" data-end=\"1044\">Uwaga!<\/strong>  W przypadku niekt\u00f3rych modeli pojazd\u00f3w mo\u017ce wyst\u0119powa\u0107 r\u00f3\u017cnica \u015brednicy mi\u0119dzy CB ko\u0142a a piast\u0105 pojazdu, co mo\u017ce wymaga\u0107 zamontowania pier\u015bcieni centruj\u0105cych.<\/p>\n<\/div>\n","protected":false},"excerpt":{"rendered":"<p data-start=\"0\" data-end=\"73\"><strong data-start=\"0\" data-end=\"71\">Felga stalowa 15X7J 5&#215;139.7 ET -25 OFFROAD do Suzuki, Lada Niva, Kia<\/strong><\/p>\n<p data-start=\"75\" data-end=\"172\">\u26a0\ufe0f <strong data-start=\"78\" data-end=\"170\">Ko\u0142a te nie s\u0105 zatwierdzone do u\u017cytku na drogach publicznych i nie posiadaj\u0105 certyfikatu RAR.<\/strong><\/p>\n<p data-start=\"174\" data-end=\"225\" data-is-last-node=\"\" data-is-only-node=\"\">S\u0105 one przeznaczone wy\u0142\u0105cznie do <strong data-start=\"208\" data-end=\"224\">u\u017cytku w terenie<\/strong>.<\/p>\n","protected":false},"featured_media":43003,"comment_status":"open","ping_status":"closed","template":"","meta":[],"product_brand":[1279],"product_cat":[4627],"product_tag":[4695,4956,4630],"class_list":{"0":"post-42992","1":"product","2":"type-product","3":"status-publish","4":"has-post-thumbnail","6":"product_brand-ofm4x4","7":"product_cat-stalowe-felgi","8":"product_tag-15x7j","9":"product_tag-5x139-7-et-25","10":"product_tag-steel-wheel","11":"product_shipping_class-alte-produse","13":"first","14":"outofstock","15":"taxable","16":"shipping-taxable","17":"purchasable","18":"product-type-simple"},"_links":{"self":[{"href":"https:\/\/ofm4x4.com\/pl\/wp-json\/wp\/v2\/product\/42992","targetHints":{"allow":["GET"]}}],"collection":[{"href":"https:\/\/ofm4x4.com\/pl\/wp-json\/wp\/v2\/product"}],"about":[{"href":"https:\/\/ofm4x4.com\/pl\/wp-json\/wp\/v2\/types\/product"}],"replies":[{"embeddable":true,"href":"https:\/\/ofm4x4.com\/pl\/wp-json\/wp\/v2\/comments?post=42992"}],"version-history":[{"count":1,"href":"https:\/\/ofm4x4.com\/pl\/wp-json\/wp\/v2\/product\/42992\/revisions"}],"predecessor-version":[{"id":43004,"href":"https:\/\/ofm4x4.com\/pl\/wp-json\/wp\/v2\/product\/42992\/revisions\/43004"}],"wp:featuredmedia":[{"embeddable":true,"href":"https:\/\/ofm4x4.com\/pl\/wp-json\/wp\/v2\/media\/43003"}],"wp:attachment":[{"href":"https:\/\/ofm4x4.com\/pl\/wp-json\/wp\/v2\/media?parent=42992"}],"wp:term":[{"taxonomy":"product_brand","embeddable":true,"href":"https:\/\/ofm4x4.com\/pl\/wp-json\/wp\/v2\/product_brand?post=42992"},{"taxonomy":"product_cat","embeddable":true,"href":"https:\/\/ofm4x4.com\/pl\/wp-json\/wp\/v2\/product_cat?post=42992"},{"taxonomy":"product_tag","embeddable":true,"href":"https:\/\/ofm4x4.com\/pl\/wp-json\/wp\/v2\/product_tag?post=42992"}],"curies":[{"name":"wp","href":"https:\/\/api.w.org\/{rel}","templated":true}]}}