{"id":43016,"date":"2020-04-23T05:47:04","date_gmt":"2020-04-23T05:47:04","guid":{"rendered":"https:\/\/ofm4x4.com\/shop\/bez-kategorii\/ofm4x4-kolo-pasowe-blokujace-8t\/"},"modified":"2025-09-24T09:57:52","modified_gmt":"2025-09-24T09:57:52","slug":"ofm4x4-kolo-pasowe-blokujace-8t","status":"publish","type":"product","link":"https:\/\/ofm4x4.com\/pl\/shop\/odzyskiwanie\/ofm4x4-kolo-pasowe-blokujace-8t\/","title":{"rendered":"OFM4X4 Ko\u0142o pasowe blokuj\u0105ce 8T"},"content":{"rendered":"<p data-start=\"0\" data-end=\"88\"><strong>OFM4X4 Ko\u0142o pasowe blokuj\u0105ce 8T<\/strong><\/p>\n<p data-start=\"0\" data-end=\"88\">Zblocze podwaja si\u0142\u0119 uci\u0105gu wci\u0105garki, ale zmniejsza pr\u0119dko\u015b\u0107 nawet o <strong>50%<\/strong>.<\/p>\n<ul>\n<li data-start=\"90\" data-end=\"254\">Kompatybilny z lin\u0105 syntetyczn\u0105 lub stalow\u0105 o \u015brednicy od 8 mm do 11 mm.<\/li>\n<li data-start=\"90\" data-end=\"254\">Mo\u017cliwo\u015b\u0107 smarowania w celu wyd\u0142u\u017cenia \u017cywotno\u015bci.<\/li>\n<li data-start=\"90\" data-end=\"254\">Odwracalne p\u0142ytki do szybkiego mocowania na kablu.<\/li>\n<\/ul>\n","protected":false},"excerpt":{"rendered":"<p><strong>OFM4X4<\/strong> Ko\u0142o pasowe blokuj\u0105ce 8T<\/p>\n","protected":false},"featured_media":33987,"comment_status":"open","ping_status":"closed","template":"","meta":[],"product_brand":[1279],"product_cat":[4674],"product_tag":[4959,4675],"class_list":{"0":"post-43016","1":"product","2":"type-product","3":"status-publish","4":"has-post-thumbnail","6":"product_brand-ofm4x4","7":"product_cat-odzyskiwanie","8":"product_tag-kolo-pasowe-8t","9":"product_tag-ofm4x4","10":"product_shipping_class-alte-produse","12":"first","13":"instock","14":"taxable","15":"shipping-taxable","16":"purchasable","17":"product-type-simple"},"_links":{"self":[{"href":"https:\/\/ofm4x4.com\/pl\/wp-json\/wp\/v2\/product\/43016","targetHints":{"allow":["GET"]}}],"collection":[{"href":"https:\/\/ofm4x4.com\/pl\/wp-json\/wp\/v2\/product"}],"about":[{"href":"https:\/\/ofm4x4.com\/pl\/wp-json\/wp\/v2\/types\/product"}],"replies":[{"embeddable":true,"href":"https:\/\/ofm4x4.com\/pl\/wp-json\/wp\/v2\/comments?post=43016"}],"version-history":[{"count":1,"href":"https:\/\/ofm4x4.com\/pl\/wp-json\/wp\/v2\/product\/43016\/revisions"}],"predecessor-version":[{"id":43020,"href":"https:\/\/ofm4x4.com\/pl\/wp-json\/wp\/v2\/product\/43016\/revisions\/43020"}],"wp:featuredmedia":[{"embeddable":true,"href":"https:\/\/ofm4x4.com\/pl\/wp-json\/wp\/v2\/media\/33987"}],"wp:attachment":[{"href":"https:\/\/ofm4x4.com\/pl\/wp-json\/wp\/v2\/media?parent=43016"}],"wp:term":[{"taxonomy":"product_brand","embeddable":true,"href":"https:\/\/ofm4x4.com\/pl\/wp-json\/wp\/v2\/product_brand?post=43016"},{"taxonomy":"product_cat","embeddable":true,"href":"https:\/\/ofm4x4.com\/pl\/wp-json\/wp\/v2\/product_cat?post=43016"},{"taxonomy":"product_tag","embeddable":true,"href":"https:\/\/ofm4x4.com\/pl\/wp-json\/wp\/v2\/product_tag?post=43016"}],"curies":[{"name":"wp","href":"https:\/\/api.w.org\/{rel}","templated":true}]}}