{"id":43035,"date":"2020-04-22T05:56:03","date_gmt":"2020-04-22T05:56:03","guid":{"rendered":"https:\/\/ofm4x4.com\/shop\/bez-kategorii\/ofm4x4-tasma-do-ochrony-drzew-75cm-x-3m-12t\/"},"modified":"2025-09-24T09:58:01","modified_gmt":"2025-09-24T09:58:01","slug":"ofm4x4-tasma-do-ochrony-drzew-75cm-x-3m-12t","status":"publish","type":"product","link":"https:\/\/ofm4x4.com\/pl\/shop\/odzyskiwanie\/ofm4x4-tasma-do-ochrony-drzew-75cm-x-3m-12t\/","title":{"rendered":"OFM4X4 Ta\u015bma do ochrony drzew 7,5cm x 3m 12T"},"content":{"rendered":"<p><strong>OFM4X4<\/strong> Ta\u015bma do ochrony drzew 7,5cm x 3m 12T<\/p>\n<ul>\n<li>Kolor: czerwony<\/li>\n<li>D\u0142ugo\u015b\u0107: 3M<\/li>\n<li>Szeroko\u015b\u0107: 7,5 cm<\/li>\n<li>Maksymalne obci\u0105\u017cenie: 12 ton<\/li>\n<\/ul>\n","protected":false},"excerpt":{"rendered":"<p><strong>OFM4X4<\/strong> Ta\u015bma do ochrony drzew 7,5cm x 3m 12T<\/p>\n","protected":false},"featured_media":34016,"comment_status":"open","ping_status":"closed","template":"","meta":[],"product_brand":[1279],"product_cat":[4674],"product_tag":[4962,4675,4767],"class_list":{"0":"post-43035","1":"product","2":"type-product","3":"status-publish","4":"has-post-thumbnail","6":"product_brand-ofm4x4","7":"product_cat-odzyskiwanie","8":"product_tag-75cm-x-3m-12t","9":"product_tag-ofm4x4","10":"product_tag-pasek-do-oszczedzania-drzewa","11":"product_shipping_class-alte-produse","13":"first","14":"instock","15":"taxable","16":"shipping-taxable","17":"purchasable","18":"product-type-simple"},"_links":{"self":[{"href":"https:\/\/ofm4x4.com\/pl\/wp-json\/wp\/v2\/product\/43035","targetHints":{"allow":["GET"]}}],"collection":[{"href":"https:\/\/ofm4x4.com\/pl\/wp-json\/wp\/v2\/product"}],"about":[{"href":"https:\/\/ofm4x4.com\/pl\/wp-json\/wp\/v2\/types\/product"}],"replies":[{"embeddable":true,"href":"https:\/\/ofm4x4.com\/pl\/wp-json\/wp\/v2\/comments?post=43035"}],"version-history":[{"count":1,"href":"https:\/\/ofm4x4.com\/pl\/wp-json\/wp\/v2\/product\/43035\/revisions"}],"predecessor-version":[{"id":43045,"href":"https:\/\/ofm4x4.com\/pl\/wp-json\/wp\/v2\/product\/43035\/revisions\/43045"}],"wp:featuredmedia":[{"embeddable":true,"href":"https:\/\/ofm4x4.com\/pl\/wp-json\/wp\/v2\/media\/34016"}],"wp:attachment":[{"href":"https:\/\/ofm4x4.com\/pl\/wp-json\/wp\/v2\/media?parent=43035"}],"wp:term":[{"taxonomy":"product_brand","embeddable":true,"href":"https:\/\/ofm4x4.com\/pl\/wp-json\/wp\/v2\/product_brand?post=43035"},{"taxonomy":"product_cat","embeddable":true,"href":"https:\/\/ofm4x4.com\/pl\/wp-json\/wp\/v2\/product_cat?post=43035"},{"taxonomy":"product_tag","embeddable":true,"href":"https:\/\/ofm4x4.com\/pl\/wp-json\/wp\/v2\/product_tag?post=43035"}],"curies":[{"name":"wp","href":"https:\/\/api.w.org\/{rel}","templated":true}]}}