{"id":43071,"date":"2020-04-22T05:40:27","date_gmt":"2020-04-22T05:40:27","guid":{"rendered":"https:\/\/ofm4x4.com\/shop\/bez-kategorii\/ofm101-kolnierze-dystansowe-30mm-5x139-7-m12x1-5mm-do-daihatsu-rocky-feroza-kia-sportage-i-sorento-i\/"},"modified":"2025-10-06T07:37:40","modified_gmt":"2025-10-06T07:37:40","slug":"ofm101-kolnierze-dystansowe-30mm-5x139-7-m12x1-5mm-do-daihatsu-rocky-feroza-kia-sportage-i-sorento-i","status":"publish","type":"product","link":"https:\/\/ofm4x4.com\/pl\/shop\/dystanse-do-kol\/ofm101-kolnierze-dystansowe-30mm-5x139-7-m12x1-5mm-do-daihatsu-rocky-feroza-kia-sportage-i-sorento-i\/","title":{"rendered":"OFM101 Ko\u0142nierze dystansowe 30mm 5&#215;139.7 M12x1.5mm do Daihatsu Rocky, Feroza, Kia Sportage I, Sorento I"},"content":{"rendered":"<p data-start=\"0\" data-end=\"209\">Ko\u0142nierze dystansowe k\u00f3\u0142 s\u0105 wykonane ze specjalnego duraluminium i spe\u0142niaj\u0105 niezb\u0119dne wymogi jako\u015bci i bezpiecze\u0144stwa. Poprawiaj\u0105 stabilno\u015b\u0107 pojazdu po podniesieniu poprzez zamontowanie zawieszenia i wi\u0119kszych k\u00f3\u0142. <\/p>\n<ul>\n<li data-start=\"211\" data-end=\"337\">Pier\u015bcie\u0144 centruj\u0105cy: Nie<\/li>\n<li data-start=\"211\" data-end=\"337\">Grubo\u015b\u0107: 30 mm<\/li>\n<li data-start=\"211\" data-end=\"337\">Mocowanie: M12 x 1,5<\/li>\n<li data-start=\"211\" data-end=\"337\">PCD: 5 x 139,7<\/li>\n<li data-start=\"211\" data-end=\"337\">Materia\u0142: Aluminium<\/li>\n<li data-start=\"211\" data-end=\"337\">CB: 108.1<\/li>\n<li data-start=\"211\" data-end=\"337\">Model: OFM101<\/li>\n<\/ul>\n<p data-start=\"339\" data-end=\"373\">Cena dotyczy pojedynczej sztuki!<\/p>\n<p data-start=\"375\" data-end=\"496\">\u015arednica wewn\u0119trzna: 108,1 mm<br data-start=\"399\" data-end=\"402\">\u015arednica zewn\u0119trzna: 139,7 mm<br data-start=\"426\" data-end=\"429\">D\u0142ugo\u015b\u0107 \u015bruby: 40 mm<br data-start=\"447\" data-end=\"450\">Grubo\u015b\u0107 ko\u0142nierza: 30 mm<br data-start=\"473\" data-end=\"476\" data-is-only-node=\"\">Skok \u015bruby: 1,5 mm<\/p>\n<p data-start=\"498\" data-end=\"544\">Kompatybilny z: Daihatsu Rocky, Feroza, Kia<\/p>\n<p data-start=\"546\" data-end=\"647\" data-is-last-node=\"\" data-is-only-node=\"\">Sportage I (CB: 100) &#8211; wymaga pier\u015bcienia centruj\u0105cego<br data-start=\"594\" data-end=\"597\">Sorento I (CB: 95,3) &#8211; wymaga pier\u015bcienia centruj\u0105cego<\/p>\n","protected":false},"excerpt":{"rendered":"<p>Dystanse k\u00f3\u0142 30mm 5&#215;139.7 M12x1.5mm do Daihatsu Rocky, Feroza, Kia Sportage I, Sorento I<\/p>\n","protected":false},"featured_media":27838,"comment_status":"open","ping_status":"closed","template":"","meta":[],"product_brand":[1279],"product_cat":[4612],"product_tag":[4763,4672,4971,4669,4968,4969,4703,4970],"class_list":{"0":"post-43071","1":"product","2":"type-product","3":"status-publish","4":"has-post-thumbnail","6":"product_brand-ofm4x4","7":"product_cat-dystanse-do-kol","8":"product_tag-30mm","9":"product_tag-5x139-7","10":"product_tag-daihatsu-rocky","11":"product_tag-dystanse-kol","12":"product_tag-feroza","13":"product_tag-kia-sportage-i","14":"product_tag-m12x1-5mm","15":"product_tag-sorento-i","16":"product_shipping_class-produse-usoare-set","18":"first","19":"instock","20":"taxable","21":"shipping-taxable","22":"purchasable","23":"product-type-simple"},"_links":{"self":[{"href":"https:\/\/ofm4x4.com\/pl\/wp-json\/wp\/v2\/product\/43071","targetHints":{"allow":["GET"]}}],"collection":[{"href":"https:\/\/ofm4x4.com\/pl\/wp-json\/wp\/v2\/product"}],"about":[{"href":"https:\/\/ofm4x4.com\/pl\/wp-json\/wp\/v2\/types\/product"}],"replies":[{"embeddable":true,"href":"https:\/\/ofm4x4.com\/pl\/wp-json\/wp\/v2\/comments?post=43071"}],"version-history":[{"count":1,"href":"https:\/\/ofm4x4.com\/pl\/wp-json\/wp\/v2\/product\/43071\/revisions"}],"predecessor-version":[{"id":43089,"href":"https:\/\/ofm4x4.com\/pl\/wp-json\/wp\/v2\/product\/43071\/revisions\/43089"}],"wp:featuredmedia":[{"embeddable":true,"href":"https:\/\/ofm4x4.com\/pl\/wp-json\/wp\/v2\/media\/27838"}],"wp:attachment":[{"href":"https:\/\/ofm4x4.com\/pl\/wp-json\/wp\/v2\/media?parent=43071"}],"wp:term":[{"taxonomy":"product_brand","embeddable":true,"href":"https:\/\/ofm4x4.com\/pl\/wp-json\/wp\/v2\/product_brand?post=43071"},{"taxonomy":"product_cat","embeddable":true,"href":"https:\/\/ofm4x4.com\/pl\/wp-json\/wp\/v2\/product_cat?post=43071"},{"taxonomy":"product_tag","embeddable":true,"href":"https:\/\/ofm4x4.com\/pl\/wp-json\/wp\/v2\/product_tag?post=43071"}],"curies":[{"name":"wp","href":"https:\/\/api.w.org\/{rel}","templated":true}]}}