{"id":43103,"date":"2024-05-17T05:21:30","date_gmt":"2024-05-17T05:21:30","guid":{"rendered":"https:\/\/ofm4x4.com\/shop\/bez-kategorii\/felga-stalowa-16x7j-6x139-7-et-25-off-road-do-nissan-mitsubishi-opel-toyota-ford\/"},"modified":"2025-09-24T09:58:15","modified_gmt":"2025-09-24T09:58:15","slug":"felga-stalowa-16x7j-6x139-7-et-25-off-road-do-nissan-mitsubishi-opel-toyota-ford","status":"publish","type":"product","link":"https:\/\/ofm4x4.com\/pl\/shop\/stalowe-felgi\/felga-stalowa-16x7j-6x139-7-et-25-off-road-do-nissan-mitsubishi-opel-toyota-ford\/","title":{"rendered":"Felga stalowa 16x7J 6\u00d7139.7 ET -25 Off-Road do Nissan, Mitsubishi, Opel, Toyota, Ford"},"content":{"rendered":"<div id=\"\" ali-anchor-alimagic-6rxnu8=\"\" class=\"\" magic-0=\"\" data-section=\"\"AliMagic-6rxnu8\"\" data-section-title=\"\"Product\" data-spm-anchor-id=\"\"a2700.details.pronpeci14.i0.7ae070497Niwca\"\">\n<h3 data-start=\"0\" data-end=\"21\">Specyfikacje:<\/h3>\n<ul data-start=\"23\" data-end=\"198\">\n<li data-start=\"23\" data-end=\"44\"><strong data-start=\"25\" data-end=\"38\">\u015arednica:<\/strong> R16<\/li>\n<li data-start=\"45\" data-end=\"62\"><strong data-start=\"47\" data-end=\"57\">Szeroko\u015b\u0107:<\/strong> 7J<\/li>\n<li data-start=\"63\" data-end=\"87\"><strong data-start=\"65\" data-end=\"81\">ET (Offset):<\/strong> -25<\/li>\n<li data-start=\"88\" data-end=\"125\"><strong data-start=\"90\" data-end=\"113\">PCD (Bolt Pattern):<\/strong> 6 x 139.7<\/li>\n<li data-start=\"126\" data-end=\"146\"><strong data-start=\"128\" data-end=\"138\">Kolor:<\/strong> czarny<\/li>\n<li data-start=\"147\" data-end=\"176\"><strong data-start=\"149\" data-end=\"170\">CB (Center Bore):<\/strong> 110<\/li>\n<li data-start=\"177\" data-end=\"198\"><strong data-start=\"179\" data-end=\"189\">Model:<\/strong> OFM025<\/li>\n<\/ul>\n<p data-start=\"200\" data-end=\"355\">\u26a0\ufe0f Ko\u0142a te <strong data-start=\"220\" data-end=\"236\">nie s\u0105 zatwierdzone<\/strong> do u\u017cytku na drogach publicznych i <strong data-start=\"265\" data-end=\"298\">nie posiadaj\u0105 certyfikatu RAR<\/strong>.<br data-start=\"299\" data-end=\"302\">S\u0105 one przeznaczone wy\u0142\u0105cznie do <strong data-start=\"336\" data-end=\"352\" data-is-only-node=\"\">u\u017cytku w terenie<\/strong>.<\/p>\n<ul data-start=\"357\" data-end=\"751\">\n<li data-start=\"357\" data-end=\"481\"><strong data-start=\"359\" data-end=\"399\">Stalowe felgi z tr\u00f3jk\u0105tnymi wyci\u0119ciami<\/strong>, o \u015brednicy 16 cali i szeroko\u015bci 7 cali, przeznaczone do pojazd\u00f3w terenowych.<\/li>\n<li data-start=\"482\" data-end=\"555\">Produkt jest <strong data-start=\"499\" data-end=\"522\">malowany proszkowo na czarno<\/strong>, co zwi\u0119ksza jego odporno\u015b\u0107 na zarysowania.<\/li>\n<li data-start=\"556\" data-end=\"751\"><strong data-start=\"562\" data-end=\"594\">Stopka ma ujemny bark<\/strong>, dzi\u0119ki czemu ko\u0142o jest bardziej wysuni\u0119te na zewn\u0105trz wzgl\u0119dem piasty, co poprawia stabilno\u015b\u0107 pojazdu i zapewnia wi\u0119kszy prze\u015bwit dla <strong data-start=\"720\" data-end=\"748\">ponadwymiarowych opon terenowych<\/strong>.<\/li>\n<\/ul>\n<p data-start=\"753\" data-end=\"938\" data-is-last-node=\"\" data-is-only-node=\"\"><strong data-start=\"756\" data-end=\"765\">Uwaga:<\/strong> W niekt\u00f3rych modelach pojazd\u00f3w mo\u017ce wyst\u0119powa\u0107 r\u00f3\u017cnica mi\u0119dzy otworem centralnym ko\u0142a (CB) a \u015brednic\u0105 piasty, co wymaga u\u017cycia <strong data-start=\"899\" data-end=\"918\">pier\u015bcieni centruj\u0105cych<\/strong> w celu prawid\u0142owego dopasowania.<\/p>\n<\/div>\n","protected":false},"excerpt":{"rendered":"<p data-start=\"0\" data-end=\"90\"><strong data-start=\"0\" data-end=\"88\">Felga stalowa 16X7J 6\u00d7139.7 ET -25 Off-Road do Nissan, Mitsubishi, Opel, Toyota, Ford<\/strong><\/p>\n<p data-start=\"92\" data-end=\"193\">\u26a0\ufe0f Ko\u0142a te <strong data-start=\"112\" data-end=\"128\">nie s\u0105 zatwierdzone<\/strong> do u\u017cytku na drogach publicznych i <strong data-start=\"157\" data-end=\"190\">nie posiadaj\u0105 certyfikatu RAR<\/strong>.<\/p>\n<p data-start=\"195\" data-end=\"246\" data-is-last-node=\"\" data-is-only-node=\"\">S\u0105 one przeznaczone wy\u0142\u0105cznie do <strong data-start=\"229\" data-end=\"245\">u\u017cytku w terenie<\/strong>.<\/p>\n","protected":false},"featured_media":43105,"comment_status":"open","ping_status":"closed","template":"","meta":[],"product_brand":[1279],"product_cat":[4627],"product_tag":[4978,4694,4630],"class_list":{"0":"post-43103","1":"product","2":"type-product","3":"status-publish","4":"has-post-thumbnail","6":"product_brand-ofm4x4","7":"product_cat-stalowe-felgi","8":"product_tag-16x7j","9":"product_tag-6x139-7-et-25","10":"product_tag-steel-wheel","11":"product_shipping_class-alte-produse","13":"first","14":"instock","15":"taxable","16":"shipping-taxable","17":"purchasable","18":"product-type-simple"},"_links":{"self":[{"href":"https:\/\/ofm4x4.com\/pl\/wp-json\/wp\/v2\/product\/43103","targetHints":{"allow":["GET"]}}],"collection":[{"href":"https:\/\/ofm4x4.com\/pl\/wp-json\/wp\/v2\/product"}],"about":[{"href":"https:\/\/ofm4x4.com\/pl\/wp-json\/wp\/v2\/types\/product"}],"replies":[{"embeddable":true,"href":"https:\/\/ofm4x4.com\/pl\/wp-json\/wp\/v2\/comments?post=43103"}],"version-history":[{"count":1,"href":"https:\/\/ofm4x4.com\/pl\/wp-json\/wp\/v2\/product\/43103\/revisions"}],"predecessor-version":[{"id":43106,"href":"https:\/\/ofm4x4.com\/pl\/wp-json\/wp\/v2\/product\/43103\/revisions\/43106"}],"wp:featuredmedia":[{"embeddable":true,"href":"https:\/\/ofm4x4.com\/pl\/wp-json\/wp\/v2\/media\/43105"}],"wp:attachment":[{"href":"https:\/\/ofm4x4.com\/pl\/wp-json\/wp\/v2\/media?parent=43103"}],"wp:term":[{"taxonomy":"product_brand","embeddable":true,"href":"https:\/\/ofm4x4.com\/pl\/wp-json\/wp\/v2\/product_brand?post=43103"},{"taxonomy":"product_cat","embeddable":true,"href":"https:\/\/ofm4x4.com\/pl\/wp-json\/wp\/v2\/product_cat?post=43103"},{"taxonomy":"product_tag","embeddable":true,"href":"https:\/\/ofm4x4.com\/pl\/wp-json\/wp\/v2\/product_tag?post=43103"}],"curies":[{"name":"wp","href":"https:\/\/api.w.org\/{rel}","templated":true}]}}