{"id":43123,"date":"2024-05-16T07:18:10","date_gmt":"2024-05-16T07:18:10","guid":{"rendered":"https:\/\/ofm4x4.com\/shop\/bez-kategorii\/ofm119-kolnierze-dystansowe-30mm-5x114-3-m12x1-5mm-cb-66-1-z-pierscieniem-centrujacym-do-dacia-duster\/"},"modified":"2025-09-24T09:58:19","modified_gmt":"2025-09-24T09:58:19","slug":"ofm119-kolnierze-dystansowe-30mm-5x114-3-m12x1-5mm-cb-66-1-z-pierscieniem-centrujacym-do-dacia-duster","status":"publish","type":"product","link":"https:\/\/ofm4x4.com\/pl\/shop\/dystanse-do-kol\/ofm119-kolnierze-dystansowe-30mm-5x114-3-m12x1-5mm-cb-66-1-z-pierscieniem-centrujacym-do-dacia-duster\/","title":{"rendered":"OFM119 Ko\u0142nierze dystansowe 30mm 5&#215;114.3 M12x1.5mm CB 66.1 z pier\u015bcieniem centruj\u0105cym do Dacia Duster"},"content":{"rendered":"<p data-start=\"0\" data-end=\"207\">Dystanse k\u00f3\u0142 s\u0105 wykonane ze specjalnego duraluminium i spe\u0142niaj\u0105 niezb\u0119dne wymogi jako\u015bci i bezpiecze\u0144stwa. Poprawiaj\u0105 stabilno\u015b\u0107 pojazdu po podniesieniu poprzez zamontowanie zawieszenia i wi\u0119kszych k\u00f3\u0142. <\/p>\n<ul data-start=\"209\" data-end=\"404\">\n<li data-start=\"209\" data-end=\"236\"><strong data-start=\"211\" data-end=\"230\">Pier\u015bcie\u0144 centruj\u0105cy:<\/strong> Tak<\/li>\n<li data-start=\"237\" data-end=\"260\"><strong data-start=\"239\" data-end=\"253\">Grubo\u015b\u0107:<\/strong> 30 mm<\/li>\n<li data-start=\"261\" data-end=\"290\"><strong data-start=\"263\" data-end=\"280\">Rozstaw \u015brub:<\/strong> 5&#215;114,3<\/li>\n<li data-start=\"291\" data-end=\"321\"><strong data-start=\"293\" data-end=\"309\">Rozmiar gwintu:<\/strong> M12 x 1,5<\/li>\n<li data-start=\"322\" data-end=\"348\"><strong data-start=\"324\" data-end=\"337\">Materia\u0142:<\/strong> Aluminium<\/li>\n<li data-start=\"349\" data-end=\"381\"><strong data-start=\"351\" data-end=\"372\">Otw\u00f3r centralny (CB):<\/strong> 66,1 mm<\/li>\n<li data-start=\"382\" data-end=\"404\"><strong data-start=\"384\" data-end=\"394\">Model:<\/strong> OFM 119<\/li>\n<\/ul>\n<p data-start=\"406\" data-end=\"426\" data-is-last-node=\"\" data-is-only-node=\"\"><strong data-start=\"406\" data-end=\"426\" data-is-last-node=\"\">Cena za sztuk\u0119.<\/strong><\/p>\n","protected":false},"excerpt":{"rendered":"<p>Dystanse k\u00f3\u0142 30mm 5&#215;114.3 M12x1.5mm CB 66.1 z pier\u015bcieniem centruj\u0105cym<\/p>\n","protected":false},"featured_media":43125,"comment_status":"open","ping_status":"closed","template":"","meta":[],"product_brand":[1279],"product_cat":[4612],"product_tag":[4763,4792,5003,4614,5001,4988,4703,4998],"class_list":{"0":"post-43123","1":"product","2":"type-product","3":"status-publish","4":"has-post-thumbnail","6":"product_brand-ofm4x4","7":"product_cat-dystanse-do-kol","8":"product_tag-30mm","9":"product_tag-5x114-3","10":"product_tag-cb-66-1","11":"product_tag-centering-ring","12":"product_tag-dacia-duster","13":"product_tag-kolnierze-dystansowe-kol","14":"product_tag-m12x1-5mm","15":"product_tag-ofm119","16":"product_shipping_class-produse-usoare-set","18":"first","19":"instock","20":"taxable","21":"shipping-taxable","22":"purchasable","23":"product-type-simple"},"_links":{"self":[{"href":"https:\/\/ofm4x4.com\/pl\/wp-json\/wp\/v2\/product\/43123","targetHints":{"allow":["GET"]}}],"collection":[{"href":"https:\/\/ofm4x4.com\/pl\/wp-json\/wp\/v2\/product"}],"about":[{"href":"https:\/\/ofm4x4.com\/pl\/wp-json\/wp\/v2\/types\/product"}],"replies":[{"embeddable":true,"href":"https:\/\/ofm4x4.com\/pl\/wp-json\/wp\/v2\/comments?post=43123"}],"version-history":[{"count":1,"href":"https:\/\/ofm4x4.com\/pl\/wp-json\/wp\/v2\/product\/43123\/revisions"}],"predecessor-version":[{"id":43130,"href":"https:\/\/ofm4x4.com\/pl\/wp-json\/wp\/v2\/product\/43123\/revisions\/43130"}],"wp:featuredmedia":[{"embeddable":true,"href":"https:\/\/ofm4x4.com\/pl\/wp-json\/wp\/v2\/media\/43125"}],"wp:attachment":[{"href":"https:\/\/ofm4x4.com\/pl\/wp-json\/wp\/v2\/media?parent=43123"}],"wp:term":[{"taxonomy":"product_brand","embeddable":true,"href":"https:\/\/ofm4x4.com\/pl\/wp-json\/wp\/v2\/product_brand?post=43123"},{"taxonomy":"product_cat","embeddable":true,"href":"https:\/\/ofm4x4.com\/pl\/wp-json\/wp\/v2\/product_cat?post=43123"},{"taxonomy":"product_tag","embeddable":true,"href":"https:\/\/ofm4x4.com\/pl\/wp-json\/wp\/v2\/product_tag?post=43123"}],"curies":[{"name":"wp","href":"https:\/\/api.w.org\/{rel}","templated":true}]}}