{"id":43134,"date":"2024-04-03T06:03:52","date_gmt":"2024-04-03T06:03:52","guid":{"rendered":"https:\/\/ofm4x4.com\/shop\/bez-kategorii\/wciagarka-grizzly-electric-13-000-lbs-1801-z-lina-syntetyczna\/"},"modified":"2025-09-24T09:58:29","modified_gmt":"2025-09-24T09:58:29","slug":"wciagarka-grizzly-electric-13-000-lbs-1801-z-lina-syntetyczna","status":"publish","type":"product","link":"https:\/\/ofm4x4.com\/pl\/shop\/wciagarki-elektryczne\/wciagarka-grizzly-electric-13-000-lbs-1801-z-lina-syntetyczna\/","title":{"rendered":"Wci\u0105garka Grizzly Electric 13.000 lbs 180:1 z lin\u0105 syntetyczn\u0105"},"content":{"rendered":"<p data-start=\"0\" data-end=\"71\"><strong data-start=\"0\" data-end=\"69\">Wci\u0105garka elektryczna 13 000 funt\u00f3w 180:1 Grizzly Winch z lin\u0105 syntetyczn\u0105<\/strong><\/p>\n<ul data-start=\"73\" data-end=\"605\">\n<li data-start=\"73\" data-end=\"119\"><strong data-start=\"75\" data-end=\"95\">Zdolno\u015b\u0107 holowania:<\/strong> 13 000 funt\u00f3w (5 897 kg)<\/li>\n<li data-start=\"120\" data-end=\"157\"><strong data-start=\"122\" data-end=\"132\">Silnik:<\/strong> 6,5 KM, 4,8 kW, 12 V DC<\/li>\n<li data-start=\"158\" data-end=\"183\"><strong data-start=\"160\" data-end=\"175\">Prze\u0142o\u017cenie:<\/strong> 180:1<\/li>\n<li data-start=\"184\" data-end=\"228\"><strong data-start=\"186\" data-end=\"203\">Skrzynia bieg\u00f3w:<\/strong> 3-stopniowa przek\u0142adnia planetarna<\/li>\n<li data-start=\"229\" data-end=\"268\"><strong data-start=\"231\" data-end=\"242\">Sprz\u0119g\u0142o:<\/strong> r\u0119czne w\u0142\u0105czanie\/wy\u0142\u0105czanie<\/li>\n<li data-start=\"269\" data-end=\"293\"><strong data-start=\"271\" data-end=\"281\">Hamulec:<\/strong> Automatyczny<\/li>\n<li data-start=\"294\" data-end=\"332\"><strong data-start=\"296\" data-end=\"309\">P\u0142oza:<\/strong> Aluminium Hawse (czerwony)<\/li>\n<li data-start=\"333\" data-end=\"376\"><strong data-start=\"335\" data-end=\"354\">Lina syntetyczna:<\/strong> 10 mm x 25 m (szara)<\/li>\n<li data-start=\"377\" data-end=\"419\"><strong data-start=\"379\" data-end=\"398\">Pilot zdalnego sterowania:<\/strong> Przewodowy i bezprzewodowy<\/li>\n<li data-start=\"420\" data-end=\"470\"><strong data-start=\"422\" data-end=\"443\">Wymiary wci\u0105garki:<\/strong> 546 mm x 160 mm x 222 mm<\/li>\n<li data-start=\"471\" data-end=\"519\"><strong data-start=\"473\" data-end=\"499\">Rozstaw \u015brub monta\u017cowych:<\/strong> 254 mm x 114,3 mm<\/li>\n<li data-start=\"520\" data-end=\"541\"><strong data-start=\"522\" data-end=\"533\">Waga:<\/strong> 28 kg<\/li>\n<li data-start=\"542\" data-end=\"569\"><strong data-start=\"544\" data-end=\"557\">Gwarancja:<\/strong> 24 miesi\u0105ce<\/li>\n<li data-start=\"570\" data-end=\"605\"><strong data-start=\"572\" data-end=\"594\">Maksymalne obci\u0105\u017cenie liny:<\/strong> 5 897 kg<\/li>\n<\/ul>\n<p data-start=\"607\" data-end=\"636\"><strong data-start=\"607\" data-end=\"634\">Wydajno\u015b\u0107 pr\u0119dko\u015bci linii:<\/strong><\/p>\n<table data-start=\"637\" data-end=\"935\" data-is-only-node=\"\" data-is-last-node=\"\">\n<thead data-start=\"637\" data-end=\"707\">\n<tr data-start=\"637\" data-end=\"707\">\n<th data-start=\"637\" data-end=\"657\">Obci\u0105\u017cenie (funty)<\/th>\n<th style=\"text-align: center;\" data-start=\"657\" data-end=\"664\">0<\/th>\n<th style=\"text-align: center;\" data-start=\"664\" data-end=\"672\">4,000<\/th>\n<th style=\"text-align: center;\" data-start=\"672\" data-end=\"680\">6,000<\/th>\n<th style=\"text-align: center;\" data-start=\"680\" data-end=\"688\">8,000<\/th>\n<th style=\"text-align: center;\" data-start=\"688\" data-end=\"697\">10,000<\/th>\n<th style=\"text-align: center;\" data-start=\"697\" data-end=\"707\">13,000<\/th>\n<\/tr>\n<\/thead>\n<tbody data-start=\"784\" data-end=\"935\" data-is-last-node=\"\">\n<tr data-start=\"784\" data-end=\"859\">\n<td>Obci\u0105\u017cenie (kg)<\/td>\n<td style=\"text-align: center;\">0<\/td>\n<td style=\"text-align: center;\">1,816<\/td>\n<td style=\"text-align: center;\">2,724<\/td>\n<td style=\"text-align: center;\">3,632<\/td>\n<td style=\"text-align: center;\">4,540<\/td>\n<td style=\"text-align: center;\">5,897<\/td>\n<\/tr>\n<tr data-start=\"860\" data-end=\"935\" data-is-last-node=\"\">\n<td>Pr\u0119dko\u015b\u0107 linii (m\/min)<\/td>\n<td style=\"text-align: center;\">12<\/td>\n<td style=\"text-align: center;\">5.2<\/td>\n<td style=\"text-align: center;\">3.3<\/td>\n<td style=\"text-align: center;\">2.7<\/td>\n<td style=\"text-align: center;\">1.6<\/td>\n<td style=\"text-align: center;\">1.3<\/td>\n<\/tr>\n<\/tbody>\n<\/table>\n<p>\u26a0\ufe0f <strong data-start=\"984\" data-end=\"1005\" data-is-last-node=\"\">Unikaj zanurzenia!<\/strong><\/p>\n","protected":false},"excerpt":{"rendered":"<p><strong data-start=\"0\" data-end=\"69\">Wci\u0105garka elektryczna 13 000 funt\u00f3w 180:1 Grizzly Winch z lin\u0105 syntetyczn\u0105<\/strong><\/p>\n","protected":false},"featured_media":43136,"comment_status":"open","ping_status":"closed","template":"","meta":[],"product_brand":[1308],"product_cat":[4710],"product_tag":[4597,4598,4599,4600,4711],"class_list":{"0":"post-43134","1":"product","2":"type-product","3":"status-publish","4":"has-post-thumbnail","6":"product_brand-grizzly-winch","7":"product_cat-wciagarki-elektryczne","8":"product_tag-13-000-lbs","9":"product_tag-4598","10":"product_tag-electric-winch","11":"product_tag-grizzly-winch","12":"product_tag-lina-syntetyczna","13":"product_shipping_class-alte-produse","15":"first","16":"instock","17":"taxable","18":"shipping-taxable","19":"purchasable","20":"product-type-simple"},"_links":{"self":[{"href":"https:\/\/ofm4x4.com\/pl\/wp-json\/wp\/v2\/product\/43134","targetHints":{"allow":["GET"]}}],"collection":[{"href":"https:\/\/ofm4x4.com\/pl\/wp-json\/wp\/v2\/product"}],"about":[{"href":"https:\/\/ofm4x4.com\/pl\/wp-json\/wp\/v2\/types\/product"}],"replies":[{"embeddable":true,"href":"https:\/\/ofm4x4.com\/pl\/wp-json\/wp\/v2\/comments?post=43134"}],"version-history":[{"count":1,"href":"https:\/\/ofm4x4.com\/pl\/wp-json\/wp\/v2\/product\/43134\/revisions"}],"predecessor-version":[{"id":43143,"href":"https:\/\/ofm4x4.com\/pl\/wp-json\/wp\/v2\/product\/43134\/revisions\/43143"}],"wp:featuredmedia":[{"embeddable":true,"href":"https:\/\/ofm4x4.com\/pl\/wp-json\/wp\/v2\/media\/43136"}],"wp:attachment":[{"href":"https:\/\/ofm4x4.com\/pl\/wp-json\/wp\/v2\/media?parent=43134"}],"wp:term":[{"taxonomy":"product_brand","embeddable":true,"href":"https:\/\/ofm4x4.com\/pl\/wp-json\/wp\/v2\/product_brand?post=43134"},{"taxonomy":"product_cat","embeddable":true,"href":"https:\/\/ofm4x4.com\/pl\/wp-json\/wp\/v2\/product_cat?post=43134"},{"taxonomy":"product_tag","embeddable":true,"href":"https:\/\/ofm4x4.com\/pl\/wp-json\/wp\/v2\/product_tag?post=43134"}],"curies":[{"name":"wp","href":"https:\/\/api.w.org\/{rel}","templated":true}]}}