{"id":43148,"date":"2023-10-19T10:36:24","date_gmt":"2023-10-19T10:36:24","guid":{"rendered":"https:\/\/ofm4x4.com\/shop\/bez-kategorii\/snorkel-do-nissan-patrol-y60\/"},"modified":"2025-09-24T09:58:30","modified_gmt":"2025-09-24T09:58:30","slug":"snorkel-do-nissan-patrol-y60","status":"publish","type":"product","link":"https:\/\/ofm4x4.com\/pl\/shop\/fajki-do-nurkowania\/snorkel-do-nissan-patrol-y60\/","title":{"rendered":"Snorkel do Nissan Patrol Y60"},"content":{"rendered":"<h3 data-start=\"0\" data-end=\"64\">Snorkel do Nissana Patrol Y60 &#8211; niezb\u0119dne ulepszenie off-roadowe<\/h3>\n<h4 data-start=\"66\" data-end=\"115\"><strong data-start=\"71\" data-end=\"113\">Czyste powietrze i rozszerzona ochrona<\/strong><\/h4>\n<p data-start=\"116\" data-end=\"555\">Snorkel dzia\u0142a jak kana\u0142 wlotowy czystego powietrza, podnosz\u0105c wysoko\u015b\u0107 wlotu powietrza do pojazdu. Strategicznie umieszczony wzd\u0142u\u017c nadwozia, pozwala Nissanowi Patrol Y60 zasysa\u0107 powietrze z wy\u017cszego poziomu, zapobiegaj\u0105c przedostawaniu si\u0119 wody lub py\u0142u w trudnych warunkach, takich jak g\u0142\u0119bokie przeprawy wodne lub skaliste tereny. Zmniejszaj\u0105c ryzyko przedostawania si\u0119 szkodliwych cz\u0105stek do silnika, fajka pomaga wyd\u0142u\u017cy\u0107 jego \u017cywotno\u015b\u0107 i utrzyma\u0107 optymalne osi\u0105gi.  <\/p>\n<h4 data-start=\"557\" data-end=\"600\"><strong data-start=\"562\" data-end=\"598\">Trwa\u0142a i odporna konstrukcja<\/strong><\/h4>\n<p data-start=\"601\" data-end=\"886\">Wykonana z wysokiej jako\u015bci materia\u0142\u00f3w os\u0142ona ch\u0142odnicy Nissan Patrol Y60 zosta\u0142a zaprojektowana z my\u015bl\u0105 o ekstremalnych warunkach. Jego odporna na korozj\u0119 i wytrzyma\u0142a konstrukcja sprawia, \u017ce idealnie nadaje si\u0119 do wyzwa\u0144 terenowych, zapewniaj\u0105c d\u0142ugotrwa\u0142\u0105 trwa\u0142o\u015b\u0107 w r\u00f3\u017cnych \u015brodowiskach i warunkach pogodowych. <\/p>\n<h4 data-start=\"888\" data-end=\"928\"><strong data-start=\"893\" data-end=\"926\">Zwi\u0119kszona wydajno\u015b\u0107 w terenie<\/strong><\/h4>\n<p data-start=\"929\" data-end=\"1260\">Zapewniaj\u0105c sta\u0142y dop\u0142yw \u015bwie\u017cego powietrza do silnika, fajka poprawia osi\u0105gi w trudnych warunkach terenowych. Ma to kluczowe znaczenie podczas pokonywania stromych wzniesie\u0144, g\u0142\u0119bokich przepraw wodnych lub b\u0142otnistych szlak\u00f3w. Dost\u0119p do nieprzerwanego dop\u0142ywu czystego powietrza zapewnia wydajn\u0105 prac\u0119 silnika nawet w najbardziej ekstremalnych warunkach jazdy.  <\/p>\n<h4 data-start=\"1262\" data-end=\"1313\"><strong data-start=\"1267\" data-end=\"1311\">\u0141atwa instalacja i kompletne akcesoria<\/strong><\/h4>\n<p data-start=\"1314\" data-end=\"1622\">Ch\u0142odnica Nissan Patrol Y60 jest zwykle dostarczana z pe\u0142nym zestawem monta\u017cowym i szczeg\u00f3\u0142owymi instrukcjami, dzi\u0119ki czemu proces jest dost\u0119pny nawet dla mniej do\u015bwiadczonych kierowc\u00f3w. Dzi\u0119ki do\u0142\u0105czonym akcesoriom, takim jak zaciski, \u015bruby i uszczelki, w\u0142a\u015bciciele mog\u0105 z \u0142atwo\u015bci\u0105 doko\u0144czy\u0107 instalacj\u0119, zapewniaj\u0105c bezpieczne i prawid\u0142owe dopasowanie. <\/p>\n<h4 data-start=\"1624\" data-end=\"1670\"><strong data-start=\"1629\" data-end=\"1668\">Odwa\u017cny wygl\u0105d i terenowa to\u017csamo\u015b\u0107<\/strong><\/h4>\n<p data-start=\"1671\" data-end=\"1991\">Poza funkcjonalno\u015bci\u0105, os\u0142ona ch\u0142odnicy jest wyrazem stylu Nissana Patrol Y60. Jego aerodynamiczna konstrukcja i p\u0142ynna integracja z nadwoziem pojazdu nadaj\u0105 mu surowy, gotowy na przygod\u0119 wygl\u0105d. Ten wyrazisty wygl\u0105d odzwierciedla pasj\u0119 w\u0142a\u015bciciela do eksploracji off-roadu, dodaj\u0105c indywidualnego charakteru jego pojazdowi.  <\/p>\n<h4 data-start=\"1993\" data-end=\"2014\"><strong data-start=\"1998\" data-end=\"2012\">Wnioski<\/strong><\/h4>\n<p data-start=\"2015\" data-end=\"2481\" data-is-last-node=\"\" data-is-only-node=\"\">Podsumowuj\u0105c, os\u0142ona ch\u0142odnicy do Nissana Patrol Y60 to co\u015b wi\u0119cej ni\u017c tylko akcesorium terenowe &#8211; to niezb\u0119dny towarzysz podczas jazdy w trudnym terenie. \u0141\u0105cz\u0105c w sobie funkcjonalno\u015b\u0107, trwa\u0142o\u015b\u0107 i przyci\u0105gaj\u0105cy wzrok design, znacznie poprawia zar\u00f3wno osi\u0105gi, jak i estetyk\u0119 pojazdu. Dla tych, kt\u00f3rzy lubi\u0105 przygody i wyzwania terenowe, fajka jest praktycznym i stylowym ulepszeniem, kt\u00f3re przekszta\u0142ca Nissana Patrol Y60 w pojazd gotowy na ka\u017cd\u0105 przeszkod\u0119  <\/p>\n","protected":false},"excerpt":{"rendered":"<p>Rura wydechowa do <strong>Nissana Patrol Y60<\/strong> to wytrzyma\u0142e akcesorium zaprojektowane w celu poprawy osi\u0105g\u00f3w pojazdu w terenie. Zamontowany z boku, zapewnia ci\u0105g\u0142y dop\u0142yw \u015bwie\u017cego powietrza do silnika, zapobiegaj\u0105c przedostawaniu si\u0119 wody i py\u0142u podczas trudnych przepraw terenowych. Zbudowany z trwa\u0142ych i odpornych materia\u0142\u00f3w, snorkel zapewnia nie tylko funkcjonalno\u015b\u0107, ale tak\u017ce odwa\u017cny i charakterystyczny wygl\u0105d pojazdu.  <\/p>\n","protected":false},"featured_media":43157,"comment_status":"open","ping_status":"closed","template":"","meta":[],"product_brand":[1279],"product_cat":[4898],"product_tag":[4899,5020],"class_list":{"0":"post-43148","1":"product","2":"type-product","3":"status-publish","4":"has-post-thumbnail","6":"product_brand-ofm4x4","7":"product_cat-fajki-do-nurkowania","8":"product_tag-fajka","9":"product_tag-nissan-patrol-y60","10":"product_shipping_class-alte-produse","12":"first","13":"instock","14":"taxable","15":"shipping-taxable","16":"purchasable","17":"product-type-simple"},"_links":{"self":[{"href":"https:\/\/ofm4x4.com\/pl\/wp-json\/wp\/v2\/product\/43148","targetHints":{"allow":["GET"]}}],"collection":[{"href":"https:\/\/ofm4x4.com\/pl\/wp-json\/wp\/v2\/product"}],"about":[{"href":"https:\/\/ofm4x4.com\/pl\/wp-json\/wp\/v2\/types\/product"}],"replies":[{"embeddable":true,"href":"https:\/\/ofm4x4.com\/pl\/wp-json\/wp\/v2\/comments?post=43148"}],"version-history":[{"count":1,"href":"https:\/\/ofm4x4.com\/pl\/wp-json\/wp\/v2\/product\/43148\/revisions"}],"predecessor-version":[{"id":43158,"href":"https:\/\/ofm4x4.com\/pl\/wp-json\/wp\/v2\/product\/43148\/revisions\/43158"}],"wp:featuredmedia":[{"embeddable":true,"href":"https:\/\/ofm4x4.com\/pl\/wp-json\/wp\/v2\/media\/43157"}],"wp:attachment":[{"href":"https:\/\/ofm4x4.com\/pl\/wp-json\/wp\/v2\/media?parent=43148"}],"wp:term":[{"taxonomy":"product_brand","embeddable":true,"href":"https:\/\/ofm4x4.com\/pl\/wp-json\/wp\/v2\/product_brand?post=43148"},{"taxonomy":"product_cat","embeddable":true,"href":"https:\/\/ofm4x4.com\/pl\/wp-json\/wp\/v2\/product_cat?post=43148"},{"taxonomy":"product_tag","embeddable":true,"href":"https:\/\/ofm4x4.com\/pl\/wp-json\/wp\/v2\/product_tag?post=43148"}],"curies":[{"name":"wp","href":"https:\/\/api.w.org\/{rel}","templated":true}]}}