{"id":43170,"date":"2024-02-15T07:28:24","date_gmt":"2024-02-15T07:28:24","guid":{"rendered":"https:\/\/ofm4x4.com\/shop\/bez-kategorii\/wyciagarka-grizzly-electric-13-500-lbs-1501-z-lina-syntetyczna\/"},"modified":"2025-09-24T09:58:32","modified_gmt":"2025-09-24T09:58:32","slug":"wyciagarka-grizzly-electric-13-500-lbs-1501-z-lina-syntetyczna","status":"publish","type":"product","link":"https:\/\/ofm4x4.com\/pl\/shop\/wciagarki-elektryczne\/wyciagarka-grizzly-electric-13-500-lbs-1501-z-lina-syntetyczna\/","title":{"rendered":"Wyci\u0105garka Grizzly Electric 13.500 lbs 150:1 z lin\u0105 syntetyczn\u0105"},"content":{"rendered":"<p data-start=\"0\" data-end=\"71\"><strong data-start=\"0\" data-end=\"69\">Wci\u0105garka elektryczna 13.500 lbs 150:1 Wci\u0105garka Grizzly z lin\u0105 syntetyczn\u0105<\/strong><\/p>\n<ul data-start=\"73\" data-end=\"593\" data-is-only-node=\"\" data-is-last-node=\"\">\n<li data-start=\"73\" data-end=\"119\"><strong data-start=\"75\" data-end=\"95\">Zdolno\u015b\u0107 holowania:<\/strong> 13 500 funt\u00f3w (6 123 kg)<\/li>\n<li data-start=\"120\" data-end=\"159\"><strong data-start=\"122\" data-end=\"131\">Lina:<\/strong> syntetyczna, 25 m x \u00d8 10 mm<\/li>\n<li data-start=\"160\" data-end=\"208\"><strong data-start=\"162\" data-end=\"181\">Modu\u0142 steruj\u0105cy:<\/strong> Pozycja sta\u0142a (centralna)<\/li>\n<li data-start=\"209\" data-end=\"239\"><strong data-start=\"211\" data-end=\"221\">Silnik:<\/strong> 6,8 KM (5,2 kW)<\/li>\n<li data-start=\"240\" data-end=\"260\"><strong data-start=\"242\" data-end=\"254\">Napi\u0119cie:<\/strong> 12 V<\/li>\n<li data-start=\"261\" data-end=\"305\"><strong data-start=\"263\" data-end=\"280\">Skrzynia bieg\u00f3w:<\/strong> 3-stopniowa przek\u0142adnia planetarna<\/li>\n<li data-start=\"306\" data-end=\"331\"><strong data-start=\"308\" data-end=\"323\">Prze\u0142o\u017cenie:<\/strong> 150:1<\/li>\n<li data-start=\"332\" data-end=\"371\"><strong data-start=\"334\" data-end=\"345\">Sprz\u0119g\u0142o:<\/strong> r\u0119czne w\u0142\u0105czanie\/wy\u0142\u0105czanie<\/li>\n<li data-start=\"372\" data-end=\"396\"><strong data-start=\"374\" data-end=\"384\">Hamulec:<\/strong> Automatyczny<\/li>\n<li data-start=\"397\" data-end=\"429\"><strong data-start=\"399\" data-end=\"412\">Prowadnica:<\/strong> Aluminium Hawse<\/li>\n<li data-start=\"430\" data-end=\"480\"><strong data-start=\"432\" data-end=\"453\">Wymiary wyci\u0105garki:<\/strong> 623 mm x 174 mm x 222 mm<\/li>\n<li data-start=\"481\" data-end=\"508\"><strong data-start=\"483\" data-end=\"500\">Waga wyci\u0105garki:<\/strong> 29 kg<\/li>\n<li data-start=\"509\" data-end=\"557\"><strong data-start=\"511\" data-end=\"537\">Rozstaw \u015brub monta\u017cowych:<\/strong> 254 mm x 114,3 mm<\/li>\n<li data-start=\"558\" data-end=\"593\" data-is-last-node=\"\"><strong data-start=\"560\" data-end=\"582\">Maksymalne obci\u0105\u017cenie liny:<\/strong> 6 123 kg<\/li>\n<\/ul>\n","protected":false},"excerpt":{"rendered":"<p><strong data-start=\"0\" data-end=\"69\">Wci\u0105garka elektryczna 13.500 lbs 150:1 Wci\u0105garka Grizzly z lin\u0105 syntetyczn\u0105<\/strong><\/p>\n","protected":false},"featured_media":43185,"comment_status":"open","ping_status":"closed","template":"","meta":[],"product_brand":[1308],"product_cat":[4710],"product_tag":[5023,4712,4599,4600,4711],"class_list":{"0":"post-43170","1":"product","2":"type-product","3":"status-publish","4":"has-post-thumbnail","6":"product_brand-grizzly-winch","7":"product_cat-wciagarki-elektryczne","8":"product_tag-13-500-funtow","9":"product_tag-4712","10":"product_tag-electric-winch","11":"product_tag-grizzly-winch","12":"product_tag-lina-syntetyczna","13":"product_shipping_class-alte-produse","15":"first","16":"outofstock","17":"taxable","18":"shipping-taxable","19":"purchasable","20":"product-type-simple"},"_links":{"self":[{"href":"https:\/\/ofm4x4.com\/pl\/wp-json\/wp\/v2\/product\/43170","targetHints":{"allow":["GET"]}}],"collection":[{"href":"https:\/\/ofm4x4.com\/pl\/wp-json\/wp\/v2\/product"}],"about":[{"href":"https:\/\/ofm4x4.com\/pl\/wp-json\/wp\/v2\/types\/product"}],"replies":[{"embeddable":true,"href":"https:\/\/ofm4x4.com\/pl\/wp-json\/wp\/v2\/comments?post=43170"}],"version-history":[{"count":1,"href":"https:\/\/ofm4x4.com\/pl\/wp-json\/wp\/v2\/product\/43170\/revisions"}],"predecessor-version":[{"id":43189,"href":"https:\/\/ofm4x4.com\/pl\/wp-json\/wp\/v2\/product\/43170\/revisions\/43189"}],"wp:featuredmedia":[{"embeddable":true,"href":"https:\/\/ofm4x4.com\/pl\/wp-json\/wp\/v2\/media\/43185"}],"wp:attachment":[{"href":"https:\/\/ofm4x4.com\/pl\/wp-json\/wp\/v2\/media?parent=43170"}],"wp:term":[{"taxonomy":"product_brand","embeddable":true,"href":"https:\/\/ofm4x4.com\/pl\/wp-json\/wp\/v2\/product_brand?post=43170"},{"taxonomy":"product_cat","embeddable":true,"href":"https:\/\/ofm4x4.com\/pl\/wp-json\/wp\/v2\/product_cat?post=43170"},{"taxonomy":"product_tag","embeddable":true,"href":"https:\/\/ofm4x4.com\/pl\/wp-json\/wp\/v2\/product_tag?post=43170"}],"curies":[{"name":"wp","href":"https:\/\/api.w.org\/{rel}","templated":true}]}}