{"id":43402,"date":"2022-08-25T14:20:41","date_gmt":"2022-08-25T14:20:41","guid":{"rendered":"https:\/\/ofm4x4.com\/shop\/bez-kategorii\/blokowany-mechanizm-roznicowy-tre-4x4-tylna-os-tr117\/"},"modified":"2025-09-24T09:59:18","modified_gmt":"2025-09-24T09:59:18","slug":"blokowany-mechanizm-roznicowy-tre-4x4-tylna-os-tr117","status":"publish","type":"product","link":"https:\/\/ofm4x4.com\/pl\/shop\/mechanizm-roznicowy-z-blokada\/blokowany-mechanizm-roznicowy-tre-4x4-tylna-os-tr117\/","title":{"rendered":"Blokowany mechanizm r\u00f3\u017cnicowy TRE 4&#215;4 Tylna o\u015b TR117"},"content":{"rendered":"<h3 data-start=\"0\" data-end=\"25\"><strong data-start=\"4\" data-end=\"25\">12-miesi\u0119czna gwarancja<\/strong><\/h3>\n<p data-start=\"27\" data-end=\"108\">Kompatybilno\u015b\u0107 mo\u017cna sprawdzi\u0107 w <strong data-start=\"45\" data-end=\"87\">katalogu blokowanych mechanizm\u00f3w r\u00f3\u017cnicowych TRE 4&#215;4<\/strong>.<\/p>\n<p data-start=\"110\" data-end=\"142\"><strong data-start=\"110\" data-end=\"130\">Kompatybilny z:<\/strong> Uniwersalny<\/p>\n<p data-start=\"144\" data-end=\"238\">Do obs\u0142ugi blokowanego mechanizmu r\u00f3\u017cnicowego potrzebna b\u0119dzie r\u00f3wnie\u017c <strong data-start=\"205\" data-end=\"235\">spr\u0119\u017carka powietrza TRE 4&#215;4 12V<\/strong>.<\/p>\n<ul data-start=\"240\" data-end=\"387\">\n<li data-start=\"240\" data-end=\"258\"><strong data-start=\"242\" data-end=\"256\">30 wypust\u00f3w<\/strong><\/li>\n<li data-start=\"259\" data-end=\"289\"><strong data-start=\"261\" data-end=\"287\">O\u015b Dana 44 z 1997 r.<\/strong><\/li>\n<li data-start=\"290\" data-end=\"354\"><strong data-start=\"292\" data-end=\"322\">Prze\u0142o\u017cenia: 3,73 lub ni\u017csze<\/strong> (Opel Frontera B: wszystkie prze\u0142o\u017cenia)<\/li>\n<li data-start=\"355\" data-end=\"387\"><strong data-start=\"357\" data-end=\"385\">\u015arednica planetarna: 33,3<\/strong><\/li>\n<\/ul>\n<p data-start=\"389\" data-end=\"506\">Aby zapewni\u0107 prawid\u0142owy monta\u017c i unikn\u0105\u0107 uszkodze\u0144, zalecamy zlecenie monta\u017cu cz\u0119\u015bci <strong data-start=\"476\" data-end=\"503\">wyspecjalizowanemu serwisowi 4&#215;4<\/strong>.<\/p>\n<ul data-start=\"508\" data-end=\"1074\">\n<li data-start=\"508\" data-end=\"539\"><strong data-start=\"510\" data-end=\"537\">100% przyczepno\u015bci na \u017c\u0105danie<\/strong><\/li>\n<li data-start=\"540\" data-end=\"581\">Wsp\u00f3\u0142pracuje z <strong data-start=\"557\" data-end=\"579\">kompresorem TRE 4&#215;4<\/strong><\/li>\n<li data-start=\"582\" data-end=\"619\"><strong data-start=\"584\" data-end=\"617\">Lepsza przyczepno\u015b\u0107<\/strong><\/li>\n<li data-start=\"620\" data-end=\"743\"><strong data-start=\"622\" data-end=\"657\">Prosta i wygodna obs\u0142uga<\/strong>, pozwalaj\u0105ca u\u017cytkownikowi skupi\u0107 si\u0119 na terenie przy jednoczesnym zachowaniu <strong data-start=\"719\" data-end=\"741\">komfortu i bezpiecze\u0144stwa<\/strong>.<\/li>\n<li data-start=\"744\" data-end=\"824\"><strong data-start=\"746\" data-end=\"784\">Wyj\u0105tkowo trwa\u0142y i wydajny<\/strong>, wykonany z <strong data-start=\"796\" data-end=\"822\">wysokiej jako\u015bci materia\u0142\u00f3w<\/strong><\/li>\n<li data-start=\"825\" data-end=\"905\"><strong data-start=\"827\" data-end=\"869\">Niezwykle prosta i wydajna konstrukcja<\/strong>, zapewniaj\u0105ca <strong data-start=\"880\" data-end=\"903\">maksymaln\u0105 niezawodno\u015b\u0107<\/strong><\/li>\n<li data-start=\"906\" data-end=\"983\"><strong data-start=\"908\" data-end=\"936\">Sprawdzona i przetestowana konstrukcja<\/strong>, niezawodna w <strong data-start=\"950\" data-end=\"981\">ponad 80 krajach na ca\u0142ym \u015bwiecie<\/strong><\/li>\n<li data-start=\"984\" data-end=\"1074\">Dost\u0119pne z <strong data-start=\"999\" data-end=\"1040\">przednim i tylnym blokowanym mechanizmem r\u00f3\u017cnicowym<\/strong> dla wi\u0119kszo\u015bci <strong data-start=\"1050\" data-end=\"1072\">modeli 4WD i 2WD<\/strong>.<\/li>\n<\/ul>\n","protected":false},"excerpt":{"rendered":"<p><strong>TR117<\/strong><\/p>\n<p>Blokowany mechanizm r\u00f3\u017cnicowy TRE 4&#215;4 O\u015b tylna<\/p>\n","protected":false},"featured_media":33880,"comment_status":"open","ping_status":"closed","template":"","meta":[],"product_brand":[1233],"product_cat":[4573],"product_tag":[4575,4585,5064,4577],"class_list":{"0":"post-43402","1":"product","2":"type-product","3":"status-publish","4":"has-post-thumbnail","6":"product_brand-tre-4x4","7":"product_cat-mechanizm-roznicowy-z-blokada","8":"product_tag-lockable-differential","9":"product_tag-rear-axle","10":"product_tag-tr117","11":"product_tag-tre-4x4","12":"product_shipping_class-alte-produse","14":"first","15":"instock","16":"taxable","17":"shipping-taxable","18":"purchasable","19":"product-type-simple"},"_links":{"self":[{"href":"https:\/\/ofm4x4.com\/pl\/wp-json\/wp\/v2\/product\/43402","targetHints":{"allow":["GET"]}}],"collection":[{"href":"https:\/\/ofm4x4.com\/pl\/wp-json\/wp\/v2\/product"}],"about":[{"href":"https:\/\/ofm4x4.com\/pl\/wp-json\/wp\/v2\/types\/product"}],"replies":[{"embeddable":true,"href":"https:\/\/ofm4x4.com\/pl\/wp-json\/wp\/v2\/comments?post=43402"}],"version-history":[{"count":1,"href":"https:\/\/ofm4x4.com\/pl\/wp-json\/wp\/v2\/product\/43402\/revisions"}],"predecessor-version":[{"id":43408,"href":"https:\/\/ofm4x4.com\/pl\/wp-json\/wp\/v2\/product\/43402\/revisions\/43408"}],"wp:featuredmedia":[{"embeddable":true,"href":"https:\/\/ofm4x4.com\/pl\/wp-json\/wp\/v2\/media\/33880"}],"wp:attachment":[{"href":"https:\/\/ofm4x4.com\/pl\/wp-json\/wp\/v2\/media?parent=43402"}],"wp:term":[{"taxonomy":"product_brand","embeddable":true,"href":"https:\/\/ofm4x4.com\/pl\/wp-json\/wp\/v2\/product_brand?post=43402"},{"taxonomy":"product_cat","embeddable":true,"href":"https:\/\/ofm4x4.com\/pl\/wp-json\/wp\/v2\/product_cat?post=43402"},{"taxonomy":"product_tag","embeddable":true,"href":"https:\/\/ofm4x4.com\/pl\/wp-json\/wp\/v2\/product_tag?post=43402"}],"curies":[{"name":"wp","href":"https:\/\/api.w.org\/{rel}","templated":true}]}}