{"id":43420,"date":"2022-08-24T15:03:26","date_gmt":"2022-08-24T15:03:26","guid":{"rendered":"https:\/\/ofm4x4.com\/shop\/bez-kategorii\/blokowany-mechanizm-roznicowy-tre-4x4-tylna-os-tr210-mitsubishi\/"},"modified":"2025-09-24T09:59:21","modified_gmt":"2025-09-24T09:59:21","slug":"blokowany-mechanizm-roznicowy-tre-4x4-tylna-os-tr210-mitsubishi","status":"publish","type":"product","link":"https:\/\/ofm4x4.com\/pl\/shop\/mechanizm-roznicowy-z-blokada\/blokowany-mechanizm-roznicowy-tre-4x4-tylna-os-tr210-mitsubishi\/","title":{"rendered":"Blokowany mechanizm r\u00f3\u017cnicowy TRE 4&#215;4 tylna o\u015b TR210 Mitsubishi"},"content":{"rendered":"<h3 data-start=\"0\" data-end=\"25\"><strong data-start=\"4\" data-end=\"25\">12-miesi\u0119czna gwarancja<\/strong><\/h3>\n<p data-start=\"27\" data-end=\"108\">Kompatybilno\u015b\u0107 mo\u017cna sprawdzi\u0107 w <strong data-start=\"45\" data-end=\"87\">katalogu blokowanych mechanizm\u00f3w r\u00f3\u017cnicowych TRE 4&#215;4<\/strong>.<\/p>\n<p data-start=\"110\" data-end=\"142\"><strong data-start=\"110\" data-end=\"130\">Kompatybilny z:<\/strong> Uniwersalny<\/p>\n<p data-start=\"144\" data-end=\"238\">Do obs\u0142ugi blokowanego mechanizmu r\u00f3\u017cnicowego potrzebna b\u0119dzie r\u00f3wnie\u017c <strong data-start=\"205\" data-end=\"235\">spr\u0119\u017carka powietrza TRE 4&#215;4 12V<\/strong>.<\/p>\n<ul data-start=\"240\" data-end=\"311\">\n<li data-start=\"240\" data-end=\"267\"><strong data-start=\"242\" data-end=\"265\">O\u015b Mitsubishi 8&#8221;<\/strong><\/li>\n<li data-start=\"268\" data-end=\"286\"><strong data-start=\"270\" data-end=\"284\">28 wypust\u00f3w<\/strong><\/li>\n<li data-start=\"287\" data-end=\"311\"><strong data-start=\"289\" data-end=\"309\">Prze\u0142o\u017cenia: wszystkie<\/strong><\/li>\n<\/ul>\n<p data-start=\"313\" data-end=\"430\">Aby zapewni\u0107 prawid\u0142owy monta\u017c i unikn\u0105\u0107 uszkodze\u0144, zalecamy zlecenie monta\u017cu cz\u0119\u015bci <strong data-start=\"400\" data-end=\"427\">wyspecjalizowanemu serwisowi 4&#215;4<\/strong>.<\/p>\n<ul data-start=\"432\" data-end=\"998\">\n<li data-start=\"432\" data-end=\"463\"><strong data-start=\"434\" data-end=\"461\">100% przyczepno\u015bci na \u017c\u0105danie<\/strong><\/li>\n<li data-start=\"464\" data-end=\"505\">Wsp\u00f3\u0142pracuje z <strong data-start=\"481\" data-end=\"503\">kompresorem TRE 4&#215;4<\/strong><\/li>\n<li data-start=\"506\" data-end=\"543\"><strong data-start=\"508\" data-end=\"541\">Lepsza przyczepno\u015b\u0107<\/strong><\/li>\n<li data-start=\"544\" data-end=\"667\"><strong data-start=\"546\" data-end=\"581\">Prosta i wygodna obs\u0142uga<\/strong>, pozwalaj\u0105ca u\u017cytkownikowi skupi\u0107 si\u0119 na terenie przy jednoczesnym zachowaniu <strong data-start=\"643\" data-end=\"665\">komfortu i bezpiecze\u0144stwa<\/strong>.<\/li>\n<li data-start=\"668\" data-end=\"748\"><strong data-start=\"670\" data-end=\"708\">Wyj\u0105tkowo trwa\u0142y i wydajny<\/strong>, wykonany z <strong data-start=\"720\" data-end=\"746\">wysokiej jako\u015bci materia\u0142\u00f3w<\/strong><\/li>\n<li data-start=\"749\" data-end=\"829\"><strong data-start=\"751\" data-end=\"793\">Niezwykle prosta i wydajna konstrukcja<\/strong>, zapewniaj\u0105ca <strong data-start=\"804\" data-end=\"827\">maksymaln\u0105 niezawodno\u015b\u0107<\/strong><\/li>\n<li data-start=\"830\" data-end=\"907\"><strong data-start=\"832\" data-end=\"860\">Sprawdzona i przetestowana konstrukcja<\/strong>, niezawodna w <strong data-start=\"874\" data-end=\"905\">ponad 80 krajach na ca\u0142ym \u015bwiecie<\/strong><\/li>\n<li data-start=\"908\" data-end=\"998\">Dost\u0119pne z <strong data-start=\"923\" data-end=\"964\">przednim i tylnym blokowanym mechanizmem r\u00f3\u017cnicowym<\/strong> dla wi\u0119kszo\u015bci <strong data-start=\"974\" data-end=\"996\">modeli 4WD i 2WD<\/strong>.<\/li>\n<\/ul>\n","protected":false},"excerpt":{"rendered":"<p><strong>TR210<\/strong> Mitsubishi<\/p>\n<p>Blokowany mechanizm r\u00f3\u017cnicowy TRE 4&#215;4 O\u015b tylna<\/p>\n","protected":false},"featured_media":33882,"comment_status":"open","ping_status":"closed","template":"","meta":[],"product_brand":[1233],"product_cat":[4573],"product_tag":[4575,4699,4585,5065,4577],"class_list":{"0":"post-43420","1":"product","2":"type-product","3":"status-publish","4":"has-post-thumbnail","6":"product_brand-tre-4x4","7":"product_cat-mechanizm-roznicowy-z-blokada","8":"product_tag-lockable-differential","9":"product_tag-mitsubishi","10":"product_tag-rear-axle","11":"product_tag-tr210","12":"product_tag-tre-4x4","13":"product_shipping_class-alte-produse","15":"first","16":"instock","17":"taxable","18":"shipping-taxable","19":"purchasable","20":"product-type-simple"},"_links":{"self":[{"href":"https:\/\/ofm4x4.com\/pl\/wp-json\/wp\/v2\/product\/43420","targetHints":{"allow":["GET"]}}],"collection":[{"href":"https:\/\/ofm4x4.com\/pl\/wp-json\/wp\/v2\/product"}],"about":[{"href":"https:\/\/ofm4x4.com\/pl\/wp-json\/wp\/v2\/types\/product"}],"replies":[{"embeddable":true,"href":"https:\/\/ofm4x4.com\/pl\/wp-json\/wp\/v2\/comments?post=43420"}],"version-history":[{"count":1,"href":"https:\/\/ofm4x4.com\/pl\/wp-json\/wp\/v2\/product\/43420\/revisions"}],"predecessor-version":[{"id":43424,"href":"https:\/\/ofm4x4.com\/pl\/wp-json\/wp\/v2\/product\/43420\/revisions\/43424"}],"wp:featuredmedia":[{"embeddable":true,"href":"https:\/\/ofm4x4.com\/pl\/wp-json\/wp\/v2\/media\/33882"}],"wp:attachment":[{"href":"https:\/\/ofm4x4.com\/pl\/wp-json\/wp\/v2\/media?parent=43420"}],"wp:term":[{"taxonomy":"product_brand","embeddable":true,"href":"https:\/\/ofm4x4.com\/pl\/wp-json\/wp\/v2\/product_brand?post=43420"},{"taxonomy":"product_cat","embeddable":true,"href":"https:\/\/ofm4x4.com\/pl\/wp-json\/wp\/v2\/product_cat?post=43420"},{"taxonomy":"product_tag","embeddable":true,"href":"https:\/\/ofm4x4.com\/pl\/wp-json\/wp\/v2\/product_tag?post=43420"}],"curies":[{"name":"wp","href":"https:\/\/api.w.org\/{rel}","templated":true}]}}