{"id":43433,"date":"2022-08-24T14:59:00","date_gmt":"2022-08-24T14:59:00","guid":{"rendered":"https:\/\/ofm4x4.com\/shop\/bez-kategorii\/blokowany-mechanizm-roznicowy-tre-4x4-tylna-os-tr209-suzuki\/"},"modified":"2025-09-24T09:59:31","modified_gmt":"2025-09-24T09:59:31","slug":"blokowany-mechanizm-roznicowy-tre-4x4-tylna-os-tr209-suzuki","status":"publish","type":"product","link":"https:\/\/ofm4x4.com\/pl\/shop\/mechanizm-roznicowy-z-blokada\/blokowany-mechanizm-roznicowy-tre-4x4-tylna-os-tr209-suzuki\/","title":{"rendered":"Blokowany mechanizm r\u00f3\u017cnicowy TRE 4&#215;4 Tylna o\u015b TR209 Suzuki"},"content":{"rendered":"<h3 data-start=\"0\" data-end=\"25\"><strong data-start=\"4\" data-end=\"25\">12-miesi\u0119czna gwarancja<\/strong><\/h3>\n<p data-start=\"27\" data-end=\"108\">Kompatybilno\u015b\u0107 mo\u017cna sprawdzi\u0107 w <strong data-start=\"45\" data-end=\"87\">katalogu blokowanych mechanizm\u00f3w r\u00f3\u017cnicowych TRE 4&#215;4<\/strong>.<\/p>\n<p data-start=\"104\" data-end=\"126\"><strong data-start=\"104\" data-end=\"124\">Kompatybilny z:<\/strong><\/p>\n<ul data-start=\"127\" data-end=\"162\">\n<li data-start=\"127\" data-end=\"162\">1990-2000 <strong data-start=\"139\" data-end=\"162\">Suzuki Grand Vitara<\/strong><\/li>\n<\/ul>\n<p data-start=\"164\" data-end=\"256\">Do obs\u0142ugi blokowanego mechanizmu r\u00f3\u017cnicowego potrzebna b\u0119dzie r\u00f3wnie\u017c <strong data-start=\"225\" data-end=\"255\">spr\u0119\u017carka powietrza TRE 4&#215;4 12V<\/strong>.<\/p>\n<ul data-start=\"258\" data-end=\"274\">\n<li data-start=\"258\" data-end=\"274\"><strong data-start=\"260\" data-end=\"274\">26 wypust\u00f3w<\/strong><\/li>\n<\/ul>\n<p data-start=\"276\" data-end=\"391\">Aby zapewni\u0107 prawid\u0142owy monta\u017c i unikn\u0105\u0107 uszkodze\u0144, zalecamy zlecenie monta\u017cu cz\u0119\u015bci <strong data-start=\"363\" data-end=\"390\">wyspecjalizowanemu serwisowi 4&#215;4<\/strong>.<\/p>\n<ul data-start=\"393\" data-end=\"957\">\n<li data-start=\"393\" data-end=\"424\"><strong data-start=\"395\" data-end=\"422\">100% przyczepno\u015bci na \u017c\u0105danie<\/strong><\/li>\n<li data-start=\"425\" data-end=\"466\">Wsp\u00f3\u0142pracuje z <strong data-start=\"442\" data-end=\"464\">kompresorem TRE 4&#215;4<\/strong><\/li>\n<li data-start=\"467\" data-end=\"504\"><strong data-start=\"469\" data-end=\"502\">Lepsza przyczepno\u015b\u0107<\/strong><\/li>\n<li data-start=\"505\" data-end=\"628\"><strong data-start=\"507\" data-end=\"542\">Prosta i wygodna obs\u0142uga<\/strong>, pozwalaj\u0105ca u\u017cytkownikowi skupi\u0107 si\u0119 na terenie przy jednoczesnym zachowaniu <strong data-start=\"604\" data-end=\"626\">komfortu i bezpiecze\u0144stwa<\/strong>.<\/li>\n<li data-start=\"629\" data-end=\"709\"><strong data-start=\"631\" data-end=\"669\">Wyj\u0105tkowo trwa\u0142y i wydajny<\/strong>, wykonany z <strong data-start=\"681\" data-end=\"707\">wysokiej jako\u015bci materia\u0142\u00f3w<\/strong><\/li>\n<li data-start=\"710\" data-end=\"790\"><strong data-start=\"712\" data-end=\"754\">Niezwykle prosta i wydajna konstrukcja<\/strong>, zapewniaj\u0105ca <strong data-start=\"765\" data-end=\"788\">maksymaln\u0105 niezawodno\u015b\u0107<\/strong><\/li>\n<li data-start=\"791\" data-end=\"868\"><strong data-start=\"793\" data-end=\"821\">Sprawdzona i przetestowana konstrukcja<\/strong>, niezawodna w <strong data-start=\"835\" data-end=\"866\">ponad 80 krajach na ca\u0142ym \u015bwiecie<\/strong><\/li>\n<li data-start=\"869\" data-end=\"957\">Dost\u0119pne z <strong data-start=\"884\" data-end=\"925\">przednim i tylnym blokowanym mechanizmem r\u00f3\u017cnicowym<\/strong> dla wi\u0119kszo\u015bci <strong data-start=\"935\" data-end=\"957\">modeli 4WD i 2WD<\/strong>.<\/li>\n<\/ul>\n","protected":false},"excerpt":{"rendered":"<p><strong>TR209<\/strong> Suzuki<\/p>\n<p>Blokowany mechanizm r\u00f3\u017cnicowy TRE 4&#215;4 tylna o\u015b<\/p>\n","protected":false},"featured_media":33885,"comment_status":"open","ping_status":"closed","template":"","meta":[],"product_brand":[1233],"product_cat":[4573],"product_tag":[4575,4585,4668,5066,4577],"class_list":{"0":"post-43433","1":"product","2":"type-product","3":"status-publish","4":"has-post-thumbnail","6":"product_brand-tre-4x4","7":"product_cat-mechanizm-roznicowy-z-blokada","8":"product_tag-lockable-differential","9":"product_tag-rear-axle","10":"product_tag-suzuki","11":"product_tag-tr209","12":"product_tag-tre-4x4","13":"product_shipping_class-alte-produse","15":"first","16":"instock","17":"taxable","18":"shipping-taxable","19":"purchasable","20":"product-type-simple"},"_links":{"self":[{"href":"https:\/\/ofm4x4.com\/pl\/wp-json\/wp\/v2\/product\/43433","targetHints":{"allow":["GET"]}}],"collection":[{"href":"https:\/\/ofm4x4.com\/pl\/wp-json\/wp\/v2\/product"}],"about":[{"href":"https:\/\/ofm4x4.com\/pl\/wp-json\/wp\/v2\/types\/product"}],"replies":[{"embeddable":true,"href":"https:\/\/ofm4x4.com\/pl\/wp-json\/wp\/v2\/comments?post=43433"}],"version-history":[{"count":1,"href":"https:\/\/ofm4x4.com\/pl\/wp-json\/wp\/v2\/product\/43433\/revisions"}],"predecessor-version":[{"id":43436,"href":"https:\/\/ofm4x4.com\/pl\/wp-json\/wp\/v2\/product\/43433\/revisions\/43436"}],"wp:featuredmedia":[{"embeddable":true,"href":"https:\/\/ofm4x4.com\/pl\/wp-json\/wp\/v2\/media\/33885"}],"wp:attachment":[{"href":"https:\/\/ofm4x4.com\/pl\/wp-json\/wp\/v2\/media?parent=43433"}],"wp:term":[{"taxonomy":"product_brand","embeddable":true,"href":"https:\/\/ofm4x4.com\/pl\/wp-json\/wp\/v2\/product_brand?post=43433"},{"taxonomy":"product_cat","embeddable":true,"href":"https:\/\/ofm4x4.com\/pl\/wp-json\/wp\/v2\/product_cat?post=43433"},{"taxonomy":"product_tag","embeddable":true,"href":"https:\/\/ofm4x4.com\/pl\/wp-json\/wp\/v2\/product_tag?post=43433"}],"curies":[{"name":"wp","href":"https:\/\/api.w.org\/{rel}","templated":true}]}}