{"id":43437,"date":"2022-08-24T13:32:26","date_gmt":"2022-08-24T13:32:26","guid":{"rendered":"https:\/\/ofm4x4.com\/shop\/bez-kategorii\/blokada-mechanizmu-roznicowego-tre-4x4-przedniej-osi-tr205-suzuki-vitara\/"},"modified":"2025-09-24T09:59:32","modified_gmt":"2025-09-24T09:59:32","slug":"blokada-mechanizmu-roznicowego-tre-4x4-przedniej-osi-tr205-suzuki-vitara","status":"publish","type":"product","link":"https:\/\/ofm4x4.com\/pl\/shop\/mechanizm-roznicowy-z-blokada\/blokada-mechanizmu-roznicowego-tre-4x4-przedniej-osi-tr205-suzuki-vitara\/","title":{"rendered":"Blokada mechanizmu r\u00f3\u017cnicowego TRE 4&#215;4 przedniej osi TR205 Suzuki Vitara"},"content":{"rendered":"<h3 data-start=\"0\" data-end=\"27\"><strong data-start=\"4\" data-end=\"25\">12-miesi\u0119czna gwarancja<\/strong><\/h3>\n<p data-start=\"29\" data-end=\"136\">Mo\u017cesz sprawdzi\u0107 katalog kompatybilno\u015bci blokowanych mechanizm\u00f3w r\u00f3\u017cnicowych: [TRE 4&#215;4 Locking Differentials Catalog].<\/p>\n<ul>\n<li data-start=\"138\" data-end=\"295\"><strong data-start=\"138\" data-end=\"205\">Zawieszenie resoru pi\u00f3rowego Sierra \/ Samurai \/ SJ 1984 &#8211; 1998 (ty\u0142)<\/strong><\/li>\n<li data-start=\"138\" data-end=\"295\"><strong data-start=\"208\" data-end=\"249\">Vitara \/ Sidekick 1988 &#8211; 1998 (prz\u00f3d)<\/strong><\/li>\n<li data-start=\"138\" data-end=\"295\"><strong data-start=\"252\" data-end=\"293\">Grand Vitara, XL7 1988 &#8211; 1998 (prz\u00f3d)<\/strong><\/li>\n<\/ul>\n<p data-start=\"297\" data-end=\"385\">Do obs\u0142ugi blokady mechanizmu r\u00f3\u017cnicowego potrzebna jest r\u00f3wnie\u017c <strong data-start=\"352\" data-end=\"382\">spr\u0119\u017carka powietrza TRE 4&#215;4 12V<\/strong>.<\/p>\n<ul data-start=\"387\" data-end=\"429\">\n<li data-start=\"387\" data-end=\"405\"><strong data-start=\"389\" data-end=\"403\">22 wypusty<\/strong><\/li>\n<li data-start=\"406\" data-end=\"429\">Korona z 10 \u015brubami<\/li>\n<\/ul>\n<p data-start=\"431\" data-end=\"546\">Zaleca si\u0119 wykonanie instalacji w wyspecjalizowanym centrum serwisowym 4&#215;4, aby unikn\u0105\u0107 uszkodzenia produktu.<\/p>\n<ul data-start=\"548\" data-end=\"1044\" data-is-last-node=\"\">\n<li data-start=\"548\" data-end=\"584\">Zapewnia 100% przyczepno\u015bci na \u017c\u0105danie<\/li>\n<li data-start=\"585\" data-end=\"623\">W\u0142\u0105cza si\u0119 za pomoc\u0105 spr\u0119\u017carki powietrza TRE 4&#215;4<\/li>\n<li data-start=\"624\" data-end=\"651\">Zwi\u0119kszona pr\u0119dko\u015b\u0107 trakcji<\/li>\n<li data-start=\"652\" data-end=\"766\">Prosta i wygodna obs\u0142uga pozwala kierowcy skupi\u0107 si\u0119 na terenie, przy jednoczesnym zachowaniu komfortu i bezpiecze\u0144stwa.<\/li>\n<li data-start=\"767\" data-end=\"846\">Niezwykle trwa\u0142y i wytrzyma\u0142y &#8211; wykonany wy\u0142\u0105cznie z materia\u0142\u00f3w najwy\u017cszej jako\u015bci<\/li>\n<li data-start=\"847\" data-end=\"919\">Niezwykle prosta i wydajna konstrukcja, zapewniaj\u0105ca maksymaln\u0105 niezawodno\u015b\u0107<\/li>\n<li data-start=\"920\" data-end=\"972\">Sprawdzone i przetestowane w ponad 80 krajach na ca\u0142ym \u015bwiecie<\/li>\n<li data-start=\"973\" data-end=\"1044\" data-is-last-node=\"\">Dost\u0119pne dla przedniej i tylnej osi dla wi\u0119kszo\u015bci modeli 4WD i 2WD.<\/li>\n<\/ul>\n","protected":false},"excerpt":{"rendered":"<p><strong>TR205<\/strong> Suzuki Vitara<\/p>\n<p>Blokada mechanizmu r\u00f3\u017cnicowego TRE 4&#215;4 o\u015b przednia<\/p>\n","protected":false},"featured_media":33895,"comment_status":"open","ping_status":"closed","template":"","meta":[],"product_brand":[1233],"product_cat":[4573],"product_tag":[4874,4588,4879,5067,4577],"class_list":{"0":"post-43437","1":"product","2":"type-product","3":"status-publish","4":"has-post-thumbnail","6":"product_brand-tre-4x4","7":"product_cat-mechanizm-roznicowy-z-blokada","8":"product_tag-blokada-mechanizmu-roznicowego","9":"product_tag-front-axle","10":"product_tag-suzuki-vitara","11":"product_tag-tr205","12":"product_tag-tre-4x4","13":"product_shipping_class-alte-produse","15":"first","16":"instock","17":"taxable","18":"shipping-taxable","19":"purchasable","20":"product-type-simple"},"_links":{"self":[{"href":"https:\/\/ofm4x4.com\/pl\/wp-json\/wp\/v2\/product\/43437","targetHints":{"allow":["GET"]}}],"collection":[{"href":"https:\/\/ofm4x4.com\/pl\/wp-json\/wp\/v2\/product"}],"about":[{"href":"https:\/\/ofm4x4.com\/pl\/wp-json\/wp\/v2\/types\/product"}],"replies":[{"embeddable":true,"href":"https:\/\/ofm4x4.com\/pl\/wp-json\/wp\/v2\/comments?post=43437"}],"version-history":[{"count":1,"href":"https:\/\/ofm4x4.com\/pl\/wp-json\/wp\/v2\/product\/43437\/revisions"}],"predecessor-version":[{"id":43441,"href":"https:\/\/ofm4x4.com\/pl\/wp-json\/wp\/v2\/product\/43437\/revisions\/43441"}],"wp:featuredmedia":[{"embeddable":true,"href":"https:\/\/ofm4x4.com\/pl\/wp-json\/wp\/v2\/media\/33895"}],"wp:attachment":[{"href":"https:\/\/ofm4x4.com\/pl\/wp-json\/wp\/v2\/media?parent=43437"}],"wp:term":[{"taxonomy":"product_brand","embeddable":true,"href":"https:\/\/ofm4x4.com\/pl\/wp-json\/wp\/v2\/product_brand?post=43437"},{"taxonomy":"product_cat","embeddable":true,"href":"https:\/\/ofm4x4.com\/pl\/wp-json\/wp\/v2\/product_cat?post=43437"},{"taxonomy":"product_tag","embeddable":true,"href":"https:\/\/ofm4x4.com\/pl\/wp-json\/wp\/v2\/product_tag?post=43437"}],"curies":[{"name":"wp","href":"https:\/\/api.w.org\/{rel}","templated":true}]}}