{"id":43446,"date":"2022-08-24T14:31:47","date_gmt":"2022-08-24T14:31:47","guid":{"rendered":"https:\/\/ofm4x4.com\/shop\/bez-kategorii\/blokada-mechanizmu-roznicowego-tre-4x4-przedniej-osi-tr206-suzuki-jimny\/"},"modified":"2025-09-24T09:59:34","modified_gmt":"2025-09-24T09:59:34","slug":"blokada-mechanizmu-roznicowego-tre-4x4-przedniej-osi-tr206-suzuki-jimny","status":"publish","type":"product","link":"https:\/\/ofm4x4.com\/pl\/shop\/mechanizm-roznicowy-z-blokada\/blokada-mechanizmu-roznicowego-tre-4x4-przedniej-osi-tr206-suzuki-jimny\/","title":{"rendered":"Blokada mechanizmu r\u00f3\u017cnicowego TRE 4&#215;4 przedniej osi TR206 Suzuki Jimny"},"content":{"rendered":"<h3 data-start=\"0\" data-end=\"27\"><strong data-start=\"4\" data-end=\"25\">12-miesi\u0119czna gwarancja<\/strong><\/h3>\n<p data-start=\"29\" data-end=\"136\">Mo\u017cesz sprawdzi\u0107 katalog kompatybilno\u015bci blokowanych mechanizm\u00f3w r\u00f3\u017cnicowych: [TRE 4&#215;4 Locking Differentials Catalog].<\/p>\n<ul>\n<li data-start=\"138\" data-end=\"234\"><strong data-start=\"138\" data-end=\"164\">2003-2011 Suzuki Jimny<\/strong><\/li>\n<li data-start=\"138\" data-end=\"234\"><strong data-start=\"167\" data-end=\"200\">2003-2011 Suzuki Jimny Sierra<\/strong><\/li>\n<li data-start=\"138\" data-end=\"234\"><strong data-start=\"203\" data-end=\"232\">2003-2011 Chevrolet Jimny<\/strong><\/li>\n<\/ul>\n<p data-start=\"236\" data-end=\"324\">Do obs\u0142ugi blokady mechanizmu r\u00f3\u017cnicowego potrzebna jest r\u00f3wnie\u017c <strong data-start=\"291\" data-end=\"321\">spr\u0119\u017carka powietrza TRE 4&#215;4 12V<\/strong>.<\/p>\n<ul data-start=\"326\" data-end=\"368\">\n<li data-start=\"326\" data-end=\"344\"><strong data-start=\"328\" data-end=\"342\">22 wypusty<\/strong><\/li>\n<li data-start=\"345\" data-end=\"368\">Korona z 10 \u015brubami<\/li>\n<\/ul>\n<p data-start=\"370\" data-end=\"485\">Zaleca si\u0119 wykonanie instalacji w wyspecjalizowanym centrum serwisowym 4&#215;4, aby unikn\u0105\u0107 uszkodzenia produktu.<\/p>\n<ul data-start=\"487\" data-end=\"981\" data-is-last-node=\"\">\n<li data-start=\"487\" data-end=\"523\">Zapewnia 100% przyczepno\u015bci na \u017c\u0105danie<\/li>\n<li data-start=\"524\" data-end=\"562\">W\u0142\u0105cza si\u0119 za pomoc\u0105 spr\u0119\u017carki powietrza TRE 4&#215;4<\/li>\n<li data-start=\"563\" data-end=\"590\">Zwi\u0119kszona pr\u0119dko\u015b\u0107 trakcji<\/li>\n<li data-start=\"591\" data-end=\"705\">Prosta i wygodna obs\u0142uga pozwala kierowcy skupi\u0107 si\u0119 na terenie, przy jednoczesnym zachowaniu komfortu i bezpiecze\u0144stwa.<\/li>\n<li data-start=\"706\" data-end=\"785\">Niezwykle trwa\u0142y i wytrzyma\u0142y &#8211; wykonany wy\u0142\u0105cznie z materia\u0142\u00f3w najwy\u017cszej jako\u015bci<\/li>\n<li data-start=\"786\" data-end=\"858\">Niezwykle prosta i wydajna konstrukcja, zapewniaj\u0105ca maksymaln\u0105 niezawodno\u015b\u0107<\/li>\n<li data-start=\"859\" data-end=\"911\">Sprawdzone i przetestowane w ponad 80 krajach na ca\u0142ym \u015bwiecie<\/li>\n<li data-start=\"912\" data-end=\"981\" data-is-last-node=\"\">Dost\u0119pne dla przedniej i tylnej osi dla wi\u0119kszo\u015bci modeli 4WD i 2WD.<\/li>\n<\/ul>\n","protected":false},"excerpt":{"rendered":"<p><strong>TR206<\/strong> Suzuki Jimny<\/p>\n<p>Blokada mechanizmu r\u00f3\u017cnicowego TRE 4&#215;4 O\u015b przednia<\/p>\n","protected":false},"featured_media":33893,"comment_status":"open","ping_status":"closed","template":"","meta":[],"product_brand":[1233],"product_cat":[4573],"product_tag":[4874,4588,4877,5068,4577],"class_list":{"0":"post-43446","1":"product","2":"type-product","3":"status-publish","4":"has-post-thumbnail","6":"product_brand-tre-4x4","7":"product_cat-mechanizm-roznicowy-z-blokada","8":"product_tag-blokada-mechanizmu-roznicowego","9":"product_tag-front-axle","10":"product_tag-suzuki-jimny","11":"product_tag-tr206","12":"product_tag-tre-4x4","13":"product_shipping_class-alte-produse","15":"first","16":"instock","17":"taxable","18":"shipping-taxable","19":"purchasable","20":"product-type-simple"},"_links":{"self":[{"href":"https:\/\/ofm4x4.com\/pl\/wp-json\/wp\/v2\/product\/43446","targetHints":{"allow":["GET"]}}],"collection":[{"href":"https:\/\/ofm4x4.com\/pl\/wp-json\/wp\/v2\/product"}],"about":[{"href":"https:\/\/ofm4x4.com\/pl\/wp-json\/wp\/v2\/types\/product"}],"replies":[{"embeddable":true,"href":"https:\/\/ofm4x4.com\/pl\/wp-json\/wp\/v2\/comments?post=43446"}],"version-history":[{"count":1,"href":"https:\/\/ofm4x4.com\/pl\/wp-json\/wp\/v2\/product\/43446\/revisions"}],"predecessor-version":[{"id":43450,"href":"https:\/\/ofm4x4.com\/pl\/wp-json\/wp\/v2\/product\/43446\/revisions\/43450"}],"wp:featuredmedia":[{"embeddable":true,"href":"https:\/\/ofm4x4.com\/pl\/wp-json\/wp\/v2\/media\/33893"}],"wp:attachment":[{"href":"https:\/\/ofm4x4.com\/pl\/wp-json\/wp\/v2\/media?parent=43446"}],"wp:term":[{"taxonomy":"product_brand","embeddable":true,"href":"https:\/\/ofm4x4.com\/pl\/wp-json\/wp\/v2\/product_brand?post=43446"},{"taxonomy":"product_cat","embeddable":true,"href":"https:\/\/ofm4x4.com\/pl\/wp-json\/wp\/v2\/product_cat?post=43446"},{"taxonomy":"product_tag","embeddable":true,"href":"https:\/\/ofm4x4.com\/pl\/wp-json\/wp\/v2\/product_tag?post=43446"}],"curies":[{"name":"wp","href":"https:\/\/api.w.org\/{rel}","templated":true}]}}