{"id":43451,"date":"2022-08-24T10:22:07","date_gmt":"2022-08-24T10:22:07","guid":{"rendered":"https:\/\/ofm4x4.com\/shop\/bez-kategorii\/blokowany-mechanizm-roznicowy-tre-4x4-tr90-toyota\/"},"modified":"2025-09-24T09:59:43","modified_gmt":"2025-09-24T09:59:43","slug":"blokowany-mechanizm-roznicowy-tre-4x4-tr90-toyota","status":"publish","type":"product","link":"https:\/\/ofm4x4.com\/pl\/shop\/mechanizm-roznicowy-z-blokada\/blokowany-mechanizm-roznicowy-tre-4x4-tr90-toyota\/","title":{"rendered":"Blokowany mechanizm r\u00f3\u017cnicowy TRE 4&#215;4 TR90 Toyota"},"content":{"rendered":"<h2 data-start=\"81\" data-end=\"105\"><strong data-start=\"84\" data-end=\"105\">12-miesi\u0119czna gwarancja<\/strong><\/h2>\n<p data-start=\"24\" data-end=\"139\">Kompatybilno\u015b\u0107 mo\u017cna sprawdzi\u0107 w katalogu blokowanych mechanizm\u00f3w r\u00f3\u017cnicowych: <strong data-start=\"97\" data-end=\"139\">Katalog blokowanych mechanizm\u00f3w r\u00f3\u017cnicowych TRE 4&#215;4<\/strong><\/p>\n<p data-start=\"141\" data-end=\"232\">Do obs\u0142ugi blokowanego mechanizmu r\u00f3\u017cnicowego potrzebna b\u0119dzie r\u00f3wnie\u017c <strong data-start=\"202\" data-end=\"232\">spr\u0119\u017carka powietrza TRE 4&#215;4 12V<\/strong><\/p>\n<p data-start=\"234\" data-end=\"288\"><strong data-start=\"234\" data-end=\"288\">Blokowany tylny mechanizm r\u00f3\u017cnicowy TRE 4&#215;4 TR90 do Toyoty<\/strong><\/p>\n<ul data-start=\"290\" data-end=\"328\">\n<li data-start=\"290\" data-end=\"314\">\u015arednica planetarna: 28<\/li>\n<li data-start=\"315\" data-end=\"328\">Spliny: 27<\/li>\n<\/ul>\n<p data-start=\"330\" data-end=\"441\">Zaleca si\u0119 monta\u017c cz\u0119\u015bci w wyspecjalizowanym serwisie 4&#215;4, w przeciwnym razie istnieje ryzyko uszkodzenia produkt\u00f3w!<\/p>\n<ul data-start=\"443\" data-end=\"980\" data-is-last-node=\"\">\n<li data-start=\"443\" data-end=\"477\">Zapewnia 100% przyczepno\u015bci na \u017c\u0105danie<\/li>\n<li data-start=\"478\" data-end=\"526\">Sprz\u0119ganie odbywa si\u0119 za pomoc\u0105 <strong data-start=\"504\" data-end=\"526\">kompresora TRE 4&#215;4<\/strong><\/li>\n<li data-start=\"527\" data-end=\"552\">Zwi\u0119kszona pr\u0119dko\u015b\u0107 trakcji<\/li>\n<li data-start=\"553\" data-end=\"687\">Prosta i wygodna obs\u0142uga pozwala u\u017cytkownikowi skupi\u0107 si\u0119 na terenie bez uszczerbku dla komfortu i bezpiecze\u0144stwa fotela kierowcy.<\/li>\n<li data-start=\"688\" data-end=\"762\">Niezwykle trwa\u0142y i wydajny &#8211; wykonany z materia\u0142\u00f3w najwy\u017cszej jako\u015bci<\/li>\n<li data-start=\"763\" data-end=\"833\">Niezwykle prosta i wydajna konstrukcja, zapewniaj\u0105ca maksymaln\u0105 niezawodno\u015b\u0107<\/li>\n<li data-start=\"834\" data-end=\"893\">Sprawdzony i niezawodny w ponad 80 krajach na ca\u0142ym \u015bwiecie<\/li>\n<li data-start=\"894\" data-end=\"980\" data-is-last-node=\"\">Dost\u0119pne zar\u00f3wno dla przednich, jak i tylnych blokowanych mechanizm\u00f3w r\u00f3\u017cnicowych dla wi\u0119kszo\u015bci modeli 4WD i 2WD.<\/li>\n<\/ul>\n","protected":false},"excerpt":{"rendered":"<p><strong>TR90<\/strong> Toyota<\/p>\n<p>Blokowany mechanizm r\u00f3\u017cnicowy TRE 4&#215;4<\/p>\n","protected":false},"featured_media":33932,"comment_status":"open","ping_status":"closed","template":"","meta":[],"product_brand":[1233],"product_cat":[4573],"product_tag":[],"class_list":{"0":"post-43451","1":"product","2":"type-product","3":"status-publish","4":"has-post-thumbnail","6":"product_brand-tre-4x4","7":"product_cat-mechanizm-roznicowy-z-blokada","8":"product_shipping_class-alte-produse","10":"first","11":"instock","12":"taxable","13":"shipping-taxable","14":"purchasable","15":"product-type-simple"},"_links":{"self":[{"href":"https:\/\/ofm4x4.com\/pl\/wp-json\/wp\/v2\/product\/43451","targetHints":{"allow":["GET"]}}],"collection":[{"href":"https:\/\/ofm4x4.com\/pl\/wp-json\/wp\/v2\/product"}],"about":[{"href":"https:\/\/ofm4x4.com\/pl\/wp-json\/wp\/v2\/types\/product"}],"replies":[{"embeddable":true,"href":"https:\/\/ofm4x4.com\/pl\/wp-json\/wp\/v2\/comments?post=43451"}],"version-history":[{"count":1,"href":"https:\/\/ofm4x4.com\/pl\/wp-json\/wp\/v2\/product\/43451\/revisions"}],"predecessor-version":[{"id":43454,"href":"https:\/\/ofm4x4.com\/pl\/wp-json\/wp\/v2\/product\/43451\/revisions\/43454"}],"wp:featuredmedia":[{"embeddable":true,"href":"https:\/\/ofm4x4.com\/pl\/wp-json\/wp\/v2\/media\/33932"}],"wp:attachment":[{"href":"https:\/\/ofm4x4.com\/pl\/wp-json\/wp\/v2\/media?parent=43451"}],"wp:term":[{"taxonomy":"product_brand","embeddable":true,"href":"https:\/\/ofm4x4.com\/pl\/wp-json\/wp\/v2\/product_brand?post=43451"},{"taxonomy":"product_cat","embeddable":true,"href":"https:\/\/ofm4x4.com\/pl\/wp-json\/wp\/v2\/product_cat?post=43451"},{"taxonomy":"product_tag","embeddable":true,"href":"https:\/\/ofm4x4.com\/pl\/wp-json\/wp\/v2\/product_tag?post=43451"}],"curies":[{"name":"wp","href":"https:\/\/api.w.org\/{rel}","templated":true}]}}