{"id":43505,"date":"2020-04-23T09:04:45","date_gmt":"2020-04-23T09:04:45","guid":{"rendered":"https:\/\/ofm4x4.com\/shop\/bez-kategorii\/felga-stalowa-15x10j-6x139-7-et-50-offroad-do-nissan-mitsubishi-toyota-opel-ford\/"},"modified":"2025-09-24T09:59:47","modified_gmt":"2025-09-24T09:59:47","slug":"felga-stalowa-15x10j-6x139-7-et-50-offroad-do-nissan-mitsubishi-toyota-opel-ford","status":"publish","type":"product","link":"https:\/\/ofm4x4.com\/pl\/shop\/stalowe-felgi\/felga-stalowa-15x10j-6x139-7-et-50-offroad-do-nissan-mitsubishi-toyota-opel-ford\/","title":{"rendered":"Felga stalowa 15x10J 6&#215;139.7 ET -50 Offroad do Nissan, Mitsubishi, Toyota, Opel, Ford"},"content":{"rendered":"<div id=\"\\\" ali-anchor-alimagic-6rxnu8=\"\" class=\"\\\" magic-0=\"\" data-section=\"\\\"AliMagic-6rxnu8\\\"\" data-section-title=\"\\\"Product\" data-spm-anchor-id=\"\\\"a2700.details.pronpeci14.i0.7ae070497Niwca\\\"\">\n<p data-start=\"0\" data-end=\"21\"><strong data-start=\"0\" data-end=\"19\">Specyfikacje:<\/strong><\/p>\n<ul data-start=\"23\" data-end=\"199\">\n<li data-start=\"23\" data-end=\"44\"><strong data-start=\"25\" data-end=\"38\">\u015arednica:<\/strong> R15<\/li>\n<li data-start=\"45\" data-end=\"63\"><strong data-start=\"47\" data-end=\"57\">Szeroko\u015b\u0107:<\/strong> 10J<\/li>\n<li data-start=\"64\" data-end=\"88\"><strong data-start=\"66\" data-end=\"82\">ET (Offset):<\/strong> -50<\/li>\n<li data-start=\"89\" data-end=\"126\"><strong data-start=\"91\" data-end=\"114\">PCD (Bolt Pattern):<\/strong> 6 x 139.7<\/li>\n<li data-start=\"127\" data-end=\"147\"><strong data-start=\"129\" data-end=\"139\">Kolor:<\/strong> czarny<\/li>\n<li data-start=\"148\" data-end=\"177\" data-is-only-node=\"\"><strong data-start=\"150\" data-end=\"171\">CB (Center Bore):<\/strong> 110<\/li>\n<li data-start=\"178\" data-end=\"199\"><strong data-start=\"180\" data-end=\"190\">Model:<\/strong> OFM004<\/li>\n<\/ul>\n<p data-start=\"201\" data-end=\"298\">\u26a0\ufe0f <strong data-start=\"204\" data-end=\"296\">Ko\u0142a te nie s\u0105 zatwierdzone do u\u017cytku na drogach publicznych i nie posiadaj\u0105 certyfikatu RAR.<\/strong><\/p>\n<p data-start=\"300\" data-end=\"353\">S\u0105 one przeznaczone wy\u0142\u0105cznie do <strong data-start=\"334\" data-end=\"350\">u\u017cytku w terenie<\/strong>.<\/p>\n<ul data-start=\"355\" data-end=\"782\">\n<li data-start=\"355\" data-end=\"488\"><strong data-start=\"357\" data-end=\"397\">Stalowe felgi z tr\u00f3jk\u0105tnymi wyci\u0119ciami<\/strong>, o <strong data-start=\"411\" data-end=\"431\">\u015brednicy 15 cali<\/strong> i <strong data-start=\"436\" data-end=\"453\">szeroko\u015bci 10 cali<\/strong>, przeznaczone do pojazd\u00f3w terenowych.<\/li>\n<li data-start=\"489\" data-end=\"580\">Produkt jest <strong data-start=\"506\" data-end=\"532\">malowany proszkowo na kolor czarny<\/strong>, co zwi\u0119ksza jego odporno\u015b\u0107 na zarysowania.<\/li>\n<li data-start=\"581\" data-end=\"782\">Obr\u0119cz ma <strong data-start=\"602\" data-end=\"623\">ujemny rant<\/strong>, dzi\u0119ki czemu ko\u0142o jest bardziej wysuni\u0119te na zewn\u0105trz wzgl\u0119dem piasty, co zwi\u0119ksza <strong data-start=\"707\" data-end=\"720\">stabilno\u015b\u0107<\/strong> pojazdu i zapewnia <strong data-start=\"734\" data-end=\"781\" data-is-only-node=\"\">wi\u0119kszy prze\u015bwit dla ponadwymiarowych opon terenowych<\/strong>.<\/li>\n<\/ul>\n<p data-start=\"784\" data-end=\"962\" data-is-last-node=\"\" data-is-only-node=\"\"><strong data-start=\"784\" data-end=\"798\">Uwaga:<\/strong> W przypadku niekt\u00f3rych modeli pojazd\u00f3w mo\u017ce wyst\u0119powa\u0107 r\u00f3\u017cnica \u015brednicy mi\u0119dzy CB ko\u0142a a piast\u0105 pojazdu, co mo\u017ce wymaga\u0107 zamontowania pier\u015bcieni centruj\u0105cych.<\/p>\n<\/div>\n","protected":false},"excerpt":{"rendered":"<p data-start=\"0\" data-end=\"90\"><strong data-start=\"0\" data-end=\"88\">Felga stalowa 15X10J 6&#215;139.7 ET -50 OFFROAD do Nissan, Mitsubishi, Toyota, Opel, Ford<\/strong><\/p>\n<p data-start=\"92\" data-end=\"189\">\u26a0\ufe0f <strong data-start=\"95\" data-end=\"187\">Ko\u0142a te nie s\u0105 zatwierdzone do u\u017cytku na drogach publicznych i nie posiadaj\u0105 certyfikatu RAR.<\/strong><\/p>\n<p data-start=\"191\" data-end=\"242\" data-is-last-node=\"\" data-is-only-node=\"\">S\u0105 one przeznaczone wy\u0142\u0105cznie do <strong data-start=\"225\" data-end=\"241\">u\u017cytku w terenie<\/strong>.<\/p>\n","protected":false},"featured_media":43534,"comment_status":"open","ping_status":"closed","template":"","meta":[],"product_brand":[1279],"product_cat":[4627],"product_tag":[5072,5073,4630],"class_list":{"0":"post-43505","1":"product","2":"type-product","3":"status-publish","4":"has-post-thumbnail","6":"product_brand-ofm4x4","7":"product_cat-stalowe-felgi","8":"product_tag-15x10j","9":"product_tag-6x139-7-et-50","10":"product_tag-steel-wheel","11":"product_shipping_class-alte-produse","13":"first","14":"instock","15":"taxable","16":"shipping-taxable","17":"purchasable","18":"product-type-simple"},"_links":{"self":[{"href":"https:\/\/ofm4x4.com\/pl\/wp-json\/wp\/v2\/product\/43505","targetHints":{"allow":["GET"]}}],"collection":[{"href":"https:\/\/ofm4x4.com\/pl\/wp-json\/wp\/v2\/product"}],"about":[{"href":"https:\/\/ofm4x4.com\/pl\/wp-json\/wp\/v2\/types\/product"}],"replies":[{"embeddable":true,"href":"https:\/\/ofm4x4.com\/pl\/wp-json\/wp\/v2\/comments?post=43505"}],"version-history":[{"count":1,"href":"https:\/\/ofm4x4.com\/pl\/wp-json\/wp\/v2\/product\/43505\/revisions"}],"predecessor-version":[{"id":43535,"href":"https:\/\/ofm4x4.com\/pl\/wp-json\/wp\/v2\/product\/43505\/revisions\/43535"}],"wp:featuredmedia":[{"embeddable":true,"href":"https:\/\/ofm4x4.com\/pl\/wp-json\/wp\/v2\/media\/43534"}],"wp:attachment":[{"href":"https:\/\/ofm4x4.com\/pl\/wp-json\/wp\/v2\/media?parent=43505"}],"wp:term":[{"taxonomy":"product_brand","embeddable":true,"href":"https:\/\/ofm4x4.com\/pl\/wp-json\/wp\/v2\/product_brand?post=43505"},{"taxonomy":"product_cat","embeddable":true,"href":"https:\/\/ofm4x4.com\/pl\/wp-json\/wp\/v2\/product_cat?post=43505"},{"taxonomy":"product_tag","embeddable":true,"href":"https:\/\/ofm4x4.com\/pl\/wp-json\/wp\/v2\/product_tag?post=43505"}],"curies":[{"name":"wp","href":"https:\/\/api.w.org\/{rel}","templated":true}]}}