{"id":43564,"date":"2020-04-23T09:03:44","date_gmt":"2020-04-23T09:03:44","guid":{"rendered":"https:\/\/ofm4x4.com\/shop\/bez-kategorii\/felga-stalowa-16x10j-6x139-7-et-50-off-road-do-nissan-mitsubishi-toyota\/"},"modified":"2025-09-24T09:59:58","modified_gmt":"2025-09-24T09:59:58","slug":"felga-stalowa-16x10j-6x139-7-et-50-off-road-do-nissan-mitsubishi-toyota","status":"publish","type":"product","link":"https:\/\/ofm4x4.com\/pl\/shop\/stalowe-felgi\/felga-stalowa-16x10j-6x139-7-et-50-off-road-do-nissan-mitsubishi-toyota\/","title":{"rendered":"Felga stalowa 16x10J 6&#215;139.7 ET -50 Off-road do Nissan, Mitsubishi, Toyota"},"content":{"rendered":"<div id=\"\\\" ali-anchor-alimagic-6rxnu8=\"\" class=\"\\\" magic-0=\"\" data-section=\"\\\"AliMagic-6rxnu8\\\"\" data-section-title=\"\\\"Product\" data-spm-anchor-id=\"\\\"a2700.details.pronpeci14.i0.7ae070497Niwca\\\"\">\n<p data-start=\"0\" data-end=\"21\"><strong data-start=\"0\" data-end=\"19\">Specyfikacje:<\/strong><\/p>\n<ul data-start=\"23\" data-end=\"199\">\n<li data-start=\"23\" data-end=\"44\"><strong data-start=\"25\" data-end=\"38\">\u015arednica:<\/strong> R16<\/li>\n<li data-start=\"45\" data-end=\"63\"><strong data-start=\"47\" data-end=\"57\">Szeroko\u015b\u0107:<\/strong> 10J<\/li>\n<li data-start=\"64\" data-end=\"88\"><strong data-start=\"66\" data-end=\"82\">ET (Offset):<\/strong> -50<\/li>\n<li data-start=\"89\" data-end=\"126\"><strong data-start=\"91\" data-end=\"114\">PCD (Bolt Pattern):<\/strong> 6 x 139.7<\/li>\n<li data-start=\"127\" data-end=\"147\" data-is-only-node=\"\"><strong data-start=\"129\" data-end=\"139\">Kolor:<\/strong> czarny<\/li>\n<li data-start=\"148\" data-end=\"177\"><strong data-start=\"150\" data-end=\"171\">CB (Center Bore):<\/strong> 110<\/li>\n<li data-start=\"178\" data-end=\"199\"><strong data-start=\"180\" data-end=\"190\">Model:<\/strong> OFM006<\/li>\n<\/ul>\n<p data-start=\"201\" data-end=\"298\">\u26a0\ufe0f <strong data-start=\"204\" data-end=\"296\">Ko\u0142a te nie s\u0105 zatwierdzone do u\u017cytku na drogach publicznych i nie posiadaj\u0105 certyfikatu RAR.<\/strong><\/p>\n<p data-start=\"300\" data-end=\"353\">S\u0105 one przeznaczone wy\u0142\u0105cznie do <strong data-start=\"334\" data-end=\"350\">u\u017cytku w terenie<\/strong>.<\/p>\n<ul data-start=\"355\" data-end=\"777\" data-is-last-node=\"\" data-is-only-node=\"\">\n<li data-start=\"355\" data-end=\"488\"><strong data-start=\"357\" data-end=\"397\">Stalowe felgi z tr\u00f3jk\u0105tnymi wyci\u0119ciami<\/strong>, o <strong data-start=\"411\" data-end=\"431\">\u015brednicy 16 cali<\/strong> i <strong data-start=\"436\" data-end=\"453\" data-is-only-node=\"\">szeroko\u015bci 10 cali<\/strong>, przeznaczone do pojazd\u00f3w terenowych.<\/li>\n<li data-start=\"489\" data-end=\"575\">Produkt jest <strong data-start=\"506\" data-end=\"532\">malowany proszkowo na kolor czarny<\/strong>, co zwi\u0119ksza jego odporno\u015b\u0107 na zarysowania.<\/li>\n<li data-start=\"576\" data-end=\"777\" data-is-last-node=\"\">Obr\u0119cz ma <strong data-start=\"597\" data-end=\"618\">ujemny rant<\/strong>, dzi\u0119ki czemu ko\u0142o jest bardziej wysuni\u0119te na zewn\u0105trz wzgl\u0119dem piasty, co zwi\u0119ksza <strong data-start=\"702\" data-end=\"715\">stabilno\u015b\u0107<\/strong> pojazdu i zapewnia <strong data-start=\"729\" data-end=\"776\">wi\u0119kszy prze\u015bwit dla ponadwymiarowych opon terenowych<\/strong>.<\/li>\n<\/ul>\n<\/div>\n","protected":false},"excerpt":{"rendered":"<p data-start=\"0\" data-end=\"79\"><strong data-start=\"0\" data-end=\"77\">Felga stalowa 16X10J 6&#215;139.7 ET -50 OFF ROAD do Nissan, Mitsubishi, Toyota<\/strong><\/p>\n<p data-start=\"81\" data-end=\"178\">\u26a0\ufe0f <strong data-start=\"84\" data-end=\"176\">Ko\u0142a te nie s\u0105 zatwierdzone do u\u017cytku na drogach publicznych i nie posiadaj\u0105 certyfikatu RAR.<\/strong><\/p>\n<p data-start=\"180\" data-end=\"231\" data-is-last-node=\"\" data-is-only-node=\"\">S\u0105 one przeznaczone wy\u0142\u0105cznie do <strong data-start=\"214\" data-end=\"230\">u\u017cytku w terenie<\/strong>.<\/p>\n","protected":false},"featured_media":43588,"comment_status":"open","ping_status":"closed","template":"","meta":[],"product_brand":[1279],"product_cat":[4627],"product_tag":[5078,5073,4630],"class_list":{"0":"post-43564","1":"product","2":"type-product","3":"status-publish","4":"has-post-thumbnail","6":"product_brand-ofm4x4","7":"product_cat-stalowe-felgi","8":"product_tag-16x10j","9":"product_tag-6x139-7-et-50","10":"product_tag-steel-wheel","11":"product_shipping_class-alte-produse","13":"first","14":"instock","15":"taxable","16":"shipping-taxable","17":"purchasable","18":"product-type-simple"},"_links":{"self":[{"href":"https:\/\/ofm4x4.com\/pl\/wp-json\/wp\/v2\/product\/43564","targetHints":{"allow":["GET"]}}],"collection":[{"href":"https:\/\/ofm4x4.com\/pl\/wp-json\/wp\/v2\/product"}],"about":[{"href":"https:\/\/ofm4x4.com\/pl\/wp-json\/wp\/v2\/types\/product"}],"replies":[{"embeddable":true,"href":"https:\/\/ofm4x4.com\/pl\/wp-json\/wp\/v2\/comments?post=43564"}],"version-history":[{"count":1,"href":"https:\/\/ofm4x4.com\/pl\/wp-json\/wp\/v2\/product\/43564\/revisions"}],"predecessor-version":[{"id":43589,"href":"https:\/\/ofm4x4.com\/pl\/wp-json\/wp\/v2\/product\/43564\/revisions\/43589"}],"wp:featuredmedia":[{"embeddable":true,"href":"https:\/\/ofm4x4.com\/pl\/wp-json\/wp\/v2\/media\/43588"}],"wp:attachment":[{"href":"https:\/\/ofm4x4.com\/pl\/wp-json\/wp\/v2\/media?parent=43564"}],"wp:term":[{"taxonomy":"product_brand","embeddable":true,"href":"https:\/\/ofm4x4.com\/pl\/wp-json\/wp\/v2\/product_brand?post=43564"},{"taxonomy":"product_cat","embeddable":true,"href":"https:\/\/ofm4x4.com\/pl\/wp-json\/wp\/v2\/product_cat?post=43564"},{"taxonomy":"product_tag","embeddable":true,"href":"https:\/\/ofm4x4.com\/pl\/wp-json\/wp\/v2\/product_tag?post=43564"}],"curies":[{"name":"wp","href":"https:\/\/api.w.org\/{rel}","templated":true}]}}