{"id":43591,"date":"2020-04-23T09:03:02","date_gmt":"2020-04-23T09:03:02","guid":{"rendered":"https:\/\/ofm4x4.com\/shop\/bez-kategorii\/ofm103-kolnierze-dystansowe-50mm-6x139-7-m12x1-25mm-do-nissan-ford\/"},"modified":"2025-09-24T10:00:00","modified_gmt":"2025-09-24T10:00:00","slug":"ofm103-kolnierze-dystansowe-50mm-6x139-7-m12x1-25mm-do-nissan-ford","status":"publish","type":"product","link":"https:\/\/ofm4x4.com\/pl\/shop\/dystanse-do-kol\/ofm103-kolnierze-dystansowe-50mm-6x139-7-m12x1-25mm-do-nissan-ford\/","title":{"rendered":"OFM103 Ko\u0142nierze dystansowe 50mm 6&#215;139.7 M12x1.25mm do Nissan, Ford"},"content":{"rendered":"<p data-start=\"0\" data-end=\"209\">Ko\u0142nierze dystansowe k\u00f3\u0142 s\u0105 wykonane ze specjalnego duraluminium i spe\u0142niaj\u0105 niezb\u0119dne wymogi jako\u015bci i bezpiecze\u0144stwa. Poprawiaj\u0105 stabilno\u015b\u0107 pojazdu po podniesieniu poprzez zamontowanie zawieszenia i wi\u0119kszych k\u00f3\u0142. <\/p>\n<ul>\n<li data-start=\"211\" data-end=\"336\">Pier\u015bcie\u0144 centruj\u0105cy: Nie<\/li>\n<li data-start=\"211\" data-end=\"336\">Grubo\u015b\u0107: 50 mm<\/li>\n<li data-start=\"211\" data-end=\"336\">Mocowanie: M12 x 1,25<\/li>\n<li data-start=\"211\" data-end=\"336\">PCD: 6 x 139,7<\/li>\n<li data-start=\"211\" data-end=\"336\">Materia\u0142: Aluminium<\/li>\n<li data-start=\"211\" data-end=\"336\">CB: 110<\/li>\n<li data-start=\"211\" data-end=\"336\">Model: OFM103<\/li>\n<\/ul>\n<p data-start=\"338\" data-end=\"363\">Bez pier\u015bcienia centruj\u0105cego.<\/p>\n<p data-start=\"365\" data-end=\"518\">Kompatybilny z: Nissan Patrol, Terrano, Navara D22<br data-start=\"416\" data-end=\"419\">Maverick (CB: 100) &#8211; wymaga pier\u015bcienia centruj\u0105cego<br data-start=\"465\" data-end=\"468\">Navara D21 (CB: 100) &#8211; wymaga pier\u015bcienia centruj\u0105cego<\/p>\n<p data-start=\"520\" data-end=\"543\" data-is-last-node=\"\" data-is-only-node=\"\">Cena dotyczy jednej sztuki.<\/p>\n","protected":false},"excerpt":{"rendered":"<p>Dystanse k\u00f3\u0142 50mm 6&#215;139.7 M12x1.25mm do Nissan, Ford<\/p>\n","protected":false},"featured_media":43606,"comment_status":"open","ping_status":"closed","template":"","meta":[],"product_brand":[1279],"product_cat":[4612],"product_tag":[4671,4704,4669,5081,4670,5082],"class_list":{"0":"post-43591","1":"product","2":"type-product","3":"status-publish","4":"has-post-thumbnail","6":"product_brand-ofm4x4","7":"product_cat-dystanse-do-kol","8":"product_tag-50mm","9":"product_tag-6x139-7","10":"product_tag-dystanse-kol","11":"product_tag-ford","12":"product_tag-m12x1-25mm","13":"product_tag-nissan","14":"product_shipping_class-produse-usoare-set","16":"first","17":"instock","18":"taxable","19":"shipping-taxable","20":"purchasable","21":"product-type-simple"},"_links":{"self":[{"href":"https:\/\/ofm4x4.com\/pl\/wp-json\/wp\/v2\/product\/43591","targetHints":{"allow":["GET"]}}],"collection":[{"href":"https:\/\/ofm4x4.com\/pl\/wp-json\/wp\/v2\/product"}],"about":[{"href":"https:\/\/ofm4x4.com\/pl\/wp-json\/wp\/v2\/types\/product"}],"replies":[{"embeddable":true,"href":"https:\/\/ofm4x4.com\/pl\/wp-json\/wp\/v2\/comments?post=43591"}],"version-history":[{"count":1,"href":"https:\/\/ofm4x4.com\/pl\/wp-json\/wp\/v2\/product\/43591\/revisions"}],"predecessor-version":[{"id":43607,"href":"https:\/\/ofm4x4.com\/pl\/wp-json\/wp\/v2\/product\/43591\/revisions\/43607"}],"wp:featuredmedia":[{"embeddable":true,"href":"https:\/\/ofm4x4.com\/pl\/wp-json\/wp\/v2\/media\/43606"}],"wp:attachment":[{"href":"https:\/\/ofm4x4.com\/pl\/wp-json\/wp\/v2\/media?parent=43591"}],"wp:term":[{"taxonomy":"product_brand","embeddable":true,"href":"https:\/\/ofm4x4.com\/pl\/wp-json\/wp\/v2\/product_brand?post=43591"},{"taxonomy":"product_cat","embeddable":true,"href":"https:\/\/ofm4x4.com\/pl\/wp-json\/wp\/v2\/product_cat?post=43591"},{"taxonomy":"product_tag","embeddable":true,"href":"https:\/\/ofm4x4.com\/pl\/wp-json\/wp\/v2\/product_tag?post=43591"}],"curies":[{"name":"wp","href":"https:\/\/api.w.org\/{rel}","templated":true}]}}