{"id":43596,"date":"2022-08-24T13:26:12","date_gmt":"2022-08-24T13:26:12","guid":{"rendered":"https:\/\/ofm4x4.com\/shop\/bez-kategorii\/blokada-mechanizmu-roznicowego-tre-4x4-tr204-suzuki\/"},"modified":"2025-09-24T10:00:00","modified_gmt":"2025-09-24T10:00:00","slug":"blokada-mechanizmu-roznicowego-tre-4x4-tr204-suzuki","status":"publish","type":"product","link":"https:\/\/ofm4x4.com\/pl\/shop\/mechanizm-roznicowy-z-blokada\/blokada-mechanizmu-roznicowego-tre-4x4-tr204-suzuki\/","title":{"rendered":"Blokada mechanizmu r\u00f3\u017cnicowego TRE 4&#215;4 TR204 Suzuki"},"content":{"rendered":"<h3 data-start=\"0\" data-end=\"27\"><strong data-start=\"4\" data-end=\"25\">12-miesi\u0119czna gwarancja<\/strong><\/h3>\n<p data-start=\"29\" data-end=\"136\">Mo\u017cesz sprawdzi\u0107 katalog kompatybilno\u015bci blokowanych mechanizm\u00f3w r\u00f3\u017cnicowych: [TRE 4&#215;4 Locking Differentials Catalog].<\/p>\n<p data-start=\"138\" data-end=\"197\"><strong data-start=\"138\" data-end=\"195\">Blokada mechanizmu r\u00f3\u017cnicowego TRE 4&#215;4 ty\u0142 TR204 Suzuki Vitara<\/strong><\/p>\n<p data-start=\"199\" data-end=\"287\">Do obs\u0142ugi blokady mechanizmu r\u00f3\u017cnicowego potrzebna jest r\u00f3wnie\u017c <strong data-start=\"254\" data-end=\"284\">spr\u0119\u017carka powietrza TRE 4&#215;4 12V<\/strong>.<\/p>\n<ul data-start=\"289\" data-end=\"307\">\n<li data-start=\"289\" data-end=\"307\"><strong data-start=\"291\" data-end=\"305\">26 wypust\u00f3w<\/strong><\/li>\n<\/ul>\n<p data-start=\"309\" data-end=\"424\">Zaleca si\u0119 wykonanie instalacji w wyspecjalizowanym centrum serwisowym 4&#215;4, aby unikn\u0105\u0107 uszkodzenia produktu.<\/p>\n<ul data-start=\"426\" data-end=\"920\" data-is-last-node=\"\">\n<li data-start=\"426\" data-end=\"462\">Zapewnia 100% przyczepno\u015bci na \u017c\u0105danie<\/li>\n<li data-start=\"463\" data-end=\"501\">W\u0142\u0105cza si\u0119 za pomoc\u0105 spr\u0119\u017carki powietrza TRE 4&#215;4<\/li>\n<li data-start=\"502\" data-end=\"529\">Zwi\u0119kszona pr\u0119dko\u015b\u0107 trakcji<\/li>\n<li data-start=\"530\" data-end=\"644\">Prosta i wygodna obs\u0142uga pozwala kierowcy skupi\u0107 si\u0119 na terenie, przy jednoczesnym zachowaniu komfortu i bezpiecze\u0144stwa.<\/li>\n<li data-start=\"645\" data-end=\"724\">Niezwykle trwa\u0142y i wytrzyma\u0142y &#8211; wykonany wy\u0142\u0105cznie z materia\u0142\u00f3w najwy\u017cszej jako\u015bci<\/li>\n<li data-start=\"725\" data-end=\"797\">Niezwykle prosta i wydajna konstrukcja, zapewniaj\u0105ca maksymaln\u0105 niezawodno\u015b\u0107<\/li>\n<li data-start=\"798\" data-end=\"850\">Sprawdzone i przetestowane w ponad 80 krajach na ca\u0142ym \u015bwiecie<\/li>\n<li data-start=\"851\" data-end=\"920\" data-is-last-node=\"\">Dost\u0119pne dla przedniej i tylnej osi dla wi\u0119kszo\u015bci modeli 4WD i 2WD.<\/li>\n<\/ul>\n","protected":false},"excerpt":{"rendered":"<p><strong>TR204<\/strong> Suzuki<\/p>\n<p>Blokada mechanizmu r\u00f3\u017cnicowego TRE 4&#215;4<\/p>\n","protected":false},"featured_media":33897,"comment_status":"open","ping_status":"closed","template":"","meta":[],"product_brand":[1233],"product_cat":[4573],"product_tag":[4874,4668,5083,4577],"class_list":{"0":"post-43596","1":"product","2":"type-product","3":"status-publish","4":"has-post-thumbnail","6":"product_brand-tre-4x4","7":"product_cat-mechanizm-roznicowy-z-blokada","8":"product_tag-blokada-mechanizmu-roznicowego","9":"product_tag-suzuki","10":"product_tag-tr204","11":"product_tag-tre-4x4","12":"product_shipping_class-alte-produse","14":"first","15":"instock","16":"taxable","17":"shipping-taxable","18":"purchasable","19":"product-type-simple"},"_links":{"self":[{"href":"https:\/\/ofm4x4.com\/pl\/wp-json\/wp\/v2\/product\/43596","targetHints":{"allow":["GET"]}}],"collection":[{"href":"https:\/\/ofm4x4.com\/pl\/wp-json\/wp\/v2\/product"}],"about":[{"href":"https:\/\/ofm4x4.com\/pl\/wp-json\/wp\/v2\/types\/product"}],"replies":[{"embeddable":true,"href":"https:\/\/ofm4x4.com\/pl\/wp-json\/wp\/v2\/comments?post=43596"}],"version-history":[{"count":1,"href":"https:\/\/ofm4x4.com\/pl\/wp-json\/wp\/v2\/product\/43596\/revisions"}],"predecessor-version":[{"id":43609,"href":"https:\/\/ofm4x4.com\/pl\/wp-json\/wp\/v2\/product\/43596\/revisions\/43609"}],"wp:featuredmedia":[{"embeddable":true,"href":"https:\/\/ofm4x4.com\/pl\/wp-json\/wp\/v2\/media\/33897"}],"wp:attachment":[{"href":"https:\/\/ofm4x4.com\/pl\/wp-json\/wp\/v2\/media?parent=43596"}],"wp:term":[{"taxonomy":"product_brand","embeddable":true,"href":"https:\/\/ofm4x4.com\/pl\/wp-json\/wp\/v2\/product_brand?post=43596"},{"taxonomy":"product_cat","embeddable":true,"href":"https:\/\/ofm4x4.com\/pl\/wp-json\/wp\/v2\/product_cat?post=43596"},{"taxonomy":"product_tag","embeddable":true,"href":"https:\/\/ofm4x4.com\/pl\/wp-json\/wp\/v2\/product_tag?post=43596"}],"curies":[{"name":"wp","href":"https:\/\/api.w.org\/{rel}","templated":true}]}}