{"id":43631,"date":"2022-08-24T13:18:04","date_gmt":"2022-08-24T13:18:04","guid":{"rendered":"https:\/\/ofm4x4.com\/shop\/bez-kategorii\/blokada-mechanizmu-roznicowego-tre-4x4-tylnej-osi-tr202-nissan\/"},"modified":"2025-09-24T10:00:11","modified_gmt":"2025-09-24T10:00:11","slug":"blokada-mechanizmu-roznicowego-tre-4x4-tylnej-osi-tr202-nissan","status":"publish","type":"product","link":"https:\/\/ofm4x4.com\/pl\/shop\/mechanizm-roznicowy-z-blokada\/blokada-mechanizmu-roznicowego-tre-4x4-tylnej-osi-tr202-nissan\/","title":{"rendered":"Blokada mechanizmu r\u00f3\u017cnicowego TRE 4&#215;4 tylnej osi TR202 Nissan"},"content":{"rendered":"<h3 data-start=\"0\" data-end=\"27\"><strong data-start=\"4\" data-end=\"25\">12-miesi\u0119czna gwarancja<\/strong><\/h3>\n<p data-start=\"29\" data-end=\"144\">Mo\u017cesz sprawdzi\u0107 katalog z blokowanymi mechanizmami r\u00f3\u017cnicowymi pod k\u0105tem kompatybilno\u015bci: <strong data-start=\"101\" data-end=\"142\">Katalog mechanizm\u00f3w r\u00f3\u017cnicowych z blokad\u0105 TRE 4&#215;4<\/strong><\/p>\n<ul>\n<li data-start=\"146\" data-end=\"209\">1997 &#8211; 2005 Nissan Navara D22<\/li>\n<li data-start=\"146\" data-end=\"209\">1986 &#8211; 1997 Nissan Navara D21<\/li>\n<\/ul>\n<p data-start=\"211\" data-end=\"299\">Do obs\u0142ugi blokady mechanizmu r\u00f3\u017cnicowego potrzebna jest r\u00f3wnie\u017c <strong data-start=\"266\" data-end=\"296\">spr\u0119\u017carka powietrza TRE 4&#215;4 12V<\/strong>.<\/p>\n<ul>\n<li data-start=\"301\" data-end=\"347\">29 wypust\u00f3w<\/li>\n<li data-start=\"301\" data-end=\"347\">Osie: C200\/R200A<\/li>\n<li data-start=\"301\" data-end=\"347\">Wsp\u00f3\u0142czynniki: wszystkie<\/li>\n<\/ul>\n<p data-start=\"349\" data-end=\"462\">Zaleca si\u0119 monta\u017c cz\u0119\u015bci w wyspecjalizowanym serwisie 4&#215;4; w przeciwnym razie istnieje ryzyko uszkodzenia produkt\u00f3w.<\/p>\n<ul>\n<li data-start=\"464\" data-end=\"1034\">Zapewnia 100% przyczepno\u015bci na \u017c\u0105danie<\/li>\n<li data-start=\"464\" data-end=\"1034\">Za\u0142\u0105czanie odbywa si\u0119 za pomoc\u0105 <strong data-start=\"525\" data-end=\"547\">kompresora TRE 4&#215;4<\/strong><\/li>\n<li data-start=\"464\" data-end=\"1034\">Zwi\u0119kszona pr\u0119dko\u015b\u0107 trakcji<\/li>\n<li data-start=\"464\" data-end=\"1034\">Prosta i wygodna obs\u0142uga pozwala u\u017cytkownikowi skupi\u0107 si\u0119 na terenie bez opuszczania wygodnego i bezpiecznego fotela kierowcy.<\/li>\n<li data-start=\"464\" data-end=\"1034\">Niezwyk\u0142a trwa\u0142o\u015b\u0107 i wytrzyma\u0142o\u015b\u0107 &#8211; do produkcji u\u017cyto wy\u0142\u0105cznie materia\u0142\u00f3w najwy\u017cszej jako\u015bci<\/li>\n<li data-start=\"464\" data-end=\"1034\">Niezwykle prosta i wydajna konstrukcja, zapewniaj\u0105ca maksymaln\u0105 niezawodno\u015b\u0107<\/li>\n<li data-start=\"464\" data-end=\"1034\">Konstrukcja sprawdzona i niezawodna w ponad 80 krajach na ca\u0142ym \u015bwiecie<\/li>\n<li data-start=\"464\" data-end=\"1034\">Blokowane mechanizmy r\u00f3\u017cnicowe dost\u0119pne z <strong data-start=\"984\" data-end=\"1002\">przodu i z ty\u0142u<\/strong> dla wi\u0119kszo\u015bci modeli <strong data-start=\"1012\" data-end=\"1027\">4WD i 2WD<\/strong>.<\/li>\n<\/ul>\n","protected":false},"excerpt":{"rendered":"<p><strong>TR202<\/strong> Nissan<\/p>\n<p>Blokada mechanizmu r\u00f3\u017cnicowego TRE 4&#215;4 O\u015b tylna<\/p>\n","protected":false},"featured_media":33900,"comment_status":"open","ping_status":"closed","template":"","meta":[],"product_brand":[1233],"product_cat":[4573],"product_tag":[4874,5082,4585,5084,4577],"class_list":{"0":"post-43631","1":"product","2":"type-product","3":"status-publish","4":"has-post-thumbnail","6":"product_brand-tre-4x4","7":"product_cat-mechanizm-roznicowy-z-blokada","8":"product_tag-blokada-mechanizmu-roznicowego","9":"product_tag-nissan","10":"product_tag-rear-axle","11":"product_tag-tr202","12":"product_tag-tre-4x4","13":"product_shipping_class-alte-produse","15":"first","16":"outofstock","17":"taxable","18":"shipping-taxable","19":"purchasable","20":"product-type-simple"},"_links":{"self":[{"href":"https:\/\/ofm4x4.com\/pl\/wp-json\/wp\/v2\/product\/43631","targetHints":{"allow":["GET"]}}],"collection":[{"href":"https:\/\/ofm4x4.com\/pl\/wp-json\/wp\/v2\/product"}],"about":[{"href":"https:\/\/ofm4x4.com\/pl\/wp-json\/wp\/v2\/types\/product"}],"replies":[{"embeddable":true,"href":"https:\/\/ofm4x4.com\/pl\/wp-json\/wp\/v2\/comments?post=43631"}],"version-history":[{"count":1,"href":"https:\/\/ofm4x4.com\/pl\/wp-json\/wp\/v2\/product\/43631\/revisions"}],"predecessor-version":[{"id":43634,"href":"https:\/\/ofm4x4.com\/pl\/wp-json\/wp\/v2\/product\/43631\/revisions\/43634"}],"wp:featuredmedia":[{"embeddable":true,"href":"https:\/\/ofm4x4.com\/pl\/wp-json\/wp\/v2\/media\/33900"}],"wp:attachment":[{"href":"https:\/\/ofm4x4.com\/pl\/wp-json\/wp\/v2\/media?parent=43631"}],"wp:term":[{"taxonomy":"product_brand","embeddable":true,"href":"https:\/\/ofm4x4.com\/pl\/wp-json\/wp\/v2\/product_brand?post=43631"},{"taxonomy":"product_cat","embeddable":true,"href":"https:\/\/ofm4x4.com\/pl\/wp-json\/wp\/v2\/product_cat?post=43631"},{"taxonomy":"product_tag","embeddable":true,"href":"https:\/\/ofm4x4.com\/pl\/wp-json\/wp\/v2\/product_tag?post=43631"}],"curies":[{"name":"wp","href":"https:\/\/api.w.org\/{rel}","templated":true}]}}