{"id":43644,"date":"2022-08-24T13:12:11","date_gmt":"2022-08-24T13:12:11","guid":{"rendered":"https:\/\/ofm4x4.com\/shop\/bez-kategorii\/blokada-mechanizmu-roznicowego-tre-4x4-tylna-os-tr153-toyota\/"},"modified":"2025-09-24T10:00:14","modified_gmt":"2025-09-24T10:00:14","slug":"blokada-mechanizmu-roznicowego-tre-4x4-tylna-os-tr153-toyota","status":"publish","type":"product","link":"https:\/\/ofm4x4.com\/pl\/shop\/mechanizm-roznicowy-z-blokada\/blokada-mechanizmu-roznicowego-tre-4x4-tylna-os-tr153-toyota\/","title":{"rendered":"Blokada mechanizmu r\u00f3\u017cnicowego TRE 4&#215;4 Tylna o\u015b TR153 Toyota"},"content":{"rendered":"<h3 data-start=\"0\" data-end=\"27\"><strong data-start=\"4\" data-end=\"25\">12-miesi\u0119czna gwarancja<\/strong><\/h3>\n<p data-start=\"29\" data-end=\"144\">Mo\u017cesz sprawdzi\u0107 katalog z blokowanymi mechanizmami r\u00f3\u017cnicowymi pod k\u0105tem kompatybilno\u015bci: <strong data-start=\"101\" data-end=\"142\">Katalog mechanizm\u00f3w r\u00f3\u017cnicowych z blokad\u0105 TRE 4&#215;4<\/strong><\/p>\n<ul>\n<li data-start=\"146\" data-end=\"330\">1990 &#8211; 1999 Toyota Land Cruiser 80<\/li>\n<li data-start=\"146\" data-end=\"330\">1984 &#8211; 1992 Toyota Land Cruiser 70<\/li>\n<li data-start=\"146\" data-end=\"330\">1980 &#8211; 1988 Toyota Land Cruiser 60<\/li>\n<li data-start=\"146\" data-end=\"330\">1977 &#8211; 1982 Toyota Land Cruiser 40<\/li>\n<li data-start=\"146\" data-end=\"330\">1969 &#8211; 1976 Toyota Land Cruiser 40<\/li>\n<\/ul>\n<p data-start=\"332\" data-end=\"420\">Do obs\u0142ugi blokady mechanizmu r\u00f3\u017cnicowego potrzebna jest r\u00f3wnie\u017c <strong data-start=\"387\" data-end=\"417\">spr\u0119\u017carka powietrza TRE 4&#215;4 12V<\/strong>.<\/p>\n<ul>\n<li data-start=\"422\" data-end=\"470\">30 wypust\u00f3w<\/li>\n<li data-start=\"422\" data-end=\"470\">Osie: Toyota 8,9&#8221;<\/li>\n<li data-start=\"422\" data-end=\"470\">Wsp\u00f3\u0142czynniki: wszystkie<\/li>\n<\/ul>\n<p data-start=\"472\" data-end=\"585\">Zaleca si\u0119 monta\u017c cz\u0119\u015bci w wyspecjalizowanym serwisie 4&#215;4; w przeciwnym razie istnieje ryzyko uszkodzenia produkt\u00f3w.<\/p>\n<ul>\n<li data-start=\"587\" data-end=\"1157\">Zapewnia 100% przyczepno\u015bci na \u017c\u0105danie<\/li>\n<li data-start=\"587\" data-end=\"1157\">Za\u0142\u0105czanie odbywa si\u0119 za pomoc\u0105 <strong data-start=\"648\" data-end=\"670\">kompresora TRE 4&#215;4<\/strong><\/li>\n<li data-start=\"587\" data-end=\"1157\">Zwi\u0119kszona pr\u0119dko\u015b\u0107 trakcji<\/li>\n<li data-start=\"587\" data-end=\"1157\">Prosta i wygodna obs\u0142uga pozwala u\u017cytkownikowi skupi\u0107 si\u0119 na terenie bez opuszczania wygodnego i bezpiecznego fotela kierowcy.<\/li>\n<li data-start=\"587\" data-end=\"1157\">Niezwyk\u0142a trwa\u0142o\u015b\u0107 i wytrzyma\u0142o\u015b\u0107 &#8211; do produkcji u\u017cyto wy\u0142\u0105cznie materia\u0142\u00f3w najwy\u017cszej jako\u015bci<\/li>\n<li data-start=\"587\" data-end=\"1157\">Niezwykle prosta i wydajna konstrukcja, zapewniaj\u0105ca maksymaln\u0105 niezawodno\u015b\u0107<\/li>\n<li data-start=\"587\" data-end=\"1157\">Konstrukcja sprawdzona i niezawodna w ponad 80 krajach na ca\u0142ym \u015bwiecie<\/li>\n<li data-start=\"587\" data-end=\"1157\">Blokowane mechanizmy r\u00f3\u017cnicowe dost\u0119pne z <strong data-start=\"1107\" data-end=\"1125\">przodu i z ty\u0142u<\/strong> dla wi\u0119kszo\u015bci modeli <strong data-start=\"1135\" data-end=\"1150\">4WD i 2WD<\/strong>.<\/li>\n<\/ul>\n","protected":false},"excerpt":{"rendered":"<p><strong>TR153<\/strong> Toyota<\/p>\n<p>Blokada mechanizmu r\u00f3\u017cnicowego TRE 4&#215;4 tylna o\u015b<\/p>\n","protected":false},"featured_media":33902,"comment_status":"open","ping_status":"closed","template":"","meta":[],"product_brand":[1233],"product_cat":[4573],"product_tag":[4874,4585,4701,5086,4577],"class_list":{"0":"post-43644","1":"product","2":"type-product","3":"status-publish","4":"has-post-thumbnail","6":"product_brand-tre-4x4","7":"product_cat-mechanizm-roznicowy-z-blokada","8":"product_tag-blokada-mechanizmu-roznicowego","9":"product_tag-rear-axle","10":"product_tag-toyota","11":"product_tag-tr153","12":"product_tag-tre-4x4","13":"product_shipping_class-alte-produse","15":"first","16":"instock","17":"taxable","18":"shipping-taxable","19":"purchasable","20":"product-type-simple"},"_links":{"self":[{"href":"https:\/\/ofm4x4.com\/pl\/wp-json\/wp\/v2\/product\/43644","targetHints":{"allow":["GET"]}}],"collection":[{"href":"https:\/\/ofm4x4.com\/pl\/wp-json\/wp\/v2\/product"}],"about":[{"href":"https:\/\/ofm4x4.com\/pl\/wp-json\/wp\/v2\/types\/product"}],"replies":[{"embeddable":true,"href":"https:\/\/ofm4x4.com\/pl\/wp-json\/wp\/v2\/comments?post=43644"}],"version-history":[{"count":1,"href":"https:\/\/ofm4x4.com\/pl\/wp-json\/wp\/v2\/product\/43644\/revisions"}],"predecessor-version":[{"id":43647,"href":"https:\/\/ofm4x4.com\/pl\/wp-json\/wp\/v2\/product\/43644\/revisions\/43647"}],"wp:featuredmedia":[{"embeddable":true,"href":"https:\/\/ofm4x4.com\/pl\/wp-json\/wp\/v2\/media\/33902"}],"wp:attachment":[{"href":"https:\/\/ofm4x4.com\/pl\/wp-json\/wp\/v2\/media?parent=43644"}],"wp:term":[{"taxonomy":"product_brand","embeddable":true,"href":"https:\/\/ofm4x4.com\/pl\/wp-json\/wp\/v2\/product_brand?post=43644"},{"taxonomy":"product_cat","embeddable":true,"href":"https:\/\/ofm4x4.com\/pl\/wp-json\/wp\/v2\/product_cat?post=43644"},{"taxonomy":"product_tag","embeddable":true,"href":"https:\/\/ofm4x4.com\/pl\/wp-json\/wp\/v2\/product_tag?post=43644"}],"curies":[{"name":"wp","href":"https:\/\/api.w.org\/{rel}","templated":true}]}}