{"id":43663,"date":"2022-08-24T12:56:23","date_gmt":"2022-08-24T12:56:23","guid":{"rendered":"https:\/\/ofm4x4.com\/shop\/bez-kategorii\/blokada-mechanizmu-roznicowego-tre-4x4-tylnej-osi-tr135-nissan\/"},"modified":"2025-09-24T10:00:26","modified_gmt":"2025-09-24T10:00:26","slug":"blokada-mechanizmu-roznicowego-tre-4x4-tylnej-osi-tr135-nissan","status":"publish","type":"product","link":"https:\/\/ofm4x4.com\/pl\/shop\/mechanizm-roznicowy-z-blokada\/blokada-mechanizmu-roznicowego-tre-4x4-tylnej-osi-tr135-nissan\/","title":{"rendered":"Blokada mechanizmu r\u00f3\u017cnicowego TRE 4&#215;4 tylnej osi TR135 Nissan"},"content":{"rendered":"<h3 data-start=\"0\" data-end=\"27\"><strong data-start=\"4\" data-end=\"25\">12-miesi\u0119czna gwarancja<\/strong><\/h3>\n<p data-start=\"29\" data-end=\"144\">Mo\u017cesz sprawdzi\u0107 katalog z blokowanymi mechanizmami r\u00f3\u017cnicowymi pod k\u0105tem kompatybilno\u015bci: <strong data-start=\"101\" data-end=\"142\">Katalog mechanizm\u00f3w r\u00f3\u017cnicowych z blokad\u0105 TRE 4&#215;4<\/strong><\/p>\n<p data-start=\"146\" data-end=\"170\"><strong data-start=\"146\" data-end=\"168\">Kompatybilne modele:<\/strong><\/p>\n<ul data-start=\"171\" data-end=\"580\">\n<li data-start=\"171\" data-end=\"216\">2000-2004 Nissan Xterra 6 cyl (tylna o\u015b)<\/li>\n<li data-start=\"217\" data-end=\"264\">1998-2004 Nissan Frontier 6 cyl (tylna o\u015b)<\/li>\n<li data-start=\"265\" data-end=\"311\">1998-2004 Nissan Navarra 6 cyl (tylna o\u015b)<\/li>\n<li data-start=\"312\" data-end=\"361\">1996-2004 Nissan Pathfinder 6 cyl (tylna o\u015b)<\/li>\n<li data-start=\"362\" data-end=\"408\">1987-1998 Nissan Patrol GQ Y60 (tylna o\u015b)<\/li>\n<li data-start=\"409\" data-end=\"448\">1987-1998 Nissan Safari (tylna o\u015b)<\/li>\n<li data-start=\"449\" data-end=\"495\">1998-2009 Nissan Patrol GU Y61 (o\u015b tylna)<\/li>\n<li data-start=\"496\" data-end=\"539\">2003-2006 Nissan Terrano II (tylna o\u015b)<\/li>\n<li data-start=\"540\" data-end=\"580\">2003-2006 Nissan Mistral (tylna o\u015b)<\/li>\n<\/ul>\n<p data-start=\"582\" data-end=\"670\">Do obs\u0142ugi blokady mechanizmu r\u00f3\u017cnicowego potrzebna jest r\u00f3wnie\u017c <strong data-start=\"637\" data-end=\"667\">spr\u0119\u017carka powietrza TRE 4&#215;4 12V<\/strong>.<\/p>\n<ul>\n<li data-start=\"672\" data-end=\"728\">33 wypusty<\/li>\n<li data-start=\"672\" data-end=\"728\">Osie: Nissan H233B<\/li>\n<li data-start=\"672\" data-end=\"728\">Wsp\u00f3\u0142czynniki: 3.73 &#8211; 5.38<\/li>\n<\/ul>\n<p data-start=\"730\" data-end=\"843\">Zaleca si\u0119 monta\u017c cz\u0119\u015bci w wyspecjalizowanym serwisie 4&#215;4; w przeciwnym razie istnieje ryzyko uszkodzenia produkt\u00f3w.<\/p>\n<ul>\n<li data-start=\"845\" data-end=\"1417\">Zapewnia 100% przyczepno\u015bci na \u017c\u0105danie<\/li>\n<li data-start=\"845\" data-end=\"1417\">Za\u0142\u0105czanie odbywa si\u0119 za pomoc\u0105 <strong data-start=\"906\" data-end=\"928\">kompresora TRE 4&#215;4<\/strong><\/li>\n<li data-start=\"845\" data-end=\"1417\">Zwi\u0119kszona pr\u0119dko\u015b\u0107 trakcji<\/li>\n<li data-start=\"845\" data-end=\"1417\">Prosta i wygodna obs\u0142uga pozwala u\u017cytkownikowi skupi\u0107 si\u0119 na terenie bez opuszczania wygodnego i bezpiecznego fotela kierowcy.<\/li>\n<li data-start=\"845\" data-end=\"1417\">Niezwyk\u0142a trwa\u0142o\u015b\u0107 i wytrzyma\u0142o\u015b\u0107 &#8211; do produkcji u\u017cyto wy\u0142\u0105cznie materia\u0142\u00f3w najwy\u017cszej jako\u015bci<\/li>\n<li data-start=\"845\" data-end=\"1417\">Niezwykle prosta i wydajna konstrukcja, zapewniaj\u0105ca maksymaln\u0105 niezawodno\u015b\u0107<\/li>\n<li data-start=\"845\" data-end=\"1417\">Konstrukcja sprawdzona i niezawodna w ponad 80 krajach na ca\u0142ym \u015bwiecie<\/li>\n<li data-start=\"845\" data-end=\"1417\">Blokowane mechanizmy r\u00f3\u017cnicowe dost\u0119pne z <strong data-start=\"1365\" data-end=\"1383\">przodu i z ty\u0142u<\/strong> dla wi\u0119kszo\u015bci modeli <strong data-start=\"1393\" data-end=\"1408\">4WD i 2WD<\/strong>.<\/li>\n<\/ul>\n","protected":false},"excerpt":{"rendered":"<p> <strong> TR135<\/strong> Nissan<\/p>\n<p>Blokada mechanizmu r\u00f3\u017cnicowego TRE 4&#215;4 tylna o\u015b<\/p>\n","protected":false},"featured_media":33911,"comment_status":"open","ping_status":"closed","template":"","meta":[],"product_brand":[1233],"product_cat":[4573],"product_tag":[4874,5082,4585,5088,4577],"class_list":{"0":"post-43663","1":"product","2":"type-product","3":"status-publish","4":"has-post-thumbnail","6":"product_brand-tre-4x4","7":"product_cat-mechanizm-roznicowy-z-blokada","8":"product_tag-blokada-mechanizmu-roznicowego","9":"product_tag-nissan","10":"product_tag-rear-axle","11":"product_tag-tr135","12":"product_tag-tre-4x4","13":"product_shipping_class-alte-produse","15":"first","16":"outofstock","17":"taxable","18":"shipping-taxable","19":"purchasable","20":"product-type-simple"},"_links":{"self":[{"href":"https:\/\/ofm4x4.com\/pl\/wp-json\/wp\/v2\/product\/43663","targetHints":{"allow":["GET"]}}],"collection":[{"href":"https:\/\/ofm4x4.com\/pl\/wp-json\/wp\/v2\/product"}],"about":[{"href":"https:\/\/ofm4x4.com\/pl\/wp-json\/wp\/v2\/types\/product"}],"replies":[{"embeddable":true,"href":"https:\/\/ofm4x4.com\/pl\/wp-json\/wp\/v2\/comments?post=43663"}],"version-history":[{"count":1,"href":"https:\/\/ofm4x4.com\/pl\/wp-json\/wp\/v2\/product\/43663\/revisions"}],"predecessor-version":[{"id":43666,"href":"https:\/\/ofm4x4.com\/pl\/wp-json\/wp\/v2\/product\/43663\/revisions\/43666"}],"wp:featuredmedia":[{"embeddable":true,"href":"https:\/\/ofm4x4.com\/pl\/wp-json\/wp\/v2\/media\/33911"}],"wp:attachment":[{"href":"https:\/\/ofm4x4.com\/pl\/wp-json\/wp\/v2\/media?parent=43663"}],"wp:term":[{"taxonomy":"product_brand","embeddable":true,"href":"https:\/\/ofm4x4.com\/pl\/wp-json\/wp\/v2\/product_brand?post=43663"},{"taxonomy":"product_cat","embeddable":true,"href":"https:\/\/ofm4x4.com\/pl\/wp-json\/wp\/v2\/product_cat?post=43663"},{"taxonomy":"product_tag","embeddable":true,"href":"https:\/\/ofm4x4.com\/pl\/wp-json\/wp\/v2\/product_tag?post=43663"}],"curies":[{"name":"wp","href":"https:\/\/api.w.org\/{rel}","templated":true}]}}