{"id":43674,"date":"2022-08-24T12:03:01","date_gmt":"2022-08-24T12:03:01","guid":{"rendered":"https:\/\/ofm4x4.com\/shop\/bez-kategorii\/blokada-mechanizmu-roznicowego-tre-4x4-tr127-land-rover\/"},"modified":"2025-09-24T10:00:36","modified_gmt":"2025-09-24T10:00:36","slug":"blokada-mechanizmu-roznicowego-tre-4x4-tr127-land-rover","status":"publish","type":"product","link":"https:\/\/ofm4x4.com\/pl\/shop\/mechanizm-roznicowy-z-blokada\/blokada-mechanizmu-roznicowego-tre-4x4-tr127-land-rover\/","title":{"rendered":"Blokada mechanizmu r\u00f3\u017cnicowego TRE 4&#215;4 TR127 Land Rover"},"content":{"rendered":"<h3 data-start=\"0\" data-end=\"27\"><strong data-start=\"4\" data-end=\"25\">12-miesi\u0119czna gwarancja<\/strong><\/h3>\n<p data-start=\"29\" data-end=\"144\">Mo\u017cesz sprawdzi\u0107 katalog z blokowanymi mechanizmami r\u00f3\u017cnicowymi pod k\u0105tem kompatybilno\u015bci: <strong data-start=\"101\" data-end=\"142\">Katalog mechanizm\u00f3w r\u00f3\u017cnicowych z blokad\u0105 TRE 4&#215;4<\/strong><\/p>\n<ul data-start=\"146\" data-end=\"465\">\n<li data-start=\"146\" data-end=\"189\"><strong data-start=\"148\" data-end=\"176\">Range Rover (prz\u00f3d\/ty\u0142)<\/strong> do 1993 r.<\/li>\n<li data-start=\"190\" data-end=\"231\"><strong data-start=\"192\" data-end=\"218\">Discovery (prz\u00f3d\/ty\u0142)<\/strong> do 1993 r.<\/li>\n<li data-start=\"232\" data-end=\"276\"><strong data-start=\"234\" data-end=\"264\">Defender 110\/130 (prz\u00f3d)<\/strong> 1983-1993<\/li>\n<li data-start=\"277\" data-end=\"325\"><strong data-start=\"279\" data-end=\"313\">Defender 110\/130 LWB (prz\u00f3d)<\/strong> 1979-1983<\/li>\n<li data-start=\"326\" data-end=\"376\"><strong data-start=\"328\" data-end=\"364\">Defender 90, County (prz\u00f3d\/ty\u0142)<\/strong> 1984-1993<\/li>\n<li data-start=\"377\" data-end=\"434\"><strong data-start=\"379\" data-end=\"422\">Defender Series III, II, I (prz\u00f3d\/ty\u0142)<\/strong> 1948-1985<\/li>\n<li data-start=\"435\" data-end=\"465\"><strong data-start=\"437\" data-end=\"463\">Santana Anibal (prz\u00f3d)<\/strong><\/li>\n<\/ul>\n<p data-start=\"467\" data-end=\"555\">Do obs\u0142ugi blokady mechanizmu r\u00f3\u017cnicowego potrzebna jest r\u00f3wnie\u017c <strong data-start=\"522\" data-end=\"552\">spr\u0119\u017carka powietrza TRE 4&#215;4 12V<\/strong>.<\/p>\n<ul>\n<li data-start=\"557\" data-end=\"570\">Spliny: 10<\/li>\n<\/ul>\n<p data-start=\"572\" data-end=\"685\">Zaleca si\u0119 monta\u017c cz\u0119\u015bci w wyspecjalizowanym serwisie 4&#215;4; w przeciwnym razie istnieje ryzyko uszkodzenia produkt\u00f3w.<\/p>\n<ul>\n<li data-start=\"687\" data-end=\"1259\">Zapewnia 100% przyczepno\u015bci na \u017c\u0105danie<\/li>\n<li data-start=\"687\" data-end=\"1259\">Za\u0142\u0105czanie odbywa si\u0119 za pomoc\u0105 <strong data-start=\"748\" data-end=\"770\">kompresora TRE 4&#215;4<\/strong><\/li>\n<li data-start=\"687\" data-end=\"1259\">Zwi\u0119kszona pr\u0119dko\u015b\u0107 trakcji<\/li>\n<li data-start=\"687\" data-end=\"1259\">Prosta i wygodna obs\u0142uga pozwala u\u017cytkownikowi skupi\u0107 si\u0119 na terenie bez opuszczania wygodnego i bezpiecznego fotela kierowcy.<\/li>\n<li data-start=\"687\" data-end=\"1259\">Niezwyk\u0142a trwa\u0142o\u015b\u0107 i wytrzyma\u0142o\u015b\u0107 &#8211; do produkcji u\u017cyto wy\u0142\u0105cznie materia\u0142\u00f3w najwy\u017cszej jako\u015bci<\/li>\n<li data-start=\"687\" data-end=\"1259\">Niezwykle prosta i wydajna konstrukcja, zapewniaj\u0105ca maksymaln\u0105 niezawodno\u015b\u0107<\/li>\n<li data-start=\"687\" data-end=\"1259\">Konstrukcja sprawdzona i niezawodna w ponad 80 krajach na ca\u0142ym \u015bwiecie<\/li>\n<li data-start=\"687\" data-end=\"1259\">Blokowane mechanizmy r\u00f3\u017cnicowe dost\u0119pne z <strong data-start=\"1207\" data-end=\"1225\">przodu i z ty\u0142u<\/strong> dla wi\u0119kszo\u015bci modeli <strong data-start=\"1235\" data-end=\"1250\">4WD i 2WD<\/strong>.<\/li>\n<\/ul>\n","protected":false},"excerpt":{"rendered":"<p><strong>TR127<\/strong> Land Rover<\/p>\n<p>Blokada mechanizmu r\u00f3\u017cnicowego TRE 4&#215;4<\/p>\n","protected":false},"featured_media":33920,"comment_status":"open","ping_status":"closed","template":"","meta":[],"product_brand":[1233],"product_cat":[4573],"product_tag":[4874,4780,5090,4577],"class_list":{"0":"post-43674","1":"product","2":"type-product","3":"status-publish","4":"has-post-thumbnail","6":"product_brand-tre-4x4","7":"product_cat-mechanizm-roznicowy-z-blokada","8":"product_tag-blokada-mechanizmu-roznicowego","9":"product_tag-land-rover","10":"product_tag-tr127","11":"product_tag-tre-4x4","12":"product_shipping_class-alte-produse","14":"first","15":"instock","16":"taxable","17":"shipping-taxable","18":"purchasable","19":"product-type-simple"},"_links":{"self":[{"href":"https:\/\/ofm4x4.com\/pl\/wp-json\/wp\/v2\/product\/43674","targetHints":{"allow":["GET"]}}],"collection":[{"href":"https:\/\/ofm4x4.com\/pl\/wp-json\/wp\/v2\/product"}],"about":[{"href":"https:\/\/ofm4x4.com\/pl\/wp-json\/wp\/v2\/types\/product"}],"replies":[{"embeddable":true,"href":"https:\/\/ofm4x4.com\/pl\/wp-json\/wp\/v2\/comments?post=43674"}],"version-history":[{"count":1,"href":"https:\/\/ofm4x4.com\/pl\/wp-json\/wp\/v2\/product\/43674\/revisions"}],"predecessor-version":[{"id":43677,"href":"https:\/\/ofm4x4.com\/pl\/wp-json\/wp\/v2\/product\/43674\/revisions\/43677"}],"wp:featuredmedia":[{"embeddable":true,"href":"https:\/\/ofm4x4.com\/pl\/wp-json\/wp\/v2\/media\/33920"}],"wp:attachment":[{"href":"https:\/\/ofm4x4.com\/pl\/wp-json\/wp\/v2\/media?parent=43674"}],"wp:term":[{"taxonomy":"product_brand","embeddable":true,"href":"https:\/\/ofm4x4.com\/pl\/wp-json\/wp\/v2\/product_brand?post=43674"},{"taxonomy":"product_cat","embeddable":true,"href":"https:\/\/ofm4x4.com\/pl\/wp-json\/wp\/v2\/product_cat?post=43674"},{"taxonomy":"product_tag","embeddable":true,"href":"https:\/\/ofm4x4.com\/pl\/wp-json\/wp\/v2\/product_tag?post=43674"}],"curies":[{"name":"wp","href":"https:\/\/api.w.org\/{rel}","templated":true}]}}