{"id":43680,"date":"2022-08-24T12:17:39","date_gmt":"2022-08-24T12:17:39","guid":{"rendered":"https:\/\/ofm4x4.com\/shop\/bez-kategorii\/blokada-mechanizmu-roznicowego-tre-4x4-tr128-land-rover\/"},"modified":"2025-09-24T10:00:38","modified_gmt":"2025-09-24T10:00:38","slug":"blokada-mechanizmu-roznicowego-tre-4x4-tr128-land-rover","status":"publish","type":"product","link":"https:\/\/ofm4x4.com\/pl\/shop\/mechanizm-roznicowy-z-blokada\/blokada-mechanizmu-roznicowego-tre-4x4-tr128-land-rover\/","title":{"rendered":"Blokada mechanizmu r\u00f3\u017cnicowego TRE 4&#215;4 TR128 Land Rover"},"content":{"rendered":"<h3 data-start=\"0\" data-end=\"27\"><strong data-start=\"4\" data-end=\"25\">12-miesi\u0119czna gwarancja<\/strong><\/h3>\n<p data-start=\"29\" data-end=\"144\">Mo\u017cesz sprawdzi\u0107 katalog z blokowanymi mechanizmami r\u00f3\u017cnicowymi pod k\u0105tem kompatybilno\u015bci: <strong data-start=\"101\" data-end=\"142\">Katalog mechanizm\u00f3w r\u00f3\u017cnicowych z blokad\u0105 TRE 4&#215;4<\/strong><\/p>\n<p data-start=\"146\" data-end=\"234\">Do obs\u0142ugi blokady mechanizmu r\u00f3\u017cnicowego potrzebna jest r\u00f3wnie\u017c <strong data-start=\"201\" data-end=\"231\">spr\u0119\u017carka powietrza TRE 4&#215;4 12V<\/strong>.<\/p>\n<ul>\n<li data-start=\"236\" data-end=\"249\">Spliny: 24<\/li>\n<\/ul>\n<p data-start=\"251\" data-end=\"364\">Zaleca si\u0119 monta\u017c cz\u0119\u015bci w wyspecjalizowanym serwisie 4&#215;4; w przeciwnym razie istnieje ryzyko uszkodzenia produkt\u00f3w.<\/p>\n<ul>\n<li data-start=\"366\" data-end=\"938\">Zapewnia 100% przyczepno\u015bci na \u017c\u0105danie<\/li>\n<li data-start=\"366\" data-end=\"938\">Za\u0142\u0105czanie odbywa si\u0119 za pomoc\u0105 <strong data-start=\"427\" data-end=\"449\">kompresora TRE 4&#215;4<\/strong><\/li>\n<li data-start=\"366\" data-end=\"938\">Zwi\u0119kszona pr\u0119dko\u015b\u0107 trakcji<\/li>\n<li data-start=\"366\" data-end=\"938\">Prosta i wygodna obs\u0142uga pozwala u\u017cytkownikowi skupi\u0107 si\u0119 na terenie bez opuszczania wygodnego i bezpiecznego fotela kierowcy.<\/li>\n<li data-start=\"366\" data-end=\"938\">Niezwyk\u0142a trwa\u0142o\u015b\u0107 i wytrzyma\u0142o\u015b\u0107 &#8211; do produkcji u\u017cyto wy\u0142\u0105cznie materia\u0142\u00f3w najwy\u017cszej jako\u015bci<\/li>\n<li data-start=\"366\" data-end=\"938\">Niezwykle prosta i wydajna konstrukcja, zapewniaj\u0105ca maksymaln\u0105 niezawodno\u015b\u0107<\/li>\n<li data-start=\"366\" data-end=\"938\">Konstrukcja sprawdzona i niezawodna w ponad 80 krajach na ca\u0142ym \u015bwiecie<\/li>\n<li data-start=\"366\" data-end=\"938\">Blokowane mechanizmy r\u00f3\u017cnicowe dost\u0119pne z <strong data-start=\"886\" data-end=\"904\">przodu i z ty\u0142u<\/strong> dla wi\u0119kszo\u015bci modeli <strong data-start=\"914\" data-end=\"929\">4WD i 2WD<\/strong>.<\/li>\n<\/ul>\n","protected":false},"excerpt":{"rendered":"<p><strong>TR128<\/strong> Land Rover<\/p>\n<p>Blokada mechanizmu r\u00f3\u017cnicowego TRE 4&#215;4<\/p>\n","protected":false},"featured_media":33918,"comment_status":"open","ping_status":"closed","template":"","meta":[],"product_brand":[1233],"product_cat":[4573],"product_tag":[4874,4780,5091,4577],"class_list":{"0":"post-43680","1":"product","2":"type-product","3":"status-publish","4":"has-post-thumbnail","6":"product_brand-tre-4x4","7":"product_cat-mechanizm-roznicowy-z-blokada","8":"product_tag-blokada-mechanizmu-roznicowego","9":"product_tag-land-rover","10":"product_tag-tr128","11":"product_tag-tre-4x4","12":"product_shipping_class-alte-produse","14":"first","15":"outofstock","16":"taxable","17":"shipping-taxable","18":"purchasable","19":"product-type-simple"},"_links":{"self":[{"href":"https:\/\/ofm4x4.com\/pl\/wp-json\/wp\/v2\/product\/43680","targetHints":{"allow":["GET"]}}],"collection":[{"href":"https:\/\/ofm4x4.com\/pl\/wp-json\/wp\/v2\/product"}],"about":[{"href":"https:\/\/ofm4x4.com\/pl\/wp-json\/wp\/v2\/types\/product"}],"replies":[{"embeddable":true,"href":"https:\/\/ofm4x4.com\/pl\/wp-json\/wp\/v2\/comments?post=43680"}],"version-history":[{"count":1,"href":"https:\/\/ofm4x4.com\/pl\/wp-json\/wp\/v2\/product\/43680\/revisions"}],"predecessor-version":[{"id":43682,"href":"https:\/\/ofm4x4.com\/pl\/wp-json\/wp\/v2\/product\/43680\/revisions\/43682"}],"wp:featuredmedia":[{"embeddable":true,"href":"https:\/\/ofm4x4.com\/pl\/wp-json\/wp\/v2\/media\/33918"}],"wp:attachment":[{"href":"https:\/\/ofm4x4.com\/pl\/wp-json\/wp\/v2\/media?parent=43680"}],"wp:term":[{"taxonomy":"product_brand","embeddable":true,"href":"https:\/\/ofm4x4.com\/pl\/wp-json\/wp\/v2\/product_brand?post=43680"},{"taxonomy":"product_cat","embeddable":true,"href":"https:\/\/ofm4x4.com\/pl\/wp-json\/wp\/v2\/product_cat?post=43680"},{"taxonomy":"product_tag","embeddable":true,"href":"https:\/\/ofm4x4.com\/pl\/wp-json\/wp\/v2\/product_tag?post=43680"}],"curies":[{"name":"wp","href":"https:\/\/api.w.org\/{rel}","templated":true}]}}