{"id":43687,"date":"2020-06-11T12:50:08","date_gmt":"2020-06-11T12:50:08","guid":{"rendered":"https:\/\/ofm4x4.com\/shop\/bez-kategorii\/prowadnica-rolkowa-do-wciagarki-grizzly\/"},"modified":"2025-09-24T10:01:02","modified_gmt":"2025-09-24T10:01:02","slug":"prowadnica-rolkowa-do-wciagarki-grizzly","status":"publish","type":"product","link":"https:\/\/ofm4x4.com\/pl\/shop\/wciagarki-elektryczne\/czesci-wyciagarek\/prowadnica-rolkowa-do-wciagarki-grizzly\/","title":{"rendered":"Prowadnica rolkowa do wci\u0105garki Grizzly"},"content":{"rendered":"<ul>\n<li data-start=\"0\" data-end=\"44\">Zalecane dla wci\u0105garek 9000 lbs &#8211; 17000 lbs<\/li>\n<li data-start=\"45\" data-end=\"85\">Odleg\u0142o\u015b\u0107 mi\u0119dzy otworami monta\u017cowymi: 254 mm<\/li>\n<li data-start=\"86\" data-end=\"112\">Wymiary: 298x125x88mm<\/li>\n<li data-start=\"113\" data-end=\"130\">Materia\u0142: Stal<\/li>\n<li data-start=\"131\" data-end=\"160\" data-is-last-node=\"\">Do stosowania z link\u0105 stalow\u0105<\/li>\n<\/ul>\n","protected":false},"excerpt":{"rendered":"<p>Prowadnica rolkowa do wci\u0105garki Grizzly<\/p>\n","protected":false},"featured_media":43690,"comment_status":"open","ping_status":"closed","template":"","meta":[],"product_brand":[],"product_cat":[4639],"product_tag":[4643,5094],"class_list":{"0":"post-43687","1":"product","2":"type-product","3":"status-publish","4":"has-post-thumbnail","6":"product_cat-czesci-wyciagarek","7":"product_tag-grizzly-winch-2","8":"product_tag-roller-fairlead","9":"product_shipping_class-alte-produse-2","11":"first","12":"outofstock","13":"taxable","14":"shipping-taxable","15":"purchasable","16":"product-type-simple"},"_links":{"self":[{"href":"https:\/\/ofm4x4.com\/pl\/wp-json\/wp\/v2\/product\/43687","targetHints":{"allow":["GET"]}}],"collection":[{"href":"https:\/\/ofm4x4.com\/pl\/wp-json\/wp\/v2\/product"}],"about":[{"href":"https:\/\/ofm4x4.com\/pl\/wp-json\/wp\/v2\/types\/product"}],"replies":[{"embeddable":true,"href":"https:\/\/ofm4x4.com\/pl\/wp-json\/wp\/v2\/comments?post=43687"}],"version-history":[{"count":1,"href":"https:\/\/ofm4x4.com\/pl\/wp-json\/wp\/v2\/product\/43687\/revisions"}],"predecessor-version":[{"id":43691,"href":"https:\/\/ofm4x4.com\/pl\/wp-json\/wp\/v2\/product\/43687\/revisions\/43691"}],"wp:featuredmedia":[{"embeddable":true,"href":"https:\/\/ofm4x4.com\/pl\/wp-json\/wp\/v2\/media\/43690"}],"wp:attachment":[{"href":"https:\/\/ofm4x4.com\/pl\/wp-json\/wp\/v2\/media?parent=43687"}],"wp:term":[{"taxonomy":"product_brand","embeddable":true,"href":"https:\/\/ofm4x4.com\/pl\/wp-json\/wp\/v2\/product_brand?post=43687"},{"taxonomy":"product_cat","embeddable":true,"href":"https:\/\/ofm4x4.com\/pl\/wp-json\/wp\/v2\/product_cat?post=43687"},{"taxonomy":"product_tag","embeddable":true,"href":"https:\/\/ofm4x4.com\/pl\/wp-json\/wp\/v2\/product_tag?post=43687"}],"curies":[{"name":"wp","href":"https:\/\/api.w.org\/{rel}","templated":true}]}}