{"id":43701,"date":"2020-10-07T09:20:21","date_gmt":"2020-10-07T09:20:21","guid":{"rendered":"https:\/\/ofm4x4.com\/shop\/bez-kategorii\/uniwersalna-plyta-do-wyciagarki-grizzly-9500-lbs-13000-lbs\/"},"modified":"2025-09-24T10:01:05","modified_gmt":"2025-09-24T10:01:05","slug":"uniwersalna-plyta-do-wyciagarki-grizzly-9500-lbs-13000-lbs","status":"publish","type":"product","link":"https:\/\/ofm4x4.com\/pl\/shop\/wciagarki-elektryczne\/czesci-wyciagarek\/uniwersalna-plyta-do-wyciagarki-grizzly-9500-lbs-13000-lbs\/","title":{"rendered":"Uniwersalna p\u0142yta do wyci\u0105garki Grizzly 9500 lbs &#8211; 13000 lbs"},"content":{"rendered":"<p>Uniwersalna p\u0142yta do wyci\u0105garki Grizzly 9500 lbs &#8211; 13000 lbs<\/p>\n","protected":false},"excerpt":{"rendered":"<p>Uniwersalna p\u0142yta do wyci\u0105garki Grizzly 9500 lbs &#8211; 13000 lbs<\/p>\n","protected":false},"featured_media":43702,"comment_status":"open","ping_status":"closed","template":"","meta":[],"product_brand":[],"product_cat":[4639],"product_tag":[5098,5099,4643,5097],"class_list":{"0":"post-43701","1":"product","2":"type-product","3":"status-publish","4":"has-post-thumbnail","6":"product_cat-czesci-wyciagarek","7":"product_tag-13000-funtow-2","8":"product_tag-9500-funtow","9":"product_tag-grizzly-winch-2","10":"product_tag-plyta-uniwersalna-2","11":"product_shipping_class-alte-produse-2","13":"first","14":"instock","15":"taxable","16":"shipping-taxable","17":"purchasable","18":"product-type-simple"},"_links":{"self":[{"href":"https:\/\/ofm4x4.com\/pl\/wp-json\/wp\/v2\/product\/43701","targetHints":{"allow":["GET"]}}],"collection":[{"href":"https:\/\/ofm4x4.com\/pl\/wp-json\/wp\/v2\/product"}],"about":[{"href":"https:\/\/ofm4x4.com\/pl\/wp-json\/wp\/v2\/types\/product"}],"replies":[{"embeddable":true,"href":"https:\/\/ofm4x4.com\/pl\/wp-json\/wp\/v2\/comments?post=43701"}],"version-history":[{"count":1,"href":"https:\/\/ofm4x4.com\/pl\/wp-json\/wp\/v2\/product\/43701\/revisions"}],"predecessor-version":[{"id":43703,"href":"https:\/\/ofm4x4.com\/pl\/wp-json\/wp\/v2\/product\/43701\/revisions\/43703"}],"wp:featuredmedia":[{"embeddable":true,"href":"https:\/\/ofm4x4.com\/pl\/wp-json\/wp\/v2\/media\/43702"}],"wp:attachment":[{"href":"https:\/\/ofm4x4.com\/pl\/wp-json\/wp\/v2\/media?parent=43701"}],"wp:term":[{"taxonomy":"product_brand","embeddable":true,"href":"https:\/\/ofm4x4.com\/pl\/wp-json\/wp\/v2\/product_brand?post=43701"},{"taxonomy":"product_cat","embeddable":true,"href":"https:\/\/ofm4x4.com\/pl\/wp-json\/wp\/v2\/product_cat?post=43701"},{"taxonomy":"product_tag","embeddable":true,"href":"https:\/\/ofm4x4.com\/pl\/wp-json\/wp\/v2\/product_tag?post=43701"}],"curies":[{"name":"wp","href":"https:\/\/api.w.org\/{rel}","templated":true}]}}