{"id":43707,"date":"2021-08-19T10:41:02","date_gmt":"2021-08-19T10:41:02","guid":{"rendered":"https:\/\/ofm4x4.com\/shop\/bez-kategorii\/czerwona-aluminiowa-rolka-do-wyciagarki-grizzly-25-cm\/"},"modified":"2025-09-24T10:01:14","modified_gmt":"2025-09-24T10:01:14","slug":"czerwona-aluminiowa-rolka-do-wyciagarki-grizzly-25-cm","status":"publish","type":"product","link":"https:\/\/ofm4x4.com\/pl\/shop\/wciagarki-elektryczne\/czesci-wyciagarek\/czerwona-aluminiowa-rolka-do-wyciagarki-grizzly-25-cm\/","title":{"rendered":"Czerwona aluminiowa rolka do wyci\u0105garki Grizzly 25 cm"},"content":{"rendered":"<p data-start=\"0\" data-end=\"70\">Owiewka \/ prowadnica wyci\u0105garki dla pojazd\u00f3w wyposa\u017conych wy\u0142\u0105cznie w lin\u0119 syntetyczn\u0105!<\/p>\n<ul data-start=\"72\" data-end=\"191\">\n<li data-start=\"72\" data-end=\"92\">Wykonane z aluminium<\/li>\n<li data-start=\"93\" data-end=\"137\">Zalecane dla wci\u0105garek 9000 lbs &#8211; 14000 lbs<\/li>\n<li data-start=\"138\" data-end=\"178\">Odleg\u0142o\u015b\u0107 mi\u0119dzy otworami monta\u017cowymi: 25 cm<\/li>\n<li data-start=\"179\" data-end=\"191\">Kolor: czerwony<\/li>\n<\/ul>\n<p data-start=\"193\" data-end=\"241\" data-is-last-node=\"\" data-is-only-node=\"\">Uwaga! Do u\u017cytku wy\u0142\u0105cznie z linami syntetycznymi! <\/p>\n","protected":false},"excerpt":{"rendered":"<p>Czerwona aluminiowa rolka do wyci\u0105garki Grizzly 25 cm<\/p>\n","protected":false},"featured_media":43708,"comment_status":"open","ping_status":"closed","template":"","meta":[],"product_brand":[],"product_cat":[4639],"product_tag":[],"class_list":{"0":"post-43707","1":"product","2":"type-product","3":"status-publish","4":"has-post-thumbnail","6":"product_cat-czesci-wyciagarek","7":"product_shipping_class-alte-produse-2","9":"first","10":"outofstock","11":"taxable","12":"shipping-taxable","13":"purchasable","14":"product-type-simple"},"_links":{"self":[{"href":"https:\/\/ofm4x4.com\/pl\/wp-json\/wp\/v2\/product\/43707","targetHints":{"allow":["GET"]}}],"collection":[{"href":"https:\/\/ofm4x4.com\/pl\/wp-json\/wp\/v2\/product"}],"about":[{"href":"https:\/\/ofm4x4.com\/pl\/wp-json\/wp\/v2\/types\/product"}],"replies":[{"embeddable":true,"href":"https:\/\/ofm4x4.com\/pl\/wp-json\/wp\/v2\/comments?post=43707"}],"version-history":[{"count":1,"href":"https:\/\/ofm4x4.com\/pl\/wp-json\/wp\/v2\/product\/43707\/revisions"}],"predecessor-version":[{"id":43710,"href":"https:\/\/ofm4x4.com\/pl\/wp-json\/wp\/v2\/product\/43707\/revisions\/43710"}],"wp:featuredmedia":[{"embeddable":true,"href":"https:\/\/ofm4x4.com\/pl\/wp-json\/wp\/v2\/media\/43708"}],"wp:attachment":[{"href":"https:\/\/ofm4x4.com\/pl\/wp-json\/wp\/v2\/media?parent=43707"}],"wp:term":[{"taxonomy":"product_brand","embeddable":true,"href":"https:\/\/ofm4x4.com\/pl\/wp-json\/wp\/v2\/product_brand?post=43707"},{"taxonomy":"product_cat","embeddable":true,"href":"https:\/\/ofm4x4.com\/pl\/wp-json\/wp\/v2\/product_cat?post=43707"},{"taxonomy":"product_tag","embeddable":true,"href":"https:\/\/ofm4x4.com\/pl\/wp-json\/wp\/v2\/product_tag?post=43707"}],"curies":[{"name":"wp","href":"https:\/\/api.w.org\/{rel}","templated":true}]}}