{"id":43712,"date":"2024-02-15T07:43:06","date_gmt":"2024-02-15T07:43:06","guid":{"rendered":"https:\/\/ofm4x4.com\/shop\/bez-kategorii\/ofm4x4-sprezarka-powietrza-160l\/"},"modified":"2025-10-06T11:15:28","modified_gmt":"2025-10-06T11:15:28","slug":"ofm4x4-sprezarka-powietrza-160l","status":"publish","type":"product","link":"https:\/\/ofm4x4.com\/pl\/shop\/mechanizm-roznicowy-z-blokada\/akcesoria\/ofm4x4-sprezarka-powietrza-160l\/","title":{"rendered":"OFM4X4 Spr\u0119\u017carka powietrza 160L"},"content":{"rendered":"<p data-start=\"26\" data-end=\"141\"><strong>OFM4X4 Spr\u0119\u017carka powietrza 160L<\/strong><\/p>\n<p data-start=\"26\" data-end=\"141\">Kompresor OFM jest zalecany do pompowania opon powy\u017cej 35 cali i zasilania uk\u0142adu ci\u015bnieniowego pojazdu.<\/p>\n<h3 data-start=\"143\" data-end=\"162\"><strong data-start=\"147\" data-end=\"160\">Cechy:<\/strong><\/h3>\n<ul data-start=\"163\" data-end=\"590\">\n<li data-start=\"163\" data-end=\"190\">Wydajno\u015b\u0107: <strong data-start=\"175\" data-end=\"188\">160 l\/min<\/strong><\/li>\n<li data-start=\"191\" data-end=\"216\">Zasilanie: <strong data-start=\"207\" data-end=\"214\">12V<\/strong><\/li>\n<li data-start=\"217\" data-end=\"247\">Pob\u00f3r mocy: <strong data-start=\"238\" data-end=\"245\">40A<\/strong><\/li>\n<li data-start=\"248\" data-end=\"323\">Maksymalne ci\u015bnienie: <strong data-start=\"268\" data-end=\"288\">150<\/strong> <strong data-start=\"302\" data-end=\"321\">PSI \/<\/strong> <strong data-start=\"268\" data-end=\"288\">10<\/strong> <strong data-start=\"302\" data-end=\"321\">bar<\/strong>, robocze <strong data-start=\"302\" data-end=\"321\">120 PSI \/ 8 bar<\/strong><\/li>\n<li data-start=\"324\" data-end=\"367\">Maksymalna temperatura pracy: <strong data-start=\"357\" data-end=\"365\">60\u00b0C<\/strong><\/li>\n<li data-start=\"368\" data-end=\"412\">Minimalna temperatura pracy: <strong data-start=\"401\" data-end=\"410\">-55\u00b0C<\/strong><\/li>\n<li data-start=\"413\" data-end=\"516\">Maksymalny czas pracy: <strong data-start=\"439\" data-end=\"514\">40 minut przy ci\u015bnieniu roboczym 40 PSI i temperaturze otoczenia 24\u00b0C<\/strong>.<\/li>\n<li data-start=\"517\" data-end=\"590\">Zalecany cykl pracy: <strong data-start=\"543\" data-end=\"588\">20 minut pracy \/ 30 minut odpoczynku<\/strong><\/li>\n<\/ul>\n<h3 data-start=\"592\" data-end=\"611\"><strong data-start=\"596\" data-end=\"609\">Zawiera:<\/strong><\/h3>\n<ul data-start=\"612\" data-end=\"823\">\n<li data-start=\"612\" data-end=\"660\">Spr\u0119\u017carka z wbudowanym filtrem wlotu powietrza<\/li>\n<li data-start=\"661\" data-end=\"719\">7-metrowy zwijany w\u0105\u017c powietrzny z szybkoz\u0142\u0105czk\u0105 i manometrem<\/li>\n<li data-start=\"720\" data-end=\"774\">2-metrowe kable po\u0142\u0105czeniowe akumulatora z nasadk\u0105 ochronn\u0105<\/li>\n<li data-start=\"775\" data-end=\"823\">Zaw\u00f3r bezpiecze\u0144stwa i zabezpieczenie przed przeci\u0105\u017ceniem<\/li>\n<\/ul>\n<h3 data-start=\"825\" data-end=\"846\"><strong data-start=\"829\" data-end=\"844\">Wymiary:<\/strong><\/h3>\n<ul data-start=\"847\" data-end=\"919\">\n<li data-start=\"847\" data-end=\"875\">Podstawa: <strong data-start=\"855\" data-end=\"873\">29,5 x 13,5 cm<\/strong><\/li>\n<li data-start=\"876\" data-end=\"897\">Wysoko\u015b\u0107: <strong data-start=\"886\" data-end=\"895\">24 cm<\/strong><\/li>\n<li data-start=\"898\" data-end=\"919\">D\u0142ugo\u015b\u0107: <strong data-start=\"908\" data-end=\"917\">32 cm<\/strong><\/li>\n<\/ul>\n<h3 data-start=\"921\" data-end=\"956\"><strong data-start=\"925\" data-end=\"954\">Specyfikacja techniczna:<\/strong><\/h3>\n<ul data-start=\"957\" data-end=\"1223\" data-is-only-node=\"\" data-is-last-node=\"\">\n<li data-start=\"957\" data-end=\"1008\"><strong data-start=\"959\" data-end=\"1006\">Zasilanie 12V DC, silnik z magnesem trwa\u0142ym<\/strong><\/li>\n<li data-start=\"1009\" data-end=\"1042\"><strong data-start=\"1011\" data-end=\"1040\">Maksymalne ci\u015bnienie: 120 PSI<\/strong><\/li>\n<li data-start=\"1043\" data-end=\"1070\"><strong data-start=\"1045\" data-end=\"1068\">Wydajno\u015b\u0107: 160 l\/min<\/strong><\/li>\n<li data-start=\"1071\" data-end=\"1141\"><strong data-start=\"1073\" data-end=\"1139\">Zalecany cykl pracy: 20 minut pracy \/ 30 minut odpoczynku<\/strong><\/li>\n<li data-start=\"1142\" data-end=\"1174\"><strong data-start=\"1144\" data-end=\"1172\">Pob\u00f3r pr\u0105du: 40A<\/strong><\/li>\n<li data-start=\"1175\" data-end=\"1223\" data-is-last-node=\"\"><strong data-start=\"1177\" data-end=\"1223\" data-is-last-node=\"\">Zakres temperatur pracy: od -55\u00b0C do 60\u00b0C<\/strong><\/li>\n<\/ul>\n","protected":false},"excerpt":{"rendered":"<p><strong>OFM4X4 Spr\u0119\u017carka powietrza 160L<\/strong><\/p>\n","protected":false},"featured_media":43714,"comment_status":"open","ping_status":"closed","template":"","meta":[],"product_brand":[],"product_cat":[4735,4573],"product_tag":[4675,5102],"class_list":{"0":"post-43712","1":"product","2":"type-product","3":"status-publish","4":"has-post-thumbnail","6":"product_cat-akcesoria","7":"product_cat-mechanizm-roznicowy-z-blokada","8":"product_tag-ofm4x4","9":"product_tag-sprezarka-powietrza-160l","10":"product_shipping_class-alte-produse-2","12":"first","13":"instock","14":"taxable","15":"shipping-taxable","16":"purchasable","17":"product-type-simple"},"_links":{"self":[{"href":"https:\/\/ofm4x4.com\/pl\/wp-json\/wp\/v2\/product\/43712","targetHints":{"allow":["GET"]}}],"collection":[{"href":"https:\/\/ofm4x4.com\/pl\/wp-json\/wp\/v2\/product"}],"about":[{"href":"https:\/\/ofm4x4.com\/pl\/wp-json\/wp\/v2\/types\/product"}],"replies":[{"embeddable":true,"href":"https:\/\/ofm4x4.com\/pl\/wp-json\/wp\/v2\/comments?post=43712"}],"version-history":[{"count":1,"href":"https:\/\/ofm4x4.com\/pl\/wp-json\/wp\/v2\/product\/43712\/revisions"}],"predecessor-version":[{"id":43720,"href":"https:\/\/ofm4x4.com\/pl\/wp-json\/wp\/v2\/product\/43712\/revisions\/43720"}],"wp:featuredmedia":[{"embeddable":true,"href":"https:\/\/ofm4x4.com\/pl\/wp-json\/wp\/v2\/media\/43714"}],"wp:attachment":[{"href":"https:\/\/ofm4x4.com\/pl\/wp-json\/wp\/v2\/media?parent=43712"}],"wp:term":[{"taxonomy":"product_brand","embeddable":true,"href":"https:\/\/ofm4x4.com\/pl\/wp-json\/wp\/v2\/product_brand?post=43712"},{"taxonomy":"product_cat","embeddable":true,"href":"https:\/\/ofm4x4.com\/pl\/wp-json\/wp\/v2\/product_cat?post=43712"},{"taxonomy":"product_tag","embeddable":true,"href":"https:\/\/ofm4x4.com\/pl\/wp-json\/wp\/v2\/product_tag?post=43712"}],"curies":[{"name":"wp","href":"https:\/\/api.w.org\/{rel}","templated":true}]}}