{"id":43724,"date":"2023-03-21T06:23:25","date_gmt":"2023-03-21T06:23:25","guid":{"rendered":"https:\/\/ofm4x4.com\/shop\/bez-kategorii\/uniwersalna-plyta-do-wyciagarki-grizzly-8500-lbs-2\/"},"modified":"2025-09-24T10:01:17","modified_gmt":"2025-09-24T10:01:17","slug":"uniwersalna-plyta-do-wyciagarki-grizzly-8500-lbs-2","status":"publish","type":"product","link":"https:\/\/ofm4x4.com\/pl\/shop\/wciagarki-elektryczne\/czesci-wyciagarek\/uniwersalna-plyta-do-wyciagarki-grizzly-8500-lbs-2\/","title":{"rendered":"Uniwersalna p\u0142yta do wyci\u0105garki Grizzly 8500 lbs"},"content":{"rendered":"<p>Uniwersalna p\u0142yta do wyci\u0105garki Grizzly 8500 lbs<\/p>\n","protected":false},"excerpt":{"rendered":"<p>Uniwersalna p\u0142yta do wyci\u0105garki Grizzly 8500 lbs<\/p>\n","protected":false},"featured_media":43726,"comment_status":"open","ping_status":"closed","template":"","meta":[],"product_brand":[],"product_cat":[4639],"product_tag":[5106,4643,5097],"class_list":{"0":"post-43724","1":"product","2":"type-product","3":"status-publish","4":"has-post-thumbnail","6":"product_cat-czesci-wyciagarek","7":"product_tag-8500-funtow-2","8":"product_tag-grizzly-winch-2","9":"product_tag-plyta-uniwersalna-2","10":"product_shipping_class-alte-produse-2","12":"first","13":"instock","14":"taxable","15":"shipping-taxable","16":"purchasable","17":"product-type-simple"},"_links":{"self":[{"href":"https:\/\/ofm4x4.com\/pl\/wp-json\/wp\/v2\/product\/43724","targetHints":{"allow":["GET"]}}],"collection":[{"href":"https:\/\/ofm4x4.com\/pl\/wp-json\/wp\/v2\/product"}],"about":[{"href":"https:\/\/ofm4x4.com\/pl\/wp-json\/wp\/v2\/types\/product"}],"replies":[{"embeddable":true,"href":"https:\/\/ofm4x4.com\/pl\/wp-json\/wp\/v2\/comments?post=43724"}],"version-history":[{"count":1,"href":"https:\/\/ofm4x4.com\/pl\/wp-json\/wp\/v2\/product\/43724\/revisions"}],"predecessor-version":[{"id":43727,"href":"https:\/\/ofm4x4.com\/pl\/wp-json\/wp\/v2\/product\/43724\/revisions\/43727"}],"wp:featuredmedia":[{"embeddable":true,"href":"https:\/\/ofm4x4.com\/pl\/wp-json\/wp\/v2\/media\/43726"}],"wp:attachment":[{"href":"https:\/\/ofm4x4.com\/pl\/wp-json\/wp\/v2\/media?parent=43724"}],"wp:term":[{"taxonomy":"product_brand","embeddable":true,"href":"https:\/\/ofm4x4.com\/pl\/wp-json\/wp\/v2\/product_brand?post=43724"},{"taxonomy":"product_cat","embeddable":true,"href":"https:\/\/ofm4x4.com\/pl\/wp-json\/wp\/v2\/product_cat?post=43724"},{"taxonomy":"product_tag","embeddable":true,"href":"https:\/\/ofm4x4.com\/pl\/wp-json\/wp\/v2\/product_tag?post=43724"}],"curies":[{"name":"wp","href":"https:\/\/api.w.org\/{rel}","templated":true}]}}