{"id":43744,"date":"2021-06-09T07:26:35","date_gmt":"2021-06-09T07:26:35","guid":{"rendered":"https:\/\/ofm4x4.com\/shop\/bez-kategorii\/ofm4x4-kompletny-zestaw-do-odzyskiwania-danych\/"},"modified":"2025-09-24T10:01:28","modified_gmt":"2025-09-24T10:01:28","slug":"ofm4x4-kompletny-zestaw-do-odzyskiwania-danych","status":"publish","type":"product","link":"https:\/\/ofm4x4.com\/pl\/shop\/odzyskiwanie\/ofm4x4-kompletny-zestaw-do-odzyskiwania-danych\/","title":{"rendered":"OFM4X4 Kompletny zestaw do odzyskiwania danych"},"content":{"rendered":"<p data-start=\"0\" data-end=\"34\"><strong data-start=\"0\" data-end=\"32\">OFM4x4 Kompletny zestaw do odzyskiwania danych<\/strong><\/p>\n<p data-start=\"36\" data-end=\"55\"><strong data-start=\"36\" data-end=\"53\">Zawarto\u015b\u0107 torby:<\/strong><\/p>\n<ul data-start=\"56\" data-end=\"262\">\n<li data-start=\"56\" data-end=\"81\"><strong data-start=\"58\" data-end=\"79\">Szekla 3,25 tony<\/strong><\/li>\n<li data-start=\"82\" data-end=\"107\"><strong data-start=\"84\" data-end=\"105\">Szekla 4,75 tony<\/strong><\/li>\n<li data-start=\"108\" data-end=\"129\"><strong data-start=\"110\" data-end=\"127\">Ko\u0142o pasowe 8 ton<\/strong><\/li>\n<li data-start=\"130\" data-end=\"180\"><strong data-start=\"132\" data-end=\"178\">Lina holownicza 9 m x 60 mm, maksymalne obci\u0105\u017cenie 8 ton<\/strong><\/li>\n<li data-start=\"181\" data-end=\"231\"><strong data-start=\"183\" data-end=\"229\">Ta\u015bma do drzew 3m x 75mm, maksymalne obci\u0105\u017cenie 12 ton<\/strong><\/li>\n<li data-start=\"232\" data-end=\"262\"><strong data-start=\"234\" data-end=\"260\">Ultra odporne r\u0119kawice<\/strong><\/li>\n<\/ul>\n<p data-start=\"264\" data-end=\"342\"><strong data-start=\"264\" data-end=\"278\">Uwaga:<\/strong> Nie nale\u017cy przekracza\u0107 maksymalnych limit\u00f3w obci\u0105\u017cenia dla komponent\u00f3w zestawu.<\/p>\n<p data-start=\"344\" data-end=\"396\" data-is-last-node=\"\">Wszystkie komponenty w torbie pochodz\u0105 od marki <strong>OFM4X4<\/strong>.<\/p>\n","protected":false},"excerpt":{"rendered":"<p><strong>OFM4X4<\/strong> Kompletny zestaw do odzyskiwania danych<\/p>\n","protected":false},"featured_media":33963,"comment_status":"open","ping_status":"closed","template":"","meta":[],"product_brand":[1279],"product_cat":[4674],"product_tag":[5117,4675],"class_list":{"0":"post-43744","1":"product","2":"type-product","3":"status-publish","4":"has-post-thumbnail","6":"product_brand-ofm4x4","7":"product_cat-odzyskiwanie","8":"product_tag-kompletny-zestaw-do-odzyskiwania-danych","9":"product_tag-ofm4x4","10":"product_shipping_class-alte-produse","12":"first","13":"instock","14":"taxable","15":"shipping-taxable","16":"purchasable","17":"product-type-simple"},"_links":{"self":[{"href":"https:\/\/ofm4x4.com\/pl\/wp-json\/wp\/v2\/product\/43744","targetHints":{"allow":["GET"]}}],"collection":[{"href":"https:\/\/ofm4x4.com\/pl\/wp-json\/wp\/v2\/product"}],"about":[{"href":"https:\/\/ofm4x4.com\/pl\/wp-json\/wp\/v2\/types\/product"}],"replies":[{"embeddable":true,"href":"https:\/\/ofm4x4.com\/pl\/wp-json\/wp\/v2\/comments?post=43744"}],"version-history":[{"count":1,"href":"https:\/\/ofm4x4.com\/pl\/wp-json\/wp\/v2\/product\/43744\/revisions"}],"predecessor-version":[{"id":43752,"href":"https:\/\/ofm4x4.com\/pl\/wp-json\/wp\/v2\/product\/43744\/revisions\/43752"}],"wp:featuredmedia":[{"embeddable":true,"href":"https:\/\/ofm4x4.com\/pl\/wp-json\/wp\/v2\/media\/33963"}],"wp:attachment":[{"href":"https:\/\/ofm4x4.com\/pl\/wp-json\/wp\/v2\/media?parent=43744"}],"wp:term":[{"taxonomy":"product_brand","embeddable":true,"href":"https:\/\/ofm4x4.com\/pl\/wp-json\/wp\/v2\/product_brand?post=43744"},{"taxonomy":"product_cat","embeddable":true,"href":"https:\/\/ofm4x4.com\/pl\/wp-json\/wp\/v2\/product_cat?post=43744"},{"taxonomy":"product_tag","embeddable":true,"href":"https:\/\/ofm4x4.com\/pl\/wp-json\/wp\/v2\/product_tag?post=43744"}],"curies":[{"name":"wp","href":"https:\/\/api.w.org\/{rel}","templated":true}]}}