{"id":43803,"date":"2021-05-28T08:53:54","date_gmt":"2021-05-28T08:53:54","guid":{"rendered":"https:\/\/ofm4x4.com\/shop\/bez-kategorii\/felga-stalowa-16x7-et-10-6x139-7-cb-67-1-off-road-do-pajero-v60-v80-v90\/"},"modified":"2025-09-24T10:01:40","modified_gmt":"2025-09-24T10:01:40","slug":"felga-stalowa-16x7-et-10-6x139-7-cb-67-1-off-road-do-pajero-v60-v80-v90","status":"publish","type":"product","link":"https:\/\/ofm4x4.com\/pl\/shop\/stalowe-felgi\/felga-stalowa-16x7-et-10-6x139-7-cb-67-1-off-road-do-pajero-v60-v80-v90\/","title":{"rendered":"Felga stalowa 16&#215;7 ET +10 6&#215;139.7 CB 67.1 Off-Road do Pajero V60 V80 V90"},"content":{"rendered":"<div id=\"\\\" ali-anchor-alimagic-6rxnu8=\"\" class=\"\\\" magic-0=\"\" data-section=\"\\\"AliMagic-6rxnu8\\\"\" data-section-title=\"\\\"Product\" data-spm-anchor-id=\"\\\"a2700.details.pronpeci14.i0.7ae070497Niwca\\\"\">\n<h3 data-start=\"0\" data-end=\"19\">Specyfikacje:<\/h3>\n<ul data-start=\"21\" data-end=\"221\">\n<li data-start=\"21\" data-end=\"42\"><strong data-start=\"23\" data-end=\"36\">\u015arednica:<\/strong> R16<\/li>\n<li data-start=\"43\" data-end=\"60\"><strong data-start=\"45\" data-end=\"55\">Szeroko\u015b\u0107:<\/strong> 7J<\/li>\n<li data-start=\"61\" data-end=\"85\"><strong data-start=\"63\" data-end=\"79\">ET (Offset):<\/strong> +10<\/li>\n<li data-start=\"86\" data-end=\"123\"><strong data-start=\"88\" data-end=\"111\">PCD (Bolt Pattern):<\/strong> 6 x 139.7<\/li>\n<li data-start=\"124\" data-end=\"168\"><strong data-start=\"126\" data-end=\"136\">Kolor:<\/strong> czarny z czerwonymi i niebieskimi liniami<\/li>\n<li data-start=\"169\" data-end=\"199\"><strong data-start=\"171\" data-end=\"192\">CB (Center Bore):<\/strong> 67.1<\/li>\n<li data-start=\"200\" data-end=\"221\"><strong data-start=\"202\" data-end=\"212\">Model:<\/strong> OFM019<\/li>\n<\/ul>\n<p data-start=\"223\" data-end=\"378\">\u26a0\ufe0f Ko\u0142a te <strong data-start=\"243\" data-end=\"259\">nie s\u0105 zatwierdzone<\/strong> do u\u017cytku na drogach publicznych i <strong data-start=\"288\" data-end=\"321\">nie posiadaj\u0105 certyfikatu RAR<\/strong>.<br data-start=\"322\" data-end=\"325\">S\u0105 one przeznaczone wy\u0142\u0105cznie do <strong data-start=\"359\" data-end=\"375\">u\u017cytku w terenie<\/strong>.<\/p>\n<ul data-start=\"380\" data-end=\"662\" data-is-last-node=\"\" data-is-only-node=\"\">\n<li data-start=\"380\" data-end=\"468\">Produkt jest <strong data-start=\"397\" data-end=\"435\">malowany elektrostatycznie na czarno<\/strong>, co zwi\u0119ksza odporno\u015b\u0107 na zarysowania.<\/li>\n<li data-start=\"469\" data-end=\"662\" data-is-last-node=\"\"><strong data-start=\"475\" data-end=\"507\">Stopka ma ujemny bark<\/strong>, dzi\u0119ki czemu ko\u0142o jest bardziej wysuni\u0119te na zewn\u0105trz wzgl\u0119dem piasty, co poprawia stabilno\u015b\u0107 pojazdu i zapewnia wi\u0119kszy prze\u015bwit dla <strong data-start=\"633\" data-end=\"661\">ponadwymiarowych opon terenowych<\/strong>.<\/li>\n<\/ul>\n<\/div>\n","protected":false},"excerpt":{"rendered":"<p data-start=\"0\" data-end=\"77\"><strong data-start=\"0\" data-end=\"75\">Felga stalowa 16X7 ET +10 6X139.7 CB 67.1 OFF-ROAD do Pajero V60 V80 V90<\/strong><\/p>\n<p data-start=\"79\" data-end=\"180\">\u26a0\ufe0f Ko\u0142a te <strong data-start=\"99\" data-end=\"115\">nie s\u0105 zatwierdzone<\/strong> do u\u017cytku na drogach publicznych i <strong data-start=\"144\" data-end=\"177\">nie posiadaj\u0105 certyfikatu RAR<\/strong>.<\/p>\n<p data-start=\"182\" data-end=\"233\" data-is-last-node=\"\" data-is-only-node=\"\">S\u0105 one przeznaczone wy\u0142\u0105cznie do <strong data-start=\"216\" data-end=\"232\">u\u017cytku w terenie<\/strong>.<\/p>\n","protected":false},"featured_media":43815,"comment_status":"open","ping_status":"closed","template":"","meta":[],"product_brand":[1279],"product_cat":[4627],"product_tag":[4731,5126,4630],"class_list":{"0":"post-43803","1":"product","2":"type-product","3":"status-publish","4":"has-post-thumbnail","6":"product_brand-ofm4x4","7":"product_cat-stalowe-felgi","8":"product_tag-16x7","9":"product_tag-et-10-6x139-7-cb-67-1","10":"product_tag-steel-wheel","11":"product_shipping_class-alte-produse","13":"first","14":"instock","15":"taxable","16":"shipping-taxable","17":"purchasable","18":"product-type-simple"},"_links":{"self":[{"href":"https:\/\/ofm4x4.com\/pl\/wp-json\/wp\/v2\/product\/43803","targetHints":{"allow":["GET"]}}],"collection":[{"href":"https:\/\/ofm4x4.com\/pl\/wp-json\/wp\/v2\/product"}],"about":[{"href":"https:\/\/ofm4x4.com\/pl\/wp-json\/wp\/v2\/types\/product"}],"replies":[{"embeddable":true,"href":"https:\/\/ofm4x4.com\/pl\/wp-json\/wp\/v2\/comments?post=43803"}],"version-history":[{"count":1,"href":"https:\/\/ofm4x4.com\/pl\/wp-json\/wp\/v2\/product\/43803\/revisions"}],"predecessor-version":[{"id":43816,"href":"https:\/\/ofm4x4.com\/pl\/wp-json\/wp\/v2\/product\/43803\/revisions\/43816"}],"wp:featuredmedia":[{"embeddable":true,"href":"https:\/\/ofm4x4.com\/pl\/wp-json\/wp\/v2\/media\/43815"}],"wp:attachment":[{"href":"https:\/\/ofm4x4.com\/pl\/wp-json\/wp\/v2\/media?parent=43803"}],"wp:term":[{"taxonomy":"product_brand","embeddable":true,"href":"https:\/\/ofm4x4.com\/pl\/wp-json\/wp\/v2\/product_brand?post=43803"},{"taxonomy":"product_cat","embeddable":true,"href":"https:\/\/ofm4x4.com\/pl\/wp-json\/wp\/v2\/product_cat?post=43803"},{"taxonomy":"product_tag","embeddable":true,"href":"https:\/\/ofm4x4.com\/pl\/wp-json\/wp\/v2\/product_tag?post=43803"}],"curies":[{"name":"wp","href":"https:\/\/api.w.org\/{rel}","templated":true}]}}