{"id":43895,"date":"2020-10-29T08:10:15","date_gmt":"2020-10-29T08:10:15","guid":{"rendered":"https:\/\/ofm4x4.com\/shop\/bez-kategorii\/felga-stalowa-16x8-et-25-5x165-1-cb-113-off-road-do-land-rovera\/"},"modified":"2025-09-24T10:01:55","modified_gmt":"2025-09-24T10:01:55","slug":"felga-stalowa-16x8-et-25-5x165-1-cb-113-off-road-do-land-rovera","status":"publish","type":"product","link":"https:\/\/ofm4x4.com\/pl\/shop\/stalowe-felgi\/felga-stalowa-16x8-et-25-5x165-1-cb-113-off-road-do-land-rovera\/","title":{"rendered":"Felga stalowa 16X8 ET-25 5X165.1 CB 113 OFF-ROAD do Land Rovera"},"content":{"rendered":"<div id=\"\\\" ali-anchor-alimagic-6rxnu8=\"\" class=\"\\\" magic-0=\"\" data-section=\"\\\"AliMagic-6rxnu8\\\"\" data-section-title=\"\\\"Product\" data-spm-anchor-id=\"\\\"a2700.details.pronpeci14.i0.7ae070497Niwca\\\"\">\n<p data-start=\"0\" data-end=\"19\"><strong data-start=\"0\" data-end=\"19\">Specyfikacje:<\/strong><\/p>\n<ul data-start=\"21\" data-end=\"180\">\n<li data-start=\"21\" data-end=\"42\"><strong data-start=\"23\" data-end=\"35\">\u015arednica<\/strong>: R16<\/li>\n<li data-start=\"43\" data-end=\"60\"><strong data-start=\"45\" data-end=\"54\">Szeroko\u015b\u0107<\/strong>: 8J<\/li>\n<li data-start=\"61\" data-end=\"76\"><strong data-start=\"63\" data-end=\"69\">ET<\/strong>: -25<\/li>\n<li data-start=\"77\" data-end=\"99\"><strong data-start=\"79\" data-end=\"86\">PCD<\/strong>: 5 x 165,1<\/li>\n<li data-start=\"100\" data-end=\"144\"><strong data-start=\"102\" data-end=\"111\">Kolor<\/strong>: czarny z czerwonymi i niebieskimi liniami<\/li>\n<li data-start=\"145\" data-end=\"160\"><strong data-start=\"147\" data-end=\"153\">CB<\/strong>: 113<\/li>\n<li data-start=\"161\" data-end=\"180\"><strong data-start=\"163\" data-end=\"172\">Model<\/strong>: OFM011<\/li>\n<\/ul>\n<p data-start=\"182\" data-end=\"278\">\u26a0\ufe0f Ko\u0142a te <strong data-start=\"199\" data-end=\"215\">nie s\u0105 zatwierdzone<\/strong> do u\u017cytku na drogach publicznych i <strong data-start=\"244\" data-end=\"277\">nie posiadaj\u0105 certyfikatu RAR<\/strong>.<\/p>\n<p data-start=\"280\" data-end=\"331\">S\u0105 one przeznaczone <strong data-start=\"298\" data-end=\"330\">wy\u0142\u0105cznie do u\u017cytku w terenie<\/strong>.<\/p>\n<ul data-start=\"333\" data-end=\"593\" data-is-last-node=\"\" data-is-only-node=\"\">\n<li data-start=\"333\" data-end=\"428\">Produkt jest <strong data-start=\"350\" data-end=\"385\">malowany elektrostatycznie na czarno<\/strong>, co zwi\u0119ksza jego odporno\u015b\u0107 na zarysowania.<\/li>\n<li data-start=\"429\" data-end=\"593\" data-is-last-node=\"\">Konstrukcja obr\u0119czy z <strong data-start=\"435\" data-end=\"456\">ujemnymi kraw\u0119dziami<\/strong> wystaje na zewn\u0105trz od piasty, poprawiaj\u0105c stabilno\u015b\u0107 pojazdu i zapewniaj\u0105c wi\u0119cej miejsca na ponadwymiarowe opony terenowe.<\/li>\n<\/ul>\n<\/div>\n","protected":false},"excerpt":{"rendered":"<p data-start=\"0\" data-end=\"65\"><strong data-start=\"0\" data-end=\"65\">Felga stalowa 16X8 ET-25 5X165.1 CB 113 OFF ROAD do Land Rovera<\/strong><\/p>\n<p data-start=\"67\" data-end=\"163\">\u26a0\ufe0f Ko\u0142a te <strong data-start=\"84\" data-end=\"100\">nie s\u0105 zatwierdzone<\/strong> do u\u017cytku na drogach publicznych i <strong data-start=\"129\" data-end=\"162\">nie posiadaj\u0105 certyfikatu RAR<\/strong>.<\/p>\n<p data-start=\"165\" data-end=\"216\" data-is-last-node=\"\" data-is-only-node=\"\">S\u0105 one przeznaczone <strong data-start=\"183\" data-end=\"215\">wy\u0142\u0105cznie do u\u017cytku w terenie<\/strong>.<\/p>\n","protected":false},"featured_media":43903,"comment_status":"open","ping_status":"closed","template":"","meta":[],"product_brand":[1279],"product_cat":[4627],"product_tag":[4628,5138,4630],"class_list":{"0":"post-43895","1":"product","2":"type-product","3":"status-publish","4":"has-post-thumbnail","6":"product_brand-ofm4x4","7":"product_cat-stalowe-felgi","8":"product_tag-16x8","9":"product_tag-et-25-5x165-1-cb-113","10":"product_tag-steel-wheel","11":"product_shipping_class-alte-produse","13":"first","14":"instock","15":"taxable","16":"shipping-taxable","17":"purchasable","18":"product-type-simple"},"_links":{"self":[{"href":"https:\/\/ofm4x4.com\/pl\/wp-json\/wp\/v2\/product\/43895","targetHints":{"allow":["GET"]}}],"collection":[{"href":"https:\/\/ofm4x4.com\/pl\/wp-json\/wp\/v2\/product"}],"about":[{"href":"https:\/\/ofm4x4.com\/pl\/wp-json\/wp\/v2\/types\/product"}],"replies":[{"embeddable":true,"href":"https:\/\/ofm4x4.com\/pl\/wp-json\/wp\/v2\/comments?post=43895"}],"version-history":[{"count":1,"href":"https:\/\/ofm4x4.com\/pl\/wp-json\/wp\/v2\/product\/43895\/revisions"}],"predecessor-version":[{"id":43904,"href":"https:\/\/ofm4x4.com\/pl\/wp-json\/wp\/v2\/product\/43895\/revisions\/43904"}],"wp:featuredmedia":[{"embeddable":true,"href":"https:\/\/ofm4x4.com\/pl\/wp-json\/wp\/v2\/media\/43903"}],"wp:attachment":[{"href":"https:\/\/ofm4x4.com\/pl\/wp-json\/wp\/v2\/media?parent=43895"}],"wp:term":[{"taxonomy":"product_brand","embeddable":true,"href":"https:\/\/ofm4x4.com\/pl\/wp-json\/wp\/v2\/product_brand?post=43895"},{"taxonomy":"product_cat","embeddable":true,"href":"https:\/\/ofm4x4.com\/pl\/wp-json\/wp\/v2\/product_cat?post=43895"},{"taxonomy":"product_tag","embeddable":true,"href":"https:\/\/ofm4x4.com\/pl\/wp-json\/wp\/v2\/product_tag?post=43895"}],"curies":[{"name":"wp","href":"https:\/\/api.w.org\/{rel}","templated":true}]}}