{"id":43897,"date":"2020-10-05T08:15:26","date_gmt":"2020-10-05T08:15:26","guid":{"rendered":"https:\/\/ofm4x4.com\/shop\/bez-kategorii\/wyciagarka-grizzly-electric-8500-lbs-1501-z-lina-syntetyczna\/"},"modified":"2025-09-24T10:01:55","modified_gmt":"2025-09-24T10:01:55","slug":"wyciagarka-grizzly-electric-8500-lbs-1501-z-lina-syntetyczna","status":"publish","type":"product","link":"https:\/\/ofm4x4.com\/pl\/shop\/wciagarki-elektryczne\/wyciagarka-grizzly-electric-8500-lbs-1501-z-lina-syntetyczna\/","title":{"rendered":"Wyci\u0105garka Grizzly Electric 8500 lbs 150:1 z lin\u0105 syntetyczn\u0105"},"content":{"rendered":"<p><strong>Wci\u0105garka elektryczna Grizzly 8500 lbs (3855 kg) z lin\u0105 syntetyczn\u0105<\/strong><\/p>\n<ul>\n<li><strong data-start=\"0\" data-end=\"20\" data-is-only-node=\"\">Zdolno\u015b\u0107 holownicza:<\/strong> 8 500 funt\u00f3w (3 855 kg)<\/li>\n<li><strong data-start=\"44\" data-end=\"53\">Lina:<\/strong> syntetyczna, 18 m x \u00d8 8 mm<\/li>\n<li><strong data-start=\"81\" data-end=\"100\">Modu\u0142 steruj\u0105cy:<\/strong> Pozycja sta\u0142a (centralna)<\/li>\n<li><strong data-start=\"128\" data-end=\"138\">Silnik:<\/strong> 5,2 KM (3,9 kW)<\/li>\n<li><strong data-start=\"157\" data-end=\"169\">Napi\u0119cie:<\/strong> 12 V<\/li>\n<li><strong data-start=\"176\" data-end=\"193\">Skrzynia bieg\u00f3w:<\/strong> 3-stopniowa przek\u0142adnia planetarna<\/li>\n<li><strong data-start=\"219\" data-end=\"234\">Prze\u0142o\u017cenie:<\/strong> 150:1<\/li>\n<li><strong data-start=\"243\" data-end=\"254\">Sprz\u0119g\u0142o:<\/strong> r\u0119czne w\u0142\u0105czanie\/wy\u0142\u0105czanie<\/li>\n<li><strong data-start=\"281\" data-end=\"291\">Hamulec:<\/strong> Automatyczny<\/li>\n<li><strong data-start=\"304\" data-end=\"317\">Prowadnica:<\/strong> Aluminium Hawse<\/li>\n<li><strong data-start=\"335\" data-end=\"354\">Pilot zdalnego sterowania:<\/strong> Przewodowy i bezprzewodowy<\/li>\n<li><strong data-start=\"376\" data-end=\"397\">Wymiary wyci\u0105garki:<\/strong> 435 mm x 162 mm x 185 mm<\/li>\n<li><strong data-start=\"425\" data-end=\"442\">Waga wci\u0105garki:<\/strong> 23 kg<\/li>\n<li><strong data-start=\"451\" data-end=\"477\">Rozstaw \u015brub monta\u017cowych:<\/strong> 165 mm x 114,3 mm<\/li>\n<li><strong data-start=\"498\" data-end=\"520\">Maksymalne obci\u0105\u017cenie liny:<\/strong> 3 630 kg<\/li>\n<\/ul>\n","protected":false},"excerpt":{"rendered":"<p><strong>Wci\u0105garka elektryczna Grizzly 8500 lbs (3855 kg) z lin\u0105 syntetyczn\u0105<\/strong><\/p>\n","protected":false},"featured_media":34056,"comment_status":"open","ping_status":"closed","template":"","meta":[],"product_brand":[1308],"product_cat":[4710],"product_tag":[4881,4599,4600,4711],"class_list":{"0":"post-43897","1":"product","2":"type-product","3":"status-publish","4":"has-post-thumbnail","6":"product_brand-grizzly-winch","7":"product_cat-wciagarki-elektryczne","8":"product_tag-8500-funtow","9":"product_tag-electric-winch","10":"product_tag-grizzly-winch","11":"product_tag-lina-syntetyczna","12":"product_shipping_class-alte-produse","14":"first","15":"outofstock","16":"taxable","17":"shipping-taxable","18":"purchasable","19":"product-type-simple"},"_links":{"self":[{"href":"https:\/\/ofm4x4.com\/pl\/wp-json\/wp\/v2\/product\/43897","targetHints":{"allow":["GET"]}}],"collection":[{"href":"https:\/\/ofm4x4.com\/pl\/wp-json\/wp\/v2\/product"}],"about":[{"href":"https:\/\/ofm4x4.com\/pl\/wp-json\/wp\/v2\/types\/product"}],"replies":[{"embeddable":true,"href":"https:\/\/ofm4x4.com\/pl\/wp-json\/wp\/v2\/comments?post=43897"}],"version-history":[{"count":1,"href":"https:\/\/ofm4x4.com\/pl\/wp-json\/wp\/v2\/product\/43897\/revisions"}],"predecessor-version":[{"id":43944,"href":"https:\/\/ofm4x4.com\/pl\/wp-json\/wp\/v2\/product\/43897\/revisions\/43944"}],"wp:featuredmedia":[{"embeddable":true,"href":"https:\/\/ofm4x4.com\/pl\/wp-json\/wp\/v2\/media\/34056"}],"wp:attachment":[{"href":"https:\/\/ofm4x4.com\/pl\/wp-json\/wp\/v2\/media?parent=43897"}],"wp:term":[{"taxonomy":"product_brand","embeddable":true,"href":"https:\/\/ofm4x4.com\/pl\/wp-json\/wp\/v2\/product_brand?post=43897"},{"taxonomy":"product_cat","embeddable":true,"href":"https:\/\/ofm4x4.com\/pl\/wp-json\/wp\/v2\/product_cat?post=43897"},{"taxonomy":"product_tag","embeddable":true,"href":"https:\/\/ofm4x4.com\/pl\/wp-json\/wp\/v2\/product_tag?post=43897"}],"curies":[{"name":"wp","href":"https:\/\/api.w.org\/{rel}","templated":true}]}}