{"id":44032,"date":"2020-10-07T10:22:07","date_gmt":"2020-10-07T10:22:07","guid":{"rendered":"https:\/\/ofm4x4.com\/shop\/bez-kategorii\/waz-powietrza-6-m-z-szybkozlaczem-do-sprezarki-tre\/"},"modified":"2025-09-24T10:01:58","modified_gmt":"2025-09-24T10:01:58","slug":"waz-powietrza-6-m-z-szybkozlaczem-do-sprezarki-tre","status":"publish","type":"product","link":"https:\/\/ofm4x4.com\/pl\/shop\/mechanizm-roznicowy-z-blokada\/akcesoria\/waz-powietrza-6-m-z-szybkozlaczem-do-sprezarki-tre\/","title":{"rendered":"W\u0105\u017c powietrza 6 m z szybkoz\u0142\u0105czem do spr\u0119\u017carki TRE"},"content":{"rendered":"<p data-start=\"0\" data-end=\"133\"><strong data-start=\"0\" data-end=\"131\">W\u0105\u017c powietrzny z szybkoz\u0142\u0105czk\u0105 do wysokowydajnej spr\u0119\u017carki powietrza TRE 12V i pistoletu do pompowania i spuszczania powietrza TRE AIR MAX z cyfrowym wska\u017anikiem<\/strong><\/p>\n<ul data-start=\"135\" data-end=\"187\" data-is-last-node=\"\" data-is-only-node=\"\">\n<li data-start=\"135\" data-end=\"150\">\u0141atwy w u\u017cyciu<\/li>\n<li data-start=\"151\" data-end=\"170\">Szybkoz\u0142\u0105cza<\/li>\n<li data-start=\"171\" data-end=\"187\" data-is-last-node=\"\">D\u0142ugo\u015b\u0107: <strong data-start=\"181\" data-end=\"187\" data-is-last-node=\"\">6 m<\/strong><\/li>\n<\/ul>\n","protected":false},"excerpt":{"rendered":"<p>W\u0105\u017c powietrza 6 m z szybkoz\u0142\u0105czem do spr\u0119\u017carki TRE<\/p>\n","protected":false},"featured_media":44034,"comment_status":"open","ping_status":"closed","template":"","meta":[],"product_brand":[1233],"product_cat":[4735],"product_tag":[5142,5141,5140],"class_list":{"0":"post-44032","1":"product","2":"type-product","3":"status-publish","4":"has-post-thumbnail","6":"product_brand-tre-4x4","7":"product_cat-akcesoria","8":"product_tag-kompresor-tre","9":"product_tag-szybkozlacza","10":"product_tag-waz-powietrza-6-m","11":"product_shipping_class-alte-produse","13":"first","14":"outofstock","15":"taxable","16":"shipping-taxable","17":"purchasable","18":"product-type-simple"},"_links":{"self":[{"href":"https:\/\/ofm4x4.com\/pl\/wp-json\/wp\/v2\/product\/44032","targetHints":{"allow":["GET"]}}],"collection":[{"href":"https:\/\/ofm4x4.com\/pl\/wp-json\/wp\/v2\/product"}],"about":[{"href":"https:\/\/ofm4x4.com\/pl\/wp-json\/wp\/v2\/types\/product"}],"replies":[{"embeddable":true,"href":"https:\/\/ofm4x4.com\/pl\/wp-json\/wp\/v2\/comments?post=44032"}],"version-history":[{"count":1,"href":"https:\/\/ofm4x4.com\/pl\/wp-json\/wp\/v2\/product\/44032\/revisions"}],"predecessor-version":[{"id":44035,"href":"https:\/\/ofm4x4.com\/pl\/wp-json\/wp\/v2\/product\/44032\/revisions\/44035"}],"wp:featuredmedia":[{"embeddable":true,"href":"https:\/\/ofm4x4.com\/pl\/wp-json\/wp\/v2\/media\/44034"}],"wp:attachment":[{"href":"https:\/\/ofm4x4.com\/pl\/wp-json\/wp\/v2\/media?parent=44032"}],"wp:term":[{"taxonomy":"product_brand","embeddable":true,"href":"https:\/\/ofm4x4.com\/pl\/wp-json\/wp\/v2\/product_brand?post=44032"},{"taxonomy":"product_cat","embeddable":true,"href":"https:\/\/ofm4x4.com\/pl\/wp-json\/wp\/v2\/product_cat?post=44032"},{"taxonomy":"product_tag","embeddable":true,"href":"https:\/\/ofm4x4.com\/pl\/wp-json\/wp\/v2\/product_tag?post=44032"}],"curies":[{"name":"wp","href":"https:\/\/api.w.org\/{rel}","templated":true}]}}