{"id":44036,"date":"2020-06-12T07:08:09","date_gmt":"2020-06-12T07:08:09","guid":{"rendered":"https:\/\/ofm4x4.com\/shop\/bez-kategorii\/wciagarka-grizzly-electric-13-000-lbs-1501-z-lina-stalowa\/"},"modified":"2025-09-24T10:02:07","modified_gmt":"2025-09-24T10:02:07","slug":"wciagarka-grizzly-electric-13-000-lbs-1501-z-lina-stalowa","status":"publish","type":"product","link":"https:\/\/ofm4x4.com\/pl\/shop\/wciagarki-elektryczne\/wciagarka-grizzly-electric-13-000-lbs-1501-z-lina-stalowa\/","title":{"rendered":"Wci\u0105garka Grizzly Electric 13.000 lbs 150:1 z lin\u0105 stalow\u0105"},"content":{"rendered":"<p><strong data-start=\"0\" data-end=\"66\">Wci\u0105garka elektryczna 13 000 funt\u00f3w 150:1 Wci\u0105garka Grizzly z lin\u0105 stalow\u0105<\/strong><\/p>\n<ul>\n<li><strong data-start=\"0\" data-end=\"20\" data-is-only-node=\"\">Zdolno\u015b\u0107 holowania:<\/strong> 13 000 funt\u00f3w [5 897 kg]<\/li>\n<li><strong data-start=\"45\" data-end=\"55\">Kabel:<\/strong> Stalowy, 25 m x \u00d8 9,5 mm<\/li>\n<li><strong data-start=\"81\" data-end=\"100\">Modu\u0142 steruj\u0105cy:<\/strong> Pozycja sta\u0142a [centralna]<\/li>\n<li><strong data-start=\"128\" data-end=\"138\">Silnik:<\/strong> 6,5 KM [4,5 kW]<\/li>\n<li><strong data-start=\"157\" data-end=\"169\">Napi\u0119cie:<\/strong> 12 V<\/li>\n<li><strong data-start=\"176\" data-end=\"192\">System przek\u0142adni:<\/strong> Trzystopniowa przek\u0142adnia planetarna<\/li>\n<li><strong data-start=\"217\" data-end=\"232\">Prze\u0142o\u017cenie:<\/strong> 150:1<\/li>\n<li><strong data-start=\"241\" data-end=\"252\">Sprz\u0119g\u0142o:<\/strong> R\u0119czne w\u0142\u0105czanie\/wy\u0142\u0105czanie<\/li>\n<li><strong data-start=\"279\" data-end=\"289\">Hamulec:<\/strong> Automatyczny<\/li>\n<li><strong data-start=\"302\" data-end=\"315\">Prowadnica:<\/strong> Rolki stalowe<\/li>\n<li><strong data-start=\"332\" data-end=\"351\">Pilot zdalnego sterowania:<\/strong> Przewodowy i bezprzewodowy<\/li>\n<li><strong data-start=\"373\" data-end=\"394\">Wymiary wci\u0105garki:<\/strong> 546 mm x 160 mm x 218 mm<\/li>\n<li><strong data-start=\"422\" data-end=\"439\">Waga wci\u0105garki:<\/strong> 38 kg<\/li>\n<li><strong data-start=\"448\" data-end=\"474\">Rozstaw \u015brub monta\u017cowych:<\/strong> 254 mm x 114,3 mm<\/li>\n<li><strong data-start=\"495\" data-end=\"518\">Maksymalne obci\u0105\u017cenie kabla:<\/strong> 5 897 kg<\/li>\n<\/ul>\n","protected":false},"excerpt":{"rendered":"<p><strong data-start=\"0\" data-end=\"66\">Wci\u0105garka elektryczna 13 000 funt\u00f3w 150:1 Wci\u0105garka Grizzly z lin\u0105 stalow\u0105<\/strong><\/p>\n","protected":false},"featured_media":34082,"comment_status":"open","ping_status":"closed","template":"","meta":[],"product_brand":[1308],"product_cat":[4710],"product_tag":[4597,4712,4599,4600,4601],"class_list":{"0":"post-44036","1":"product","2":"type-product","3":"status-publish","4":"has-post-thumbnail","6":"product_brand-grizzly-winch","7":"product_cat-wciagarki-elektryczne","8":"product_tag-13-000-lbs","9":"product_tag-4712","10":"product_tag-electric-winch","11":"product_tag-grizzly-winch","12":"product_tag-steel-cable","13":"product_shipping_class-alte-produse","15":"first","16":"outofstock","17":"taxable","18":"shipping-taxable","19":"purchasable","20":"product-type-simple"},"_links":{"self":[{"href":"https:\/\/ofm4x4.com\/pl\/wp-json\/wp\/v2\/product\/44036","targetHints":{"allow":["GET"]}}],"collection":[{"href":"https:\/\/ofm4x4.com\/pl\/wp-json\/wp\/v2\/product"}],"about":[{"href":"https:\/\/ofm4x4.com\/pl\/wp-json\/wp\/v2\/types\/product"}],"replies":[{"embeddable":true,"href":"https:\/\/ofm4x4.com\/pl\/wp-json\/wp\/v2\/comments?post=44036"}],"version-history":[{"count":1,"href":"https:\/\/ofm4x4.com\/pl\/wp-json\/wp\/v2\/product\/44036\/revisions"}],"predecessor-version":[{"id":44075,"href":"https:\/\/ofm4x4.com\/pl\/wp-json\/wp\/v2\/product\/44036\/revisions\/44075"}],"wp:featuredmedia":[{"embeddable":true,"href":"https:\/\/ofm4x4.com\/pl\/wp-json\/wp\/v2\/media\/34082"}],"wp:attachment":[{"href":"https:\/\/ofm4x4.com\/pl\/wp-json\/wp\/v2\/media?parent=44036"}],"wp:term":[{"taxonomy":"product_brand","embeddable":true,"href":"https:\/\/ofm4x4.com\/pl\/wp-json\/wp\/v2\/product_brand?post=44036"},{"taxonomy":"product_cat","embeddable":true,"href":"https:\/\/ofm4x4.com\/pl\/wp-json\/wp\/v2\/product_cat?post=44036"},{"taxonomy":"product_tag","embeddable":true,"href":"https:\/\/ofm4x4.com\/pl\/wp-json\/wp\/v2\/product_tag?post=44036"}],"curies":[{"name":"wp","href":"https:\/\/api.w.org\/{rel}","templated":true}]}}