{"id":44076,"date":"2020-06-05T11:05:52","date_gmt":"2020-06-05T11:05:52","guid":{"rendered":"https:\/\/ofm4x4.com\/shop\/bez-kategorii\/felga-stalowa-16x8-et-35-6x139-7-cb-110-z-blokada-do-nissan-patrol-mitsubishi-pajero\/"},"modified":"2025-09-24T10:02:08","modified_gmt":"2025-09-24T10:02:08","slug":"felga-stalowa-16x8-et-35-6x139-7-cb-110-z-blokada-do-nissan-patrol-mitsubishi-pajero","status":"publish","type":"product","link":"https:\/\/ofm4x4.com\/pl\/shop\/stalowe-felgi\/felga-stalowa-16x8-et-35-6x139-7-cb-110-z-blokada-do-nissan-patrol-mitsubishi-pajero\/","title":{"rendered":"Felga stalowa 16&#215;8 ET -35 6&#215;139.7 CB 110 z blokad\u0105 do Nissan Patrol, Mitsubishi Pajero"},"content":{"rendered":"<div id=\"\\\" ali-anchor-alimagic-6rxnu8=\"\" class=\"\\\" magic-0=\"\" data-section=\"\\\"AliMagic-6rxnu8\\\"\" data-section-title=\"\\\"Product\" data-spm-anchor-id=\"\\\"a2700.details.pronpeci14.i0.7ae070497Niwca\\\"\">\n<p data-start=\"0\" data-end=\"21\"><strong data-start=\"0\" data-end=\"19\">Specyfikacje:<\/strong><\/p>\n<ul data-start=\"23\" data-end=\"198\">\n<li data-start=\"23\" data-end=\"44\"><strong data-start=\"25\" data-end=\"38\">\u015arednica:<\/strong> R16<\/li>\n<li data-start=\"45\" data-end=\"62\"><strong data-start=\"47\" data-end=\"57\">Szeroko\u015b\u0107:<\/strong> 8J<\/li>\n<li data-start=\"63\" data-end=\"87\"><strong data-start=\"65\" data-end=\"81\">ET (Offset):<\/strong> -35<\/li>\n<li data-start=\"88\" data-end=\"125\"><strong data-start=\"90\" data-end=\"113\">PCD (Bolt Pattern):<\/strong> 6 x 139.7<\/li>\n<li data-start=\"126\" data-end=\"146\" data-is-only-node=\"\"><strong data-start=\"128\" data-end=\"138\">Kolor:<\/strong> czarny<\/li>\n<li data-start=\"147\" data-end=\"176\"><strong data-start=\"149\" data-end=\"170\">CB (Center Bore):<\/strong> 110<\/li>\n<li data-start=\"177\" data-end=\"198\"><strong data-start=\"179\" data-end=\"189\">Model:<\/strong> OFMBD8<\/li>\n<\/ul>\n<p data-start=\"200\" data-end=\"297\">\u26a0\ufe0f <strong data-start=\"203\" data-end=\"295\">Ko\u0142a te nie s\u0105 zatwierdzone do u\u017cytku na drogach publicznych i nie posiadaj\u0105 certyfikatu RAR.<\/strong><\/p>\n<p data-start=\"299\" data-end=\"352\">S\u0105 one przeznaczone wy\u0142\u0105cznie do <strong data-start=\"333\" data-end=\"349\">u\u017cytku w terenie<\/strong>.<\/p>\n<ul data-start=\"354\" data-end=\"799\" data-is-only-node=\"\" data-is-last-node=\"\">\n<li data-start=\"354\" data-end=\"501\"><strong data-start=\"356\" data-end=\"411\">Felgi stalowe z tr\u00f3jk\u0105tnymi wyci\u0119ciami w stylu beadlock<\/strong>, o <strong data-start=\"425\" data-end=\"445\">\u015brednicy 16 cali<\/strong> i <strong data-start=\"450\" data-end=\"466\" data-is-only-node=\"\">szeroko\u015bci 8 cali<\/strong>, przeznaczone do pojazd\u00f3w terenowych.<\/li>\n<li data-start=\"502\" data-end=\"597\">Produkt jest <strong data-start=\"519\" data-end=\"554\">malowany elektrostatycznie na czarno<\/strong>, co zwi\u0119ksza jego odporno\u015b\u0107 na zarysowania.<\/li>\n<li data-start=\"598\" data-end=\"799\" data-is-last-node=\"\">Obr\u0119cz ma <strong data-start=\"619\" data-end=\"640\">ujemny rant<\/strong>, dzi\u0119ki czemu ko\u0142o jest bardziej wysuni\u0119te na zewn\u0105trz wzgl\u0119dem piasty, co zwi\u0119ksza <strong data-start=\"724\" data-end=\"737\">stabilno\u015b\u0107<\/strong> pojazdu i zapewnia <strong data-start=\"751\" data-end=\"798\">wi\u0119kszy prze\u015bwit dla ponadwymiarowych opon terenowych<\/strong>.<\/li>\n<\/ul>\n<\/div>\n","protected":false},"excerpt":{"rendered":"<p data-start=\"0\" data-end=\"95\"><strong data-start=\"0\" data-end=\"93\">Felga stalowa 16X8 ET -35 6X139.7 CB 110 z blokad\u0105 do Nissan Patrol, Mitsubishi Pajero<\/strong><\/p>\n<p data-start=\"97\" data-end=\"194\">\u26a0\ufe0f <strong data-start=\"100\" data-end=\"192\">Ko\u0142a te nie s\u0105 zatwierdzone do u\u017cytku na drogach publicznych i nie posiadaj\u0105 certyfikatu RAR.<\/strong><\/p>\n<p data-start=\"196\" data-end=\"247\" data-is-last-node=\"\" data-is-only-node=\"\">S\u0105 one przeznaczone wy\u0142\u0105cznie do <strong data-start=\"230\" data-end=\"246\">u\u017cytku w terenie<\/strong>.<\/p>\n","protected":false},"featured_media":44092,"comment_status":"open","ping_status":"closed","template":"","meta":[],"product_brand":[1279],"product_cat":[4627],"product_tag":[4628,4717,4948,4630],"class_list":{"0":"post-44076","1":"product","2":"type-product","3":"status-publish","4":"has-post-thumbnail","6":"product_brand-ofm4x4","7":"product_cat-stalowe-felgi","8":"product_tag-16x8","9":"product_tag-beadlock","10":"product_tag-et-35-6x139-7-cb-110","11":"product_tag-steel-wheel","12":"product_shipping_class-alte-produse","14":"first","15":"instock","16":"taxable","17":"shipping-taxable","18":"purchasable","19":"product-type-simple"},"_links":{"self":[{"href":"https:\/\/ofm4x4.com\/pl\/wp-json\/wp\/v2\/product\/44076","targetHints":{"allow":["GET"]}}],"collection":[{"href":"https:\/\/ofm4x4.com\/pl\/wp-json\/wp\/v2\/product"}],"about":[{"href":"https:\/\/ofm4x4.com\/pl\/wp-json\/wp\/v2\/types\/product"}],"replies":[{"embeddable":true,"href":"https:\/\/ofm4x4.com\/pl\/wp-json\/wp\/v2\/comments?post=44076"}],"version-history":[{"count":1,"href":"https:\/\/ofm4x4.com\/pl\/wp-json\/wp\/v2\/product\/44076\/revisions"}],"predecessor-version":[{"id":44120,"href":"https:\/\/ofm4x4.com\/pl\/wp-json\/wp\/v2\/product\/44076\/revisions\/44120"}],"wp:featuredmedia":[{"embeddable":true,"href":"https:\/\/ofm4x4.com\/pl\/wp-json\/wp\/v2\/media\/44092"}],"wp:attachment":[{"href":"https:\/\/ofm4x4.com\/pl\/wp-json\/wp\/v2\/media?parent=44076"}],"wp:term":[{"taxonomy":"product_brand","embeddable":true,"href":"https:\/\/ofm4x4.com\/pl\/wp-json\/wp\/v2\/product_brand?post=44076"},{"taxonomy":"product_cat","embeddable":true,"href":"https:\/\/ofm4x4.com\/pl\/wp-json\/wp\/v2\/product_cat?post=44076"},{"taxonomy":"product_tag","embeddable":true,"href":"https:\/\/ofm4x4.com\/pl\/wp-json\/wp\/v2\/product_tag?post=44076"}],"curies":[{"name":"wp","href":"https:\/\/api.w.org\/{rel}","templated":true}]}}