{"id":44221,"date":"2022-08-25T14:23:53","date_gmt":"2022-08-25T14:23:53","guid":{"rendered":"https:\/\/ofm4x4.com\/shop\/bez-kategorii\/blokowany-mechanizm-roznicowy-tre-4x4-tylna-os-tr134-nissan-patrol\/"},"modified":"2025-09-24T10:02:22","modified_gmt":"2025-09-24T10:02:22","slug":"blokowany-mechanizm-roznicowy-tre-4x4-tylna-os-tr134-nissan-patrol","status":"publish","type":"product","link":"https:\/\/ofm4x4.com\/pl\/shop\/mechanizm-roznicowy-z-blokada\/blokowany-mechanizm-roznicowy-tre-4x4-tylna-os-tr134-nissan-patrol\/","title":{"rendered":"Blokowany mechanizm r\u00f3\u017cnicowy TRE 4&#215;4 tylna o\u015b TR134 Nissan Patrol"},"content":{"rendered":"<h3 data-start=\"0\" data-end=\"25\"><strong data-start=\"4\" data-end=\"25\">12-miesi\u0119czna gwarancja<\/strong><\/h3>\n<p data-start=\"27\" data-end=\"108\">Kompatybilno\u015b\u0107 mo\u017cna sprawdzi\u0107 w <strong data-start=\"45\" data-end=\"87\">katalogu blokowanych mechanizm\u00f3w r\u00f3\u017cnicowych TRE 4&#215;4<\/strong>.<\/p>\n<p data-start=\"110\" data-end=\"132\"><strong data-start=\"110\" data-end=\"130\">Kompatybilny z:<\/strong><\/p>\n<ul data-start=\"133\" data-end=\"178\">\n<li data-start=\"133\" data-end=\"178\"><strong data-start=\"135\" data-end=\"164\">Nissan Patrol K160 &#8211; K260<\/strong> (1979-1988)<\/li>\n<\/ul>\n<p data-start=\"180\" data-end=\"274\">Do obs\u0142ugi blokowanego mechanizmu r\u00f3\u017cnicowego potrzebna b\u0119dzie r\u00f3wnie\u017c <strong data-start=\"241\" data-end=\"271\">spr\u0119\u017carka powietrza TRE 4&#215;4 12V<\/strong>.<\/p>\n<ul data-start=\"276\" data-end=\"337\">\n<li data-start=\"276\" data-end=\"294\"><strong data-start=\"278\" data-end=\"292\">31 wypust\u00f3w<\/strong><\/li>\n<li data-start=\"295\" data-end=\"312\"><strong data-start=\"297\" data-end=\"310\">O\u015b H223<\/strong><\/li>\n<li data-start=\"313\" data-end=\"337\"><strong data-start=\"315\" data-end=\"335\">Prze\u0142o\u017cenia: wszystkie<\/strong><\/li>\n<\/ul>\n<p data-start=\"339\" data-end=\"456\">Aby zapewni\u0107 prawid\u0142owy monta\u017c i unikn\u0105\u0107 uszkodze\u0144, zalecamy zlecenie monta\u017cu cz\u0119\u015bci <strong data-start=\"426\" data-end=\"453\">wyspecjalizowanemu serwisowi 4&#215;4<\/strong>.<\/p>\n<ul data-start=\"458\" data-end=\"1024\">\n<li data-start=\"458\" data-end=\"489\"><strong data-start=\"460\" data-end=\"487\">100% przyczepno\u015bci na \u017c\u0105danie<\/strong><\/li>\n<li data-start=\"490\" data-end=\"531\">Wsp\u00f3\u0142pracuje z <strong data-start=\"507\" data-end=\"529\">kompresorem TRE 4&#215;4<\/strong><\/li>\n<li data-start=\"532\" data-end=\"569\"><strong data-start=\"534\" data-end=\"567\">Lepsza przyczepno\u015b\u0107<\/strong><\/li>\n<li data-start=\"570\" data-end=\"693\"><strong data-start=\"572\" data-end=\"607\">Prosta i wygodna obs\u0142uga<\/strong>, pozwalaj\u0105ca u\u017cytkownikowi skupi\u0107 si\u0119 na terenie przy jednoczesnym zachowaniu <strong data-start=\"669\" data-end=\"691\">komfortu i bezpiecze\u0144stwa<\/strong>.<\/li>\n<li data-start=\"694\" data-end=\"774\"><strong data-start=\"696\" data-end=\"734\">Wyj\u0105tkowo trwa\u0142y i wydajny<\/strong>, wykonany z <strong data-start=\"746\" data-end=\"772\">wysokiej jako\u015bci materia\u0142\u00f3w<\/strong><\/li>\n<li data-start=\"775\" data-end=\"855\"><strong data-start=\"777\" data-end=\"819\">Niezwykle prosta i wydajna konstrukcja<\/strong>, zapewniaj\u0105ca <strong data-start=\"830\" data-end=\"853\">maksymaln\u0105 niezawodno\u015b\u0107<\/strong><\/li>\n<li data-start=\"856\" data-end=\"933\"><strong data-start=\"858\" data-end=\"886\">Sprawdzona i przetestowana konstrukcja<\/strong>, niezawodna w <strong data-start=\"900\" data-end=\"931\">ponad 80 krajach na ca\u0142ym \u015bwiecie<\/strong><\/li>\n<li data-start=\"934\" data-end=\"1024\">Dost\u0119pne z <strong data-start=\"949\" data-end=\"990\">przednim i tylnym blokowanym mechanizmem r\u00f3\u017cnicowym<\/strong> dla wi\u0119kszo\u015bci <strong data-start=\"1000\" data-end=\"1022\">modeli 4WD i 2WD<\/strong>.<\/li>\n<\/ul>\n","protected":false},"excerpt":{"rendered":"<p><strong>TR134<\/strong> Nissan Patrol<\/p>\n<p>Tylna o\u015b TRE 4&#215;4 z blokad\u0105 mechanizmu r\u00f3\u017cnicowego<\/p>\n","protected":false},"featured_media":33877,"comment_status":"open","ping_status":"closed","template":"","meta":[],"product_brand":[1233],"product_cat":[4573],"product_tag":[4575,4865,4585,5155,4577],"class_list":{"0":"post-44221","1":"product","2":"type-product","3":"status-publish","4":"has-post-thumbnail","6":"product_brand-tre-4x4","7":"product_cat-mechanizm-roznicowy-z-blokada","8":"product_tag-lockable-differential","9":"product_tag-nissan-patrol","10":"product_tag-rear-axle","11":"product_tag-tr134","12":"product_tag-tre-4x4","13":"product_shipping_class-alte-produse","15":"first","16":"instock","17":"taxable","18":"shipping-taxable","19":"purchasable","20":"product-type-simple"},"_links":{"self":[{"href":"https:\/\/ofm4x4.com\/pl\/wp-json\/wp\/v2\/product\/44221","targetHints":{"allow":["GET"]}}],"collection":[{"href":"https:\/\/ofm4x4.com\/pl\/wp-json\/wp\/v2\/product"}],"about":[{"href":"https:\/\/ofm4x4.com\/pl\/wp-json\/wp\/v2\/types\/product"}],"replies":[{"embeddable":true,"href":"https:\/\/ofm4x4.com\/pl\/wp-json\/wp\/v2\/comments?post=44221"}],"version-history":[{"count":1,"href":"https:\/\/ofm4x4.com\/pl\/wp-json\/wp\/v2\/product\/44221\/revisions"}],"predecessor-version":[{"id":44223,"href":"https:\/\/ofm4x4.com\/pl\/wp-json\/wp\/v2\/product\/44221\/revisions\/44223"}],"wp:featuredmedia":[{"embeddable":true,"href":"https:\/\/ofm4x4.com\/pl\/wp-json\/wp\/v2\/media\/33877"}],"wp:attachment":[{"href":"https:\/\/ofm4x4.com\/pl\/wp-json\/wp\/v2\/media?parent=44221"}],"wp:term":[{"taxonomy":"product_brand","embeddable":true,"href":"https:\/\/ofm4x4.com\/pl\/wp-json\/wp\/v2\/product_brand?post=44221"},{"taxonomy":"product_cat","embeddable":true,"href":"https:\/\/ofm4x4.com\/pl\/wp-json\/wp\/v2\/product_cat?post=44221"},{"taxonomy":"product_tag","embeddable":true,"href":"https:\/\/ofm4x4.com\/pl\/wp-json\/wp\/v2\/product_tag?post=44221"}],"curies":[{"name":"wp","href":"https:\/\/api.w.org\/{rel}","templated":true}]}}